{"id":723949,"date":"2025-08-27T19:27:29","date_gmt":"2025-08-27T16:27:29","guid":{"rendered":"https:\/\/roveyayinevi.com.tr\/index.php\/urun\/kayip-piramit-sayilarin-izinde\/"},"modified":"2026-04-16T02:31:52","modified_gmt":"2026-04-15T23:31:52","slug":"kayip-piramit-sayilarin-izinde","status":"publish","type":"product","link":"https:\/\/roveyayinevi.com.tr\/index.php\/urun\/kayip-piramit-sayilarin-izinde\/","title":{"rendered":"Kay\u0131p Piramit &#8211; Say\u0131lar\u0131n \u0130zinde"},"content":{"rendered":"<p>4500 y\u0131l \u00f6nce in\u015fa edildi\u011fi d\u00fc\u015f\u00fcn\u00fclen piramitler, tarih boyunca insanl\u0131\u011f\u0131n hayranl\u0131kla izledi\u011fi mimari yap\u0131lar\u0131n ba\u015f\u0131nda gelmi\u015ftir. Her kademesinde kullan\u0131lan m\u00fchendislikle bug\u00fcn dahi nas\u0131l yap\u0131ld\u0131\u011f\u0131na dair gizemini korumakt\u0131r.Bilim tarihi profes\u00f6r\u00fc Tahir Baturay, M\u0131s\u0131r piramitlerinin s\u0131rlar\u0131n\u0131 \u00e7\u00f6zmek i\u00e7in y\u0131llard\u0131r \u00e7abalamaktad\u0131r. Ancak b\u00fct\u00fcn denemelerine ra\u011fmen \u00f6nemli denebilecek bir mesafe katedememi\u015ftir. Son seyahatinde ona \u00e2deta say\u0131lar\u0131n kokusunu alarak \u015fifreleri \u00e7\u00f6zen Cenk Demirbilek e\u015flik etmektedir.Onlarla birlikte yolculuk ederken sen de kadim M\u0131s\u0131r tarihi hakk\u0131nda bilgiler edinecek, matemati\u011fin hi\u00e7 duymad\u0131\u011f\u0131n d\u00fcnyas\u0131na ad\u0131m atacaks\u0131n.Say\u0131lar\u0131n izinde gizemli bir yolculuk seni bekliyor.- Kitap matemati\u011fi sevmedi\u011fi i\u00e7in mesafeli duran gen\u00e7 okurlar\u0131n \u00f6n yarg\u0131lar\u0131n\u0131 k\u0131rmak amac\u0131yla haz\u0131rlanm\u0131\u015f, hik\u00e2yesi buna g\u00f6re kurgulanm\u0131\u015ft\u0131r.<\/p>\n","protected":false},"excerpt":{"rendered":"<p>4500 y\u0131l \u00f6nce in\u015fa edildi\u011fi d\u00fc\u015f\u00fcn\u00fclen piramitler, tarih boyunca insanl\u0131\u011f\u0131n hayranl\u0131kla izledi\u011fi mimari yap\u0131lar\u0131n ba\u015f\u0131nda gelmi\u015ftir. Her kademesinde kullan\u0131lan m\u00fchendislikle bug\u00fcn dahi nas\u0131l yap\u0131ld\u0131\u011f\u0131na dair gizemini<span class=\"excerpt-hellip\"> [\u2026]<\/span><\/p>\n","protected":false},"featured_media":0,"template":"","meta":{"_monsterinsights_skip_tracking":false,"_monsterinsights_sitenote_active":false,"_monsterinsights_sitenote_note":"","_monsterinsights_sitenote_category":0},"product_brand":[],"product_cat":[12275,12274],"product_tag":[],"class_list":{"0":"post-723949","1":"product","2":"type-product","3":"status-publish","5":"product_cat-6-12-yas-kitaplari","6":"product_cat-cocuk-ve-genclik-kitaplari","7":"pa_cilt-ciltsiz","8":"pa_tur-kitap","9":"pa_yayinevi-acayip-kitaplar","10":"pa_yazar-ahmet-baki-yerli","12":"first","13":"instock","14":"sale","15":"shipping-taxable","16":"purchasable","17":"product-type-simple"},"_links":{"self":[{"href":"https:\/\/roveyayinevi.com.tr\/index.php\/wp-json\/wp\/v2\/product\/723949","targetHints":{"allow":["GET"]}}],"collection":[{"href":"https:\/\/roveyayinevi.com.tr\/index.php\/wp-json\/wp\/v2\/product"}],"about":[{"href":"https:\/\/roveyayinevi.com.tr\/index.php\/wp-json\/wp\/v2\/types\/product"}],"wp:attachment":[{"href":"https:\/\/roveyayinevi.com.tr\/index.php\/wp-json\/wp\/v2\/media?parent=723949"}],"wp:term":[{"taxonomy":"product_brand","embeddable":true,"href":"https:\/\/roveyayinevi.com.tr\/index.php\/wp-json\/wp\/v2\/product_brand?post=723949"},{"taxonomy":"product_cat","embeddable":true,"href":"https:\/\/roveyayinevi.com.tr\/index.php\/wp-json\/wp\/v2\/product_cat?post=723949"},{"taxonomy":"product_tag","embeddable":true,"href":"https:\/\/roveyayinevi.com.tr\/index.php\/wp-json\/wp\/v2\/product_tag?post=723949"}],"curies":[{"name":"wp","href":"https:\/\/api.w.org\/{rel}","templated":true}]}}