{"id":723948,"date":"2025-08-27T19:27:28","date_gmt":"2025-08-27T16:27:28","guid":{"rendered":"https:\/\/roveyayinevi.com.tr\/index.php\/urun\/sosyojin-kayip-kahramanlar\/"},"modified":"2025-11-13T05:56:50","modified_gmt":"2025-11-13T02:56:50","slug":"sosyojin-kayip-kahramanlar","status":"publish","type":"product","link":"https:\/\/roveyayinevi.com.tr\/index.php\/urun\/sosyojin-kayip-kahramanlar\/","title":{"rendered":"Sosyojin &#8211; Kay\u0131p Kahramanlar"},"content":{"rendered":"<p>Her \u015fey Duru ve Cengizhan\u2019\u0131n, Sosyojin\u2019in \u201cSihirli bir d\u00fcnyan\u0131n kap\u0131lar\u0131n\u0131 a\u00e7maya ne dersiniz?\u201d sorusuna verdikleri \u201cEvet\u201d cevab\u0131 ile ba\u015flad\u0131. \u00c7evrelerini saran reng\u00e2renk \u0131\u015f\u0131klar da\u011f\u0131lmaya ba\u015flad\u0131\u011f\u0131nda g\u00fcn\u00fcm\u00fczden y\u00fczlerce y\u0131l \u00f6ncesindeydiler art\u0131k.Anadolu\u2019dan Mezopotamya\u2019ya uzanan heyecan dolu yolculuklar\u0131nda kahramanlar\u0131m\u0131z\u0131n rehberleri sihirli bir kutu ve kalemdi. Maceralar\u0131n\u0131 tamamlayabilmek i\u00e7in gerekli olan \u015fifreleri \u00e7\u00f6zmeli, bunun i\u00e7inse g\u00f6rd\u00fckleri ve \u00f6\u011frendikleri her \u015feyi hat\u0131rlayarak sorulara do\u011fru cevap vermeleri gerekiyordu.Sen de zamanda yolculuk yap\u0131p Duru ve Cengizhan\u2019la birlikte \u015fifreleri \u00e7\u00f6zmek istiyorsan durma! Kapa\u011f\u0131 aralayarak kat\u0131l aram\u0131za.Her b\u00f6l\u00fcm\u00fcn sonundaki testler ile okurlar\u0131n olaylar\u0131daha dikkatli okumas\u0131 ve e\u011flenerek okumaya devam etmesi sa\u011flamaktad\u0131r.<\/p>\n","protected":false},"excerpt":{"rendered":"<p>Her \u015fey Duru ve Cengizhan\u2019\u0131n, Sosyojin\u2019in \u201cSihirli bir d\u00fcnyan\u0131n kap\u0131lar\u0131n\u0131 a\u00e7maya ne dersiniz?\u201d sorusuna verdikleri \u201cEvet\u201d cevab\u0131 ile ba\u015flad\u0131. \u00c7evrelerini saran reng\u00e2renk \u0131\u015f\u0131klar da\u011f\u0131lmaya ba\u015flad\u0131\u011f\u0131nda g\u00fcn\u00fcm\u00fczden<span class=\"excerpt-hellip\"> [\u2026]<\/span><\/p>\n","protected":false},"featured_media":0,"template":"","meta":{"_monsterinsights_skip_tracking":false,"_monsterinsights_sitenote_active":false,"_monsterinsights_sitenote_note":"","_monsterinsights_sitenote_category":0},"product_brand":[],"product_cat":[12275,12274],"product_tag":[],"class_list":{"0":"post-723948","1":"product","2":"type-product","3":"status-publish","5":"product_cat-6-12-yas-kitaplari","6":"product_cat-cocuk-ve-genclik-kitaplari","7":"pa_cilt-ciltsiz","8":"pa_tur-kitap","9":"pa_yayinevi-acayip-kitaplar","10":"pa_yazar-emine-serap-akyuz-cengiz-kilinc","12":"first","13":"instock","14":"sale","15":"shipping-taxable","16":"purchasable","17":"product-type-simple"},"_links":{"self":[{"href":"https:\/\/roveyayinevi.com.tr\/index.php\/wp-json\/wp\/v2\/product\/723948","targetHints":{"allow":["GET"]}}],"collection":[{"href":"https:\/\/roveyayinevi.com.tr\/index.php\/wp-json\/wp\/v2\/product"}],"about":[{"href":"https:\/\/roveyayinevi.com.tr\/index.php\/wp-json\/wp\/v2\/types\/product"}],"wp:attachment":[{"href":"https:\/\/roveyayinevi.com.tr\/index.php\/wp-json\/wp\/v2\/media?parent=723948"}],"wp:term":[{"taxonomy":"product_brand","embeddable":true,"href":"https:\/\/roveyayinevi.com.tr\/index.php\/wp-json\/wp\/v2\/product_brand?post=723948"},{"taxonomy":"product_cat","embeddable":true,"href":"https:\/\/roveyayinevi.com.tr\/index.php\/wp-json\/wp\/v2\/product_cat?post=723948"},{"taxonomy":"product_tag","embeddable":true,"href":"https:\/\/roveyayinevi.com.tr\/index.php\/wp-json\/wp\/v2\/product_tag?post=723948"}],"curies":[{"name":"wp","href":"https:\/\/api.w.org\/{rel}","templated":true}]}}