{"id":723946,"date":"2025-08-27T19:27:26","date_gmt":"2025-08-27T16:27:26","guid":{"rendered":"https:\/\/roveyayinevi.com.tr\/index.php\/urun\/mimar-sinanin-hazinesi-korkusuz-kasifler-ciltli\/"},"modified":"2026-04-16T02:31:52","modified_gmt":"2026-04-15T23:31:52","slug":"mimar-sinanin-hazinesi-korkusuz-kasifler-ciltli","status":"publish","type":"product","link":"https:\/\/roveyayinevi.com.tr\/index.php\/urun\/mimar-sinanin-hazinesi-korkusuz-kasifler-ciltli\/","title":{"rendered":"Mimar Sinan\u2019\u0131n Hazinesi &#8211; Korkusuz Ka\u015fifler (Ciltli)"},"content":{"rendered":"<p>Yapt\u0131\u011f\u0131 eserlerle g\u00fcn\u00fcm\u00fczde bile insanlar\u0131 kendine hayran b\u0131rakan Mimar Sinan\u2019a ait tarih tan\u0131\u011f\u0131 nesneyi bulmak i\u00e7in yola \u00e7\u0131kan Korkusuz K\u00e2\u015fifleri b\u00fcy\u00fck s\u00fcrprizler beklemektedir.Operasyon merkezinden ba\u015flayan yolculuklar\u0131 Tekirda\u011f\u2019dan Edirne\u2019ye, Edirne\u2019den K\u0131rklareli\u2019ne kadar uzan\u0131rken k\u00e2\u015fiflerin onlarca tarih\u00ee eser aras\u0131nda ya\u015fad\u0131klar\u0131 s\u00fcr\u00fckleyici maceralar\u0131 soluk solu\u011fa okuyacaks\u0131n.K\u00e2\u015fiflerle birlikte sen de korkusuzca tarihe tan\u0131k olmak ve heyecan dolu maceraya kat\u0131lmak istiyorsan haydi durma, kitab\u0131n kapa\u011f\u0131n\u0131 arala\u2026<\/p>\n","protected":false},"excerpt":{"rendered":"<p>Yapt\u0131\u011f\u0131 eserlerle g\u00fcn\u00fcm\u00fczde bile insanlar\u0131 kendine hayran b\u0131rakan Mimar Sinan\u2019a ait tarih tan\u0131\u011f\u0131 nesneyi bulmak i\u00e7in yola \u00e7\u0131kan Korkusuz K\u00e2\u015fifleri b\u00fcy\u00fck s\u00fcrprizler beklemektedir.Operasyon merkezinden ba\u015flayan yolculuklar\u0131<span class=\"excerpt-hellip\"> [\u2026]<\/span><\/p>\n","protected":false},"featured_media":0,"template":"","meta":{"_monsterinsights_skip_tracking":false,"_monsterinsights_sitenote_active":false,"_monsterinsights_sitenote_note":"","_monsterinsights_sitenote_category":0},"product_brand":[],"product_cat":[12291,12711],"product_tag":[],"class_list":{"0":"post-723946","1":"product","2":"type-product","3":"status-publish","5":"product_cat-edebiyat","6":"product_cat-roman-oyku","7":"pa_cilt-ciltli","8":"pa_tur-kitap","9":"pa_yayinevi-acayip-kitaplar","10":"pa_yazar-yigit-recep-efe","12":"first","13":"instock","14":"sale","15":"shipping-taxable","16":"purchasable","17":"product-type-simple"},"_links":{"self":[{"href":"https:\/\/roveyayinevi.com.tr\/index.php\/wp-json\/wp\/v2\/product\/723946","targetHints":{"allow":["GET"]}}],"collection":[{"href":"https:\/\/roveyayinevi.com.tr\/index.php\/wp-json\/wp\/v2\/product"}],"about":[{"href":"https:\/\/roveyayinevi.com.tr\/index.php\/wp-json\/wp\/v2\/types\/product"}],"wp:attachment":[{"href":"https:\/\/roveyayinevi.com.tr\/index.php\/wp-json\/wp\/v2\/media?parent=723946"}],"wp:term":[{"taxonomy":"product_brand","embeddable":true,"href":"https:\/\/roveyayinevi.com.tr\/index.php\/wp-json\/wp\/v2\/product_brand?post=723946"},{"taxonomy":"product_cat","embeddable":true,"href":"https:\/\/roveyayinevi.com.tr\/index.php\/wp-json\/wp\/v2\/product_cat?post=723946"},{"taxonomy":"product_tag","embeddable":true,"href":"https:\/\/roveyayinevi.com.tr\/index.php\/wp-json\/wp\/v2\/product_tag?post=723946"}],"curies":[{"name":"wp","href":"https:\/\/api.w.org\/{rel}","templated":true}]}}