{"id":723944,"date":"2025-08-27T19:27:25","date_gmt":"2025-08-27T16:27:25","guid":{"rendered":"https:\/\/roveyayinevi.com.tr\/index.php\/urun\/halid-bin-velid-kumandan-10\/"},"modified":"2026-04-16T02:31:52","modified_gmt":"2026-04-15T23:31:52","slug":"halid-bin-velid-kumandan-10","status":"publish","type":"product","link":"https:\/\/roveyayinevi.com.tr\/index.php\/urun\/halid-bin-velid-kumandan-10\/","title":{"rendered":"Halid Bin Velid &#8211; Kumandan 10"},"content":{"rendered":"<p>Arap co\u011frafyas\u0131ndaki cehalet insanlar\u0131 insanl\u0131\u011f\u0131ndan utand\u0131racak noktaya gelmi\u015ftir. Her t\u00fcrl\u00fc zul\u00fcm ve i\u015fkence g\u00fcndelik hayat\u0131n bir par\u00e7as\u0131 olmu\u015ftur. Merhamet ve adalet, k\u0131z \u00e7ocuklar\u0131yla birlikte topra\u011fa g\u00f6m\u00fclen birer kelimeden ibarettir art\u0131k.T\u00fcm bu karanl\u0131\u011f\u0131n ortas\u0131nda bir \u0131\u015f\u0131k parlam\u0131\u015f ve kavurucu \u00e7\u00f6l s\u0131caklar\u0131na ra\u011fmen bir umut ye\u015fermi\u015ftir mazlumlar\u0131n y\u00fcre\u011finde. \u0130slam\u2019\u0131n ferahlatan merhamet ve adalet \u00e7a\u011fr\u0131s\u0131 yank\u0131lanmaktad\u0131r k\u0131zg\u0131n kumlar\u0131n \u00fcst\u00fcnde. Cesur sava\u015f\u00e7\u0131 Halid de cevap vermi\u015ftir bu \u00e7a\u011fr\u0131ya ve ku\u015fan\u0131p z\u0131rhlar\u0131n\u0131, inmi\u015ftir er meydan\u0131na.Girdi\u011fi t\u00fcm sava\u015flar\u0131 kazanmas\u0131na, \u0130slam sanca\u011f\u0131n\u0131 \u015fehir \u015fehir, \u00fclke \u00fclke ta\u015f\u0131mas\u0131na tan\u0131k olman i\u00e7in Halid Bin Velid seni bekliyor.<\/p>\n","protected":false},"excerpt":{"rendered":"<p>Arap co\u011frafyas\u0131ndaki cehalet insanlar\u0131 insanl\u0131\u011f\u0131ndan utand\u0131racak noktaya gelmi\u015ftir. Her t\u00fcrl\u00fc zul\u00fcm ve i\u015fkence g\u00fcndelik hayat\u0131n bir par\u00e7as\u0131 olmu\u015ftur. Merhamet ve adalet, k\u0131z \u00e7ocuklar\u0131yla birlikte topra\u011fa g\u00f6m\u00fclen<span class=\"excerpt-hellip\"> [\u2026]<\/span><\/p>\n","protected":false},"featured_media":0,"template":"","meta":{"_monsterinsights_skip_tracking":false,"_monsterinsights_sitenote_active":false,"_monsterinsights_sitenote_note":"","_monsterinsights_sitenote_category":0},"product_brand":[],"product_cat":[12291,12745],"product_tag":[],"class_list":{"0":"post-723944","1":"product","2":"type-product","3":"status-publish","5":"product_cat-edebiyat","6":"product_cat-tarihi-roman","7":"pa_cilt-ciltsiz","8":"pa_tur-kitap","9":"pa_yayinevi-acayip-kitaplar","10":"pa_yazar-yigit-recep-efe","12":"first","13":"instock","14":"sale","15":"shipping-taxable","16":"purchasable","17":"product-type-simple"},"_links":{"self":[{"href":"https:\/\/roveyayinevi.com.tr\/index.php\/wp-json\/wp\/v2\/product\/723944","targetHints":{"allow":["GET"]}}],"collection":[{"href":"https:\/\/roveyayinevi.com.tr\/index.php\/wp-json\/wp\/v2\/product"}],"about":[{"href":"https:\/\/roveyayinevi.com.tr\/index.php\/wp-json\/wp\/v2\/types\/product"}],"wp:attachment":[{"href":"https:\/\/roveyayinevi.com.tr\/index.php\/wp-json\/wp\/v2\/media?parent=723944"}],"wp:term":[{"taxonomy":"product_brand","embeddable":true,"href":"https:\/\/roveyayinevi.com.tr\/index.php\/wp-json\/wp\/v2\/product_brand?post=723944"},{"taxonomy":"product_cat","embeddable":true,"href":"https:\/\/roveyayinevi.com.tr\/index.php\/wp-json\/wp\/v2\/product_cat?post=723944"},{"taxonomy":"product_tag","embeddable":true,"href":"https:\/\/roveyayinevi.com.tr\/index.php\/wp-json\/wp\/v2\/product_tag?post=723944"}],"curies":[{"name":"wp","href":"https:\/\/api.w.org\/{rel}","templated":true}]}}