{"id":723942,"date":"2025-08-27T19:27:23","date_gmt":"2025-08-27T16:27:23","guid":{"rendered":"https:\/\/roveyayinevi.com.tr\/index.php\/urun\/yeni-bir-fikrim-geldi-mucit-kafasi\/"},"modified":"2026-04-16T02:31:52","modified_gmt":"2026-04-15T23:31:52","slug":"yeni-bir-fikrim-geldi-mucit-kafasi","status":"publish","type":"product","link":"https:\/\/roveyayinevi.com.tr\/index.php\/urun\/yeni-bir-fikrim-geldi-mucit-kafasi\/","title":{"rendered":"Yeni Bir Fikrim Geldi &#8211; Mucit Kafas\u0131"},"content":{"rendered":"<p>Sen bu sat\u0131rlar\u0131 okurken biz uzaklarda olaca\u011f\u0131z \u00e7\u00fcnk\u00fc eski k\u00f6ye yeni adet getirmeye gidiyoruz! Sen de bizimle ayn\u0131 kafadans\u0131n galiba.Hangi kafa m\u0131? Mucit kafas\u0131 tabi ki! Nereden mi anlad\u0131k? Bak\u0131\u015f\u0131ndan belli! Merak ve hevesle bak\u0131yor g\u00f6zlerin. Anla\u015f\u0131lan sen de olaylar\u0131n sebebini sorgulay\u0131p sonu\u00e7lar\u0131n\u0131 g\u00f6rmek istiyorsun.Evet, mucitler \u00f6yle garip insanlard\u0131r ki hep hayretle bakarlar d\u00fcnyaya. \u0130nsanlar &#8220;Yapamazs\u0131n!&#8221; dedi\u011finde &#8220;Ba\u015faraca\u011f\u0131m!&#8221;d\u0131r onlar\u0131n cevab\u0131. Yeni bir fikir, yeni bir teknik veya yeni bir makine bulmak i\u00e7in \u00e7\u0131rp\u0131n\u0131p dururlar hayatlar\u0131 boyunca.Bu kitap mucit olma yolculu\u011funa at\u0131lan ilk ad\u0131m asl\u0131nda. \u0130nsanl\u0131\u011f\u0131n ba\u015f\u0131na icat \u00e7\u0131karan birbirinden ilgin\u00e7 mucitlerin ve icatlar\u0131n hik\u00e2yeleriyle s\u0131ra d\u0131\u015f\u0131 deneyler ve teknikler i\u00e7in seni de bekliyoruz Mucit Kafas\u0131\u2019na.<\/p>\n","protected":false},"excerpt":{"rendered":"<p>Sen bu sat\u0131rlar\u0131 okurken biz uzaklarda olaca\u011f\u0131z \u00e7\u00fcnk\u00fc eski k\u00f6ye yeni adet getirmeye gidiyoruz! Sen de bizimle ayn\u0131 kafadans\u0131n galiba.Hangi kafa m\u0131? Mucit kafas\u0131 tabi ki!<span class=\"excerpt-hellip\"> [\u2026]<\/span><\/p>\n","protected":false},"featured_media":0,"template":"","meta":{"_monsterinsights_skip_tracking":false,"_monsterinsights_sitenote_active":false,"_monsterinsights_sitenote_note":"","_monsterinsights_sitenote_category":0},"product_brand":[],"product_cat":[13829,12274],"product_tag":[],"class_list":{"0":"post-723942","1":"product","2":"type-product","3":"status-publish","5":"product_cat-bilimsel-kitaplar","6":"product_cat-cocuk-ve-genclik-kitaplari","7":"pa_cilt-ciltsiz","8":"pa_tur-kitap","9":"pa_yayinevi-acayip-kitaplar","10":"pa_yazar-semra-aydin-avsar","12":"first","13":"instock","14":"sale","15":"shipping-taxable","16":"purchasable","17":"product-type-simple"},"_links":{"self":[{"href":"https:\/\/roveyayinevi.com.tr\/index.php\/wp-json\/wp\/v2\/product\/723942","targetHints":{"allow":["GET"]}}],"collection":[{"href":"https:\/\/roveyayinevi.com.tr\/index.php\/wp-json\/wp\/v2\/product"}],"about":[{"href":"https:\/\/roveyayinevi.com.tr\/index.php\/wp-json\/wp\/v2\/types\/product"}],"wp:attachment":[{"href":"https:\/\/roveyayinevi.com.tr\/index.php\/wp-json\/wp\/v2\/media?parent=723942"}],"wp:term":[{"taxonomy":"product_brand","embeddable":true,"href":"https:\/\/roveyayinevi.com.tr\/index.php\/wp-json\/wp\/v2\/product_brand?post=723942"},{"taxonomy":"product_cat","embeddable":true,"href":"https:\/\/roveyayinevi.com.tr\/index.php\/wp-json\/wp\/v2\/product_cat?post=723942"},{"taxonomy":"product_tag","embeddable":true,"href":"https:\/\/roveyayinevi.com.tr\/index.php\/wp-json\/wp\/v2\/product_tag?post=723942"}],"curies":[{"name":"wp","href":"https:\/\/api.w.org\/{rel}","templated":true}]}}