{"id":723941,"date":"2025-08-27T19:27:22","date_gmt":"2025-08-27T16:27:22","guid":{"rendered":"https:\/\/roveyayinevi.com.tr\/index.php\/urun\/golgeler-kitabi\/"},"modified":"2026-04-16T02:31:52","modified_gmt":"2026-04-15T23:31:52","slug":"golgeler-kitabi","status":"publish","type":"product","link":"https:\/\/roveyayinevi.com.tr\/index.php\/urun\/golgeler-kitabi\/","title":{"rendered":"G\u00f6lgeler Kitab\u0131"},"content":{"rendered":"<p>Danny\u2019nin hayat\u0131, onu d\u00f6vmek isteyen serserilerden ka\u00e7arken g\u00f6rd\u00fc\u011f\u00fc bir hayaletle bir anda alt\u00fcst olur. Kuzeni Tom \u00f6lm\u00fc\u015ft\u00fcr ve kimse onu hat\u0131rlamamaktad\u0131r. Kuzenini geri getirmek i\u00e7in Danny\u2019nin uzun bir yolculu\u011fa \u00e7\u0131kmas\u0131 gerekmektedir. Ancak bu yolculuk, sand\u0131\u011f\u0131 kadar kolay olmayacakt\u0131r. D\u00fcnyay\u0131 karartan, insanlar ve hayvanlar\u0131 ele ge\u00e7irip zombile\u015ftiren g\u00f6lgelere kar\u015f\u0131 amans\u0131z bir m\u00fccadele onu beklemektedir. Bu son g\u00f6revde Cath, Barshin ve yeni arkada\u015flar\u0131 Ori, Danny\u2019ye yard\u0131mc\u0131 edecektir.Haydi sen de Danny\u2019nin karanl\u0131k g\u00fc\u00e7le olan son sava\u015f\u0131na kat\u0131l ve maceray\u0131 sonland\u0131r!<\/p>\n","protected":false},"excerpt":{"rendered":"<p>Danny\u2019nin hayat\u0131, onu d\u00f6vmek isteyen serserilerden ka\u00e7arken g\u00f6rd\u00fc\u011f\u00fc bir hayaletle bir anda alt\u00fcst olur. Kuzeni Tom \u00f6lm\u00fc\u015ft\u00fcr ve kimse onu hat\u0131rlamamaktad\u0131r. Kuzenini geri getirmek i\u00e7in Danny\u2019nin<span class=\"excerpt-hellip\"> [\u2026]<\/span><\/p>\n","protected":false},"featured_media":0,"template":"","meta":{"_monsterinsights_skip_tracking":false,"_monsterinsights_sitenote_active":false,"_monsterinsights_sitenote_note":"","_monsterinsights_sitenote_category":0},"product_brand":[],"product_cat":[12275,12274],"product_tag":[],"class_list":{"0":"post-723941","1":"product","2":"type-product","3":"status-publish","5":"product_cat-6-12-yas-kitaplari","6":"product_cat-cocuk-ve-genclik-kitaplari","7":"pa_cilt-ciltsiz","8":"pa_tur-kitap","9":"pa_yayinevi-acayip-kitaplar","10":"pa_yazar-ruth-hatfield","12":"first","13":"instock","14":"sale","15":"shipping-taxable","16":"purchasable","17":"product-type-simple"},"_links":{"self":[{"href":"https:\/\/roveyayinevi.com.tr\/index.php\/wp-json\/wp\/v2\/product\/723941","targetHints":{"allow":["GET"]}}],"collection":[{"href":"https:\/\/roveyayinevi.com.tr\/index.php\/wp-json\/wp\/v2\/product"}],"about":[{"href":"https:\/\/roveyayinevi.com.tr\/index.php\/wp-json\/wp\/v2\/types\/product"}],"wp:attachment":[{"href":"https:\/\/roveyayinevi.com.tr\/index.php\/wp-json\/wp\/v2\/media?parent=723941"}],"wp:term":[{"taxonomy":"product_brand","embeddable":true,"href":"https:\/\/roveyayinevi.com.tr\/index.php\/wp-json\/wp\/v2\/product_brand?post=723941"},{"taxonomy":"product_cat","embeddable":true,"href":"https:\/\/roveyayinevi.com.tr\/index.php\/wp-json\/wp\/v2\/product_cat?post=723941"},{"taxonomy":"product_tag","embeddable":true,"href":"https:\/\/roveyayinevi.com.tr\/index.php\/wp-json\/wp\/v2\/product_tag?post=723941"}],"curies":[{"name":"wp","href":"https:\/\/api.w.org\/{rel}","templated":true}]}}