{"id":723940,"date":"2025-08-27T19:27:21","date_gmt":"2025-08-27T16:27:21","guid":{"rendered":"https:\/\/roveyayinevi.com.tr\/index.php\/urun\/enteresan-insanlar\/"},"modified":"2026-04-16T02:31:52","modified_gmt":"2026-04-15T23:31:52","slug":"enteresan-insanlar","status":"publish","type":"product","link":"https:\/\/roveyayinevi.com.tr\/index.php\/urun\/enteresan-insanlar\/","title":{"rendered":"Enteresan \u0130nsanlar"},"content":{"rendered":"<p>Kar\u015f\u0131n\u0131zda bulu\u015flar\u0131yla bilim d\u00fcnyas\u0131n\u0131 kendine hayran b\u0131rakan, zek\u00e2s\u0131 testle de\u011fil kantarla \u00f6l\u00e7\u00fclebilen, merakl\u0131 ve bir o kadar da \u00e7atlak; Profes\u00f6r \u00c7etin Ceviz!Antik Yunan\u2019dan Orta \u00c7a\u011f Avrupa&#8217;s\u0131na, Osmanl\u0131\u2019n\u0131n y\u00fckseli\u015finden Cumhuriyet T\u00fcrkiye\u2019sine durup dinlenmeden tarihte yolcuk yapt\u0131. Daha \u00f6nce ad\u0131n\u0131 hi\u00e7 duymad\u0131\u011f\u0131n\u0131z, duyup da \u00f6nemsemedi\u011finiz insanlar\u0131n \u00f6zelliklerini Profes\u00f6r senin i\u00e7in ara\u015ft\u0131rd\u0131.Sen de e\u011flenerek \u00f6\u011frenmek isteyenlerin tak\u0131m\u0131ndaysan; bu kitap tam sana g\u00f6re!<\/p>\n","protected":false},"excerpt":{"rendered":"<p>Kar\u015f\u0131n\u0131zda bulu\u015flar\u0131yla bilim d\u00fcnyas\u0131n\u0131 kendine hayran b\u0131rakan, zek\u00e2s\u0131 testle de\u011fil kantarla \u00f6l\u00e7\u00fclebilen, merakl\u0131 ve bir o kadar da \u00e7atlak; Profes\u00f6r \u00c7etin Ceviz!Antik Yunan\u2019dan Orta \u00c7a\u011f Avrupa&#8217;s\u0131na,<span class=\"excerpt-hellip\"> [\u2026]<\/span><\/p>\n","protected":false},"featured_media":0,"template":"","meta":{"_monsterinsights_skip_tracking":false,"_monsterinsights_sitenote_active":false,"_monsterinsights_sitenote_note":"","_monsterinsights_sitenote_category":0},"product_brand":[],"product_cat":[13829,12274],"product_tag":[],"class_list":{"0":"post-723940","1":"product","2":"type-product","3":"status-publish","5":"product_cat-bilimsel-kitaplar","6":"product_cat-cocuk-ve-genclik-kitaplari","7":"pa_cilt-ciltsiz","8":"pa_tur-kitap","9":"pa_yayinevi-acayip-kitaplar","10":"pa_yazar-ayse-saliha-emon","12":"first","13":"instock","14":"sale","15":"shipping-taxable","16":"purchasable","17":"product-type-simple"},"_links":{"self":[{"href":"https:\/\/roveyayinevi.com.tr\/index.php\/wp-json\/wp\/v2\/product\/723940","targetHints":{"allow":["GET"]}}],"collection":[{"href":"https:\/\/roveyayinevi.com.tr\/index.php\/wp-json\/wp\/v2\/product"}],"about":[{"href":"https:\/\/roveyayinevi.com.tr\/index.php\/wp-json\/wp\/v2\/types\/product"}],"wp:attachment":[{"href":"https:\/\/roveyayinevi.com.tr\/index.php\/wp-json\/wp\/v2\/media?parent=723940"}],"wp:term":[{"taxonomy":"product_brand","embeddable":true,"href":"https:\/\/roveyayinevi.com.tr\/index.php\/wp-json\/wp\/v2\/product_brand?post=723940"},{"taxonomy":"product_cat","embeddable":true,"href":"https:\/\/roveyayinevi.com.tr\/index.php\/wp-json\/wp\/v2\/product_cat?post=723940"},{"taxonomy":"product_tag","embeddable":true,"href":"https:\/\/roveyayinevi.com.tr\/index.php\/wp-json\/wp\/v2\/product_tag?post=723940"}],"curies":[{"name":"wp","href":"https:\/\/api.w.org\/{rel}","templated":true}]}}