{"id":723939,"date":"2025-08-27T19:27:20","date_gmt":"2025-08-27T16:27:20","guid":{"rendered":"https:\/\/roveyayinevi.com.tr\/index.php\/urun\/selahaddin-eyyubi-kumandan-9\/"},"modified":"2026-04-16T02:31:52","modified_gmt":"2026-04-15T23:31:52","slug":"selahaddin-eyyubi-kumandan-9","status":"publish","type":"product","link":"https:\/\/roveyayinevi.com.tr\/index.php\/urun\/selahaddin-eyyubi-kumandan-9\/","title":{"rendered":"Selahaddin Eyyubi &#8211; Kumandan 9"},"content":{"rendered":"<p>Do\u011funun zenginliklerini talan etmek i\u00e7in Avrupa\u2019n\u0131n d\u00f6rt bir yan\u0131ndan toplanan alt\u0131 y\u00fcz bin ki\u015filik Ha\u00e7l\u0131 ordusu b\u00fcy\u00fck bir zul\u00fcmle Kud\u00fcs\u2019\u00fc ele ge\u00e7irmi\u015fti. \u0130slam co\u011frafyas\u0131n\u0131n kalbine han\u00e7er gibi saplanan bu i\u015fgal t\u00fcm M\u00fcsl\u00fcmanlar\u0131n g\u00f6n\u00fcllerini da\u011flam\u0131\u015ft\u0131. Par\u0131ldam\u0131yordu g\u00f6zler \u00fcmitle ve g\u00fcl\u00fcmsemiyordu y\u00fczler ne\u015feyle. \u00d6l\u00fc topra\u011f\u0131 serpilmi\u015fti sanki \u0130slam \u00e2leminin \u00fczerine. Binlerce uyuyan\u0131 aya\u011fa kald\u0131rmak i\u00e7in bir uyan\u0131k yeterdi ve bunun i\u00e7in haz\u0131rd\u0131 Selahaddin. G\u00fcnd\u00fcz kurdu\u011fu Kud\u00fcs hayallerine geceleri g\u00f6rd\u00fc\u011f\u00fc r\u00fcyalar\u0131 kat\u0131yordu gen\u00e7 kumandan. Kud\u00fcs\u2019\u00fcn Ha\u00e7l\u0131 esaretinden kurtulu\u015funa ve \u0130slam co\u011frafyas\u0131nda birli\u011fin tekrar in\u015fas\u0131na tan\u0131k olman i\u00e7in Selahaddin Eyyubi seni bekliyor.<\/p>\n","protected":false},"excerpt":{"rendered":"<p>Do\u011funun zenginliklerini talan etmek i\u00e7in Avrupa\u2019n\u0131n d\u00f6rt bir yan\u0131ndan toplanan alt\u0131 y\u00fcz bin ki\u015filik Ha\u00e7l\u0131 ordusu b\u00fcy\u00fck bir zul\u00fcmle Kud\u00fcs\u2019\u00fc ele ge\u00e7irmi\u015fti. \u0130slam co\u011frafyas\u0131n\u0131n kalbine han\u00e7er<span class=\"excerpt-hellip\"> [\u2026]<\/span><\/p>\n","protected":false},"featured_media":0,"template":"","meta":{"_monsterinsights_skip_tracking":false,"_monsterinsights_sitenote_active":false,"_monsterinsights_sitenote_note":"","_monsterinsights_sitenote_category":0},"product_brand":[],"product_cat":[12291,12745],"product_tag":[],"class_list":{"0":"post-723939","1":"product","2":"type-product","3":"status-publish","5":"product_cat-edebiyat","6":"product_cat-tarihi-roman","7":"pa_cilt-ciltsiz","8":"pa_tur-kitap","9":"pa_yayinevi-acayip-kitaplar","10":"pa_yazar-yigit-recep-efe","12":"first","13":"instock","14":"sale","15":"shipping-taxable","16":"purchasable","17":"product-type-simple"},"_links":{"self":[{"href":"https:\/\/roveyayinevi.com.tr\/index.php\/wp-json\/wp\/v2\/product\/723939","targetHints":{"allow":["GET"]}}],"collection":[{"href":"https:\/\/roveyayinevi.com.tr\/index.php\/wp-json\/wp\/v2\/product"}],"about":[{"href":"https:\/\/roveyayinevi.com.tr\/index.php\/wp-json\/wp\/v2\/types\/product"}],"wp:attachment":[{"href":"https:\/\/roveyayinevi.com.tr\/index.php\/wp-json\/wp\/v2\/media?parent=723939"}],"wp:term":[{"taxonomy":"product_brand","embeddable":true,"href":"https:\/\/roveyayinevi.com.tr\/index.php\/wp-json\/wp\/v2\/product_brand?post=723939"},{"taxonomy":"product_cat","embeddable":true,"href":"https:\/\/roveyayinevi.com.tr\/index.php\/wp-json\/wp\/v2\/product_cat?post=723939"},{"taxonomy":"product_tag","embeddable":true,"href":"https:\/\/roveyayinevi.com.tr\/index.php\/wp-json\/wp\/v2\/product_tag?post=723939"}],"curies":[{"name":"wp","href":"https:\/\/api.w.org\/{rel}","templated":true}]}}