{"id":723937,"date":"2025-08-27T19:27:18","date_gmt":"2025-08-27T16:27:18","guid":{"rendered":"https:\/\/roveyayinevi.com.tr\/index.php\/urun\/sirlar-ucurumu-beyin-avcisi-5-ciltli\/"},"modified":"2026-04-16T02:31:52","modified_gmt":"2026-04-15T23:31:52","slug":"sirlar-ucurumu-beyin-avcisi-5-ciltli","status":"publish","type":"product","link":"https:\/\/roveyayinevi.com.tr\/index.php\/urun\/sirlar-ucurumu-beyin-avcisi-5-ciltli\/","title":{"rendered":"S\u0131rlar U\u00e7urumu &#8211; Beyin Avc\u0131s\u0131 5 (Ciltli)"},"content":{"rendered":"<p>G\u00f6kdelenlerin ve y\u00fcksek binalar\u0131n istilas\u0131ndan kurtulmay\u0131 ba\u015farm\u0131\u015f tarih\u00ee bir mahalle, g\u00f6ren herkesi kendine hayran b\u0131rak\u0131yordur. Reng\u00e2renk \u00e7i\u00e7eklerle s\u00fcsl\u00fc bah\u00e7elerin ortas\u0131ndan y\u00fckselen ah\u015fap konaklar, betonla\u015fmaya kar\u015f\u0131 kazan\u0131lan bir sava\u015f\u0131n kahramanlar\u0131 gibi dimdik duruyorlard\u0131r.Huzurla ya\u015fad\u0131\u011f\u0131n\u0131z bu mahallenin havas\u0131, ucuz atlatt\u0131\u011f\u0131n bir trafik kazas\u0131nda tan\u0131\u015ft\u0131\u011f\u0131n yeni kom\u015fular\u0131n\u0131z\u0131n ta\u015f\u0131nmas\u0131 ile de\u011fi\u015fiveriyor. Terk edilmi\u015f bir eski kona\u011f\u0131n yeni sakini olan ailenin k\u0131z\u0131yla s\u0131n\u0131f arkada\u015f\u0131 olmanla birlikte olaylar gizemli bir h\u00e2l almaya ba\u015fl\u0131yor.Ans\u0131z\u0131n ortaya \u00e7\u0131kan ailenin gizemli davran\u0131\u015flar\u0131n\u0131n ard\u0131ndaki s\u0131rlar\u0131 ortaya \u00e7\u0131karmak i\u00e7in zek\u00e2 sorular\u0131n\u0131 \u00e7\u00f6z, do\u011fru tercihleri yap ve tuzaklardan kurtul. Soluk solu\u011fa okuyaca\u011f\u0131n bu maceran\u0131n kahraman\u0131 sen ol!<\/p>\n","protected":false},"excerpt":{"rendered":"<p>G\u00f6kdelenlerin ve y\u00fcksek binalar\u0131n istilas\u0131ndan kurtulmay\u0131 ba\u015farm\u0131\u015f tarih\u00ee bir mahalle, g\u00f6ren herkesi kendine hayran b\u0131rak\u0131yordur. Reng\u00e2renk \u00e7i\u00e7eklerle s\u00fcsl\u00fc bah\u00e7elerin ortas\u0131ndan y\u00fckselen ah\u015fap konaklar, betonla\u015fmaya kar\u015f\u0131 kazan\u0131lan<span class=\"excerpt-hellip\"> [\u2026]<\/span><\/p>\n","protected":false},"featured_media":0,"template":"","meta":{"_monsterinsights_skip_tracking":false,"_monsterinsights_sitenote_active":false,"_monsterinsights_sitenote_note":"","_monsterinsights_sitenote_category":0},"product_brand":[],"product_cat":[12275,12274],"product_tag":[],"class_list":{"0":"post-723937","1":"product","2":"type-product","3":"status-publish","5":"product_cat-6-12-yas-kitaplari","6":"product_cat-cocuk-ve-genclik-kitaplari","7":"pa_cilt-ciltli","8":"pa_tur-kitap","9":"pa_yayinevi-acayip-kitaplar","10":"pa_yazar-ahmet-baki-yerli","12":"first","13":"instock","14":"sale","15":"shipping-taxable","16":"purchasable","17":"product-type-simple"},"_links":{"self":[{"href":"https:\/\/roveyayinevi.com.tr\/index.php\/wp-json\/wp\/v2\/product\/723937","targetHints":{"allow":["GET"]}}],"collection":[{"href":"https:\/\/roveyayinevi.com.tr\/index.php\/wp-json\/wp\/v2\/product"}],"about":[{"href":"https:\/\/roveyayinevi.com.tr\/index.php\/wp-json\/wp\/v2\/types\/product"}],"wp:attachment":[{"href":"https:\/\/roveyayinevi.com.tr\/index.php\/wp-json\/wp\/v2\/media?parent=723937"}],"wp:term":[{"taxonomy":"product_brand","embeddable":true,"href":"https:\/\/roveyayinevi.com.tr\/index.php\/wp-json\/wp\/v2\/product_brand?post=723937"},{"taxonomy":"product_cat","embeddable":true,"href":"https:\/\/roveyayinevi.com.tr\/index.php\/wp-json\/wp\/v2\/product_cat?post=723937"},{"taxonomy":"product_tag","embeddable":true,"href":"https:\/\/roveyayinevi.com.tr\/index.php\/wp-json\/wp\/v2\/product_tag?post=723937"}],"curies":[{"name":"wp","href":"https:\/\/api.w.org\/{rel}","templated":true}]}}