{"id":723936,"date":"2025-08-27T19:27:18","date_gmt":"2025-08-27T16:27:18","guid":{"rendered":"https:\/\/roveyayinevi.com.tr\/index.php\/urun\/mete-han-kumandan-6\/"},"modified":"2026-04-16T02:31:52","modified_gmt":"2026-04-15T23:31:52","slug":"mete-han-kumandan-6","status":"publish","type":"product","link":"https:\/\/roveyayinevi.com.tr\/index.php\/urun\/mete-han-kumandan-6\/","title":{"rendered":"Mete Han &#8211; Kumandan 6"},"content":{"rendered":"<p>Y\u00fczlerce y\u0131ld\u0131r da\u011f\u0131n\u0131k h\u00e2lde ya\u015fayan T\u00fcrk boylar\u0131 \u00d6t\u00fcken\u2019den y\u00fckselen bir \u00e7a\u011fr\u0131ya cevap veriyor ve ayn\u0131 sancak alt\u0131nda toplan\u0131yordur. Birlikten dirlik do\u011fuyor ve ilk T\u00fcrk devleti olan Hun \u0130mparatorlu\u011fu\u2019nun temelleri at\u0131l\u0131yordur.Asya\u2019n\u0131n en b\u00fcy\u00fck g\u00fcc\u00fc \u00c7in Hanedan\u0131 bu durumdan hi\u00e7 ho\u015fnut de\u011fildir. T\u00fcrl\u00fc asker\u00ee ve siyasi stratejilerle, hen\u00fcz fidan olan bu devleti b\u00fcy\u00fck bir \u00e7\u0131nara d\u00f6n\u00fc\u015fmeden da\u011f\u0131tmak istemektedir. Milletini tek \u00e7at\u0131 alt\u0131nda toplama hayaliyle y\u00fcre\u011fi alev alev yanan gen\u00e7 h\u00fck\u00fcmdar Mete Han\u2019\u0131 hi\u00e7birisi hesaba katmam\u0131\u015ft\u0131r.T\u00fcrk milletinin b\u00fct\u00fcn zorluklara ra\u011fmen tarih sahnesine \u00e7\u0131k\u0131\u015f\u0131na, cesaret ve kararl\u0131l\u0131kla tarihin yaz\u0131l\u0131\u015f\u0131na tan\u0131k olman i\u00e7in Mete Han seni bekliyor.<\/p>\n","protected":false},"excerpt":{"rendered":"<p>Y\u00fczlerce y\u0131ld\u0131r da\u011f\u0131n\u0131k h\u00e2lde ya\u015fayan T\u00fcrk boylar\u0131 \u00d6t\u00fcken\u2019den y\u00fckselen bir \u00e7a\u011fr\u0131ya cevap veriyor ve ayn\u0131 sancak alt\u0131nda toplan\u0131yordur. Birlikten dirlik do\u011fuyor ve ilk T\u00fcrk devleti olan<span class=\"excerpt-hellip\"> [\u2026]<\/span><\/p>\n","protected":false},"featured_media":0,"template":"","meta":{"_monsterinsights_skip_tracking":false,"_monsterinsights_sitenote_active":false,"_monsterinsights_sitenote_note":"","_monsterinsights_sitenote_category":0},"product_brand":[],"product_cat":[13946,12304],"product_tag":[],"class_list":{"0":"post-723936","1":"product","2":"type-product","3":"status-publish","5":"product_cat-biyografi-otobiyografi","6":"product_cat-tarih","7":"pa_cilt-ciltsiz","8":"pa_tur-kitap","9":"pa_yayinevi-acayip-kitaplar","10":"pa_yazar-yigit-recep-efe","12":"first","13":"instock","14":"sale","15":"shipping-taxable","16":"purchasable","17":"product-type-simple"},"_links":{"self":[{"href":"https:\/\/roveyayinevi.com.tr\/index.php\/wp-json\/wp\/v2\/product\/723936","targetHints":{"allow":["GET"]}}],"collection":[{"href":"https:\/\/roveyayinevi.com.tr\/index.php\/wp-json\/wp\/v2\/product"}],"about":[{"href":"https:\/\/roveyayinevi.com.tr\/index.php\/wp-json\/wp\/v2\/types\/product"}],"wp:attachment":[{"href":"https:\/\/roveyayinevi.com.tr\/index.php\/wp-json\/wp\/v2\/media?parent=723936"}],"wp:term":[{"taxonomy":"product_brand","embeddable":true,"href":"https:\/\/roveyayinevi.com.tr\/index.php\/wp-json\/wp\/v2\/product_brand?post=723936"},{"taxonomy":"product_cat","embeddable":true,"href":"https:\/\/roveyayinevi.com.tr\/index.php\/wp-json\/wp\/v2\/product_cat?post=723936"},{"taxonomy":"product_tag","embeddable":true,"href":"https:\/\/roveyayinevi.com.tr\/index.php\/wp-json\/wp\/v2\/product_tag?post=723936"}],"curies":[{"name":"wp","href":"https:\/\/api.w.org\/{rel}","templated":true}]}}