{"id":723933,"date":"2025-08-27T19:27:15","date_gmt":"2025-08-27T16:27:15","guid":{"rendered":"https:\/\/roveyayinevi.com.tr\/index.php\/urun\/kanuni-sultan-suleyman-kumandan-5\/"},"modified":"2026-04-16T02:31:52","modified_gmt":"2026-04-15T23:31:52","slug":"kanuni-sultan-suleyman-kumandan-5","status":"publish","type":"product","link":"https:\/\/roveyayinevi.com.tr\/index.php\/urun\/kanuni-sultan-suleyman-kumandan-5\/","title":{"rendered":"Kanuni Sultan S\u00fcleyman &#8211; Kumandan 5"},"content":{"rendered":"<p>\u0130nsanl\u0131k, \u00fc\u00e7 k\u0131tada sanca\u011f\u0131 dalgalanan bir cihan imparatorlu\u011funun y\u00fckseli\u015fine tan\u0131k oluyordu. Cesareti ve merhametiyle nam salm\u0131\u015f bir milletin ad\u0131 \u015f\u00fckran ve minnetle an\u0131l\u0131yordu bir co\u011frafyada.Ancak durup dinlenmek zaman\u0131 de\u011fildi. Hen\u00fcz fethedilecek nice toprak, yelken a\u00e7\u0131lacak nice deniz vard\u0131. Tahta \u00e7\u0131kt\u0131\u011f\u0131nda ecdad\u0131n\u0131n S\u00f6\u011f\u00fct&#8217;te yakt\u0131\u011f\u0131 ate\u015fi cihana yayma hayali vard\u0131 S\u00fcleyman&#8217;\u0131n. Yar\u0131m as\u0131rl\u0131k saltanat\u0131nda da bunun i\u00e7in m\u00fccadele edecekti \u015f\u00fcphesiz.Belgrad&#8217;\u0131n fethiyle Balkanlar\u0131n T\u00fcrk diyar\u0131, Preveze zaferiyle Akdeniz&#8217;in T\u00fcrk g\u00f6l\u00fc yap\u0131lmas\u0131na, cesaret ve kararl\u0131l\u0131kla tarihin yaz\u0131l\u0131\u015f\u0131na tan\u0131k olman i\u00e7in Kanuni Sultan S\u00fcleyman seni bekliyor.<\/p>\n","protected":false},"excerpt":{"rendered":"<p>\u0130nsanl\u0131k, \u00fc\u00e7 k\u0131tada sanca\u011f\u0131 dalgalanan bir cihan imparatorlu\u011funun y\u00fckseli\u015fine tan\u0131k oluyordu. Cesareti ve merhametiyle nam salm\u0131\u015f bir milletin ad\u0131 \u015f\u00fckran ve minnetle an\u0131l\u0131yordu bir co\u011frafyada.Ancak durup<span class=\"excerpt-hellip\"> [\u2026]<\/span><\/p>\n","protected":false},"featured_media":0,"template":"","meta":{"_monsterinsights_skip_tracking":false,"_monsterinsights_sitenote_active":false,"_monsterinsights_sitenote_note":"","_monsterinsights_sitenote_category":0},"product_brand":[],"product_cat":[12275,12274],"product_tag":[],"class_list":{"0":"post-723933","1":"product","2":"type-product","3":"status-publish","5":"product_cat-6-12-yas-kitaplari","6":"product_cat-cocuk-ve-genclik-kitaplari","7":"pa_cilt-ciltsiz","8":"pa_tur-kitap","9":"pa_yayinevi-acayip-kitaplar","10":"pa_yazar-yigit-recep-efe","12":"first","13":"instock","14":"sale","15":"shipping-taxable","16":"purchasable","17":"product-type-simple"},"_links":{"self":[{"href":"https:\/\/roveyayinevi.com.tr\/index.php\/wp-json\/wp\/v2\/product\/723933","targetHints":{"allow":["GET"]}}],"collection":[{"href":"https:\/\/roveyayinevi.com.tr\/index.php\/wp-json\/wp\/v2\/product"}],"about":[{"href":"https:\/\/roveyayinevi.com.tr\/index.php\/wp-json\/wp\/v2\/types\/product"}],"wp:attachment":[{"href":"https:\/\/roveyayinevi.com.tr\/index.php\/wp-json\/wp\/v2\/media?parent=723933"}],"wp:term":[{"taxonomy":"product_brand","embeddable":true,"href":"https:\/\/roveyayinevi.com.tr\/index.php\/wp-json\/wp\/v2\/product_brand?post=723933"},{"taxonomy":"product_cat","embeddable":true,"href":"https:\/\/roveyayinevi.com.tr\/index.php\/wp-json\/wp\/v2\/product_cat?post=723933"},{"taxonomy":"product_tag","embeddable":true,"href":"https:\/\/roveyayinevi.com.tr\/index.php\/wp-json\/wp\/v2\/product_tag?post=723933"}],"curies":[{"name":"wp","href":"https:\/\/api.w.org\/{rel}","templated":true}]}}