{"id":723932,"date":"2025-08-27T19:27:14","date_gmt":"2025-08-27T16:27:14","guid":{"rendered":"https:\/\/roveyayinevi.com.tr\/index.php\/urun\/kayip-teknoloji-kanit-pesinde-3-ciltli\/"},"modified":"2026-04-16T02:31:52","modified_gmt":"2026-04-15T23:31:52","slug":"kayip-teknoloji-kanit-pesinde-3-ciltli","status":"publish","type":"product","link":"https:\/\/roveyayinevi.com.tr\/index.php\/urun\/kayip-teknoloji-kanit-pesinde-3-ciltli\/","title":{"rendered":"Kay\u0131p Teknoloji &#8211; Kan\u0131t Pe\u015finde 3 (Ciltli)"},"content":{"rendered":"<p>Polis merkezine getirilen k\u00fc\u00e7\u00fck bir k\u0131z \u00e7ocu\u011fu, korku dolu g\u00f6zlerle \u00f6ylece donup kalm\u0131\u015ft\u0131r ve kimseyle konu\u015fmamaktad\u0131r. G\u00f6rg\u00fc tan\u0131klar\u0131na g\u00f6re k\u0131z\u0131n babas\u0131 maskeli birileri taraf\u0131ndan s\u00fcr\u00fcklenerek g\u00f6t\u00fcr\u00fclm\u00fc\u015ft\u00fcr. \u0130lk bak\u0131\u015fta basit bir ka\u00e7\u0131r\u0131lma gibi g\u00f6r\u00fcnen bu olay\u0131n ard\u0131ndaki s\u0131r perdesini aralamak hi\u00e7 de kolay olmayacakt\u0131r!Psikolog Yaman Erdem&#8217;in Ankara sokaklar\u0131na kadar uzanan bu maceras\u0131n\u0131 nefesinizi tutarak okuyacaks\u0131n\u0131z!<\/p>\n","protected":false},"excerpt":{"rendered":"<p>Polis merkezine getirilen k\u00fc\u00e7\u00fck bir k\u0131z \u00e7ocu\u011fu, korku dolu g\u00f6zlerle \u00f6ylece donup kalm\u0131\u015ft\u0131r ve kimseyle konu\u015fmamaktad\u0131r. G\u00f6rg\u00fc tan\u0131klar\u0131na g\u00f6re k\u0131z\u0131n babas\u0131 maskeli birileri taraf\u0131ndan s\u00fcr\u00fcklenerek g\u00f6t\u00fcr\u00fclm\u00fc\u015ft\u00fcr.<span class=\"excerpt-hellip\"> [\u2026]<\/span><\/p>\n","protected":false},"featured_media":0,"template":"","meta":{"_monsterinsights_skip_tracking":false,"_monsterinsights_sitenote_active":false,"_monsterinsights_sitenote_note":"","_monsterinsights_sitenote_category":0},"product_brand":[],"product_cat":[12275,12274],"product_tag":[],"class_list":{"0":"post-723932","1":"product","2":"type-product","3":"status-publish","5":"product_cat-6-12-yas-kitaplari","6":"product_cat-cocuk-ve-genclik-kitaplari","7":"pa_cilt-ciltli","8":"pa_tur-kitap","9":"pa_yayinevi-acayip-kitaplar","10":"pa_yazar-cihangir-defterdar","12":"first","13":"instock","14":"sale","15":"shipping-taxable","16":"purchasable","17":"product-type-simple"},"_links":{"self":[{"href":"https:\/\/roveyayinevi.com.tr\/index.php\/wp-json\/wp\/v2\/product\/723932","targetHints":{"allow":["GET"]}}],"collection":[{"href":"https:\/\/roveyayinevi.com.tr\/index.php\/wp-json\/wp\/v2\/product"}],"about":[{"href":"https:\/\/roveyayinevi.com.tr\/index.php\/wp-json\/wp\/v2\/types\/product"}],"wp:attachment":[{"href":"https:\/\/roveyayinevi.com.tr\/index.php\/wp-json\/wp\/v2\/media?parent=723932"}],"wp:term":[{"taxonomy":"product_brand","embeddable":true,"href":"https:\/\/roveyayinevi.com.tr\/index.php\/wp-json\/wp\/v2\/product_brand?post=723932"},{"taxonomy":"product_cat","embeddable":true,"href":"https:\/\/roveyayinevi.com.tr\/index.php\/wp-json\/wp\/v2\/product_cat?post=723932"},{"taxonomy":"product_tag","embeddable":true,"href":"https:\/\/roveyayinevi.com.tr\/index.php\/wp-json\/wp\/v2\/product_tag?post=723932"}],"curies":[{"name":"wp","href":"https:\/\/api.w.org\/{rel}","templated":true}]}}