{"id":723931,"date":"2025-08-27T19:27:14","date_gmt":"2025-08-27T16:27:14","guid":{"rendered":"https:\/\/roveyayinevi.com.tr\/index.php\/urun\/firtinalar-kitabi\/"},"modified":"2026-04-16T02:31:52","modified_gmt":"2026-04-15T23:31:52","slug":"firtinalar-kitabi","status":"publish","type":"product","link":"https:\/\/roveyayinevi.com.tr\/index.php\/urun\/firtinalar-kitabi\/","title":{"rendered":"F\u0131rt\u0131nalar Kitab\u0131"},"content":{"rendered":"<p>F\u0131rt\u0131nal\u0131 bir gecenin sabah\u0131nda evinizin ve bah\u00e7enizin darmada\u011f\u0131n oldu\u011funu g\u00f6rseniz ne d\u00fc\u015f\u00fcn\u00fcrd\u00fcn\u00fcz?Ya anne ve baban\u0131z\u0131n evde olmad\u0131\u011f\u0131n\u0131 fark etseniz?B\u00f6yle k\u00e2bus gibi bir manzara kar\u015f\u0131s\u0131nda Danny\u2019nin her \u015feyi yoluna koymak i\u00e7in yapabilece\u011fi tek bir \u015fey vard\u0131r: F\u0131rt\u0131nalar Kitab\u0131\u2019n\u0131 bulmak.Bu zorlu yolculukta Danny\u2019ye; her \u015feyle konu\u015fmas\u0131n\u0131 sa\u011flayan bir dal par\u00e7as\u0131, kom\u015fular\u0131n\u0131n kedisi ve anlatt\u0131\u011f\u0131 hi\u00e7bir \u015feye inanmayan kuzeni Tom e\u015flik edecek. Bu fantastik macerada Danny\u2019nin karanl\u0131k g\u00fc\u00e7le ve kar\u015f\u0131s\u0131na \u00e7\u0131kan t\u00fcm zorluklarla olan m\u00fccadelesine sen de kat\u0131l!<\/p>\n","protected":false},"excerpt":{"rendered":"<p>F\u0131rt\u0131nal\u0131 bir gecenin sabah\u0131nda evinizin ve bah\u00e7enizin darmada\u011f\u0131n oldu\u011funu g\u00f6rseniz ne d\u00fc\u015f\u00fcn\u00fcrd\u00fcn\u00fcz?Ya anne ve baban\u0131z\u0131n evde olmad\u0131\u011f\u0131n\u0131 fark etseniz?B\u00f6yle k\u00e2bus gibi bir manzara kar\u015f\u0131s\u0131nda Danny\u2019nin her<span class=\"excerpt-hellip\"> [\u2026]<\/span><\/p>\n","protected":false},"featured_media":0,"template":"","meta":{"_monsterinsights_skip_tracking":false,"_monsterinsights_sitenote_active":false,"_monsterinsights_sitenote_note":"","_monsterinsights_sitenote_category":0},"product_brand":[],"product_cat":[12275,12274],"product_tag":[],"class_list":{"0":"post-723931","1":"product","2":"type-product","3":"status-publish","5":"product_cat-6-12-yas-kitaplari","6":"product_cat-cocuk-ve-genclik-kitaplari","7":"pa_cilt-ciltsiz","8":"pa_tur-kitap","9":"pa_yayinevi-acayip-kitaplar","10":"pa_yazar-ruth-hatfield","12":"first","13":"instock","14":"sale","15":"shipping-taxable","16":"purchasable","17":"product-type-simple"},"_links":{"self":[{"href":"https:\/\/roveyayinevi.com.tr\/index.php\/wp-json\/wp\/v2\/product\/723931","targetHints":{"allow":["GET"]}}],"collection":[{"href":"https:\/\/roveyayinevi.com.tr\/index.php\/wp-json\/wp\/v2\/product"}],"about":[{"href":"https:\/\/roveyayinevi.com.tr\/index.php\/wp-json\/wp\/v2\/types\/product"}],"wp:attachment":[{"href":"https:\/\/roveyayinevi.com.tr\/index.php\/wp-json\/wp\/v2\/media?parent=723931"}],"wp:term":[{"taxonomy":"product_brand","embeddable":true,"href":"https:\/\/roveyayinevi.com.tr\/index.php\/wp-json\/wp\/v2\/product_brand?post=723931"},{"taxonomy":"product_cat","embeddable":true,"href":"https:\/\/roveyayinevi.com.tr\/index.php\/wp-json\/wp\/v2\/product_cat?post=723931"},{"taxonomy":"product_tag","embeddable":true,"href":"https:\/\/roveyayinevi.com.tr\/index.php\/wp-json\/wp\/v2\/product_tag?post=723931"}],"curies":[{"name":"wp","href":"https:\/\/api.w.org\/{rel}","templated":true}]}}