{"id":723930,"date":"2025-08-27T19:27:13","date_gmt":"2025-08-27T16:27:13","guid":{"rendered":"https:\/\/roveyayinevi.com.tr\/index.php\/urun\/umutlu-oykuler-gezegeni-4-bahar-sarkisi\/"},"modified":"2026-04-16T02:31:52","modified_gmt":"2026-04-15T23:31:52","slug":"umutlu-oykuler-gezegeni-4-bahar-sarkisi","status":"publish","type":"product","link":"https:\/\/roveyayinevi.com.tr\/index.php\/urun\/umutlu-oykuler-gezegeni-4-bahar-sarkisi\/","title":{"rendered":"Umutlu \u00d6yk\u00fcler Gezegeni 4 &#8211; Bahar \u015eark\u0131s\u0131"},"content":{"rendered":"<p>\u201cSar\u0131, beyaz, k\u0131rm\u0131z\u0131, mor\u2026 E\u015fsiz g\u00fczellikte y\u00fczlerce lale vard\u0131 etrafta. Bu mevsimde topra\u011fa ve ye\u015file en \u00e7ok yak\u0131\u015fan bu \u00e7i\u00e7ekler; birbirleriyle dans ediyordu adeta. Ger\u00e7i zaman\u0131 ge\u00e7mek \u00fczereydi, hepsinin yapraklar\u0131 d\u00fc\u015ft\u00fc d\u00fc\u015fecekti ama olsun; \u0130stanbul\u2019u \u0130stanbul yapan g\u00fczelliklerden biriydi bu manzara. \u2026\u201dOkudu\u011funuz her sat\u0131rda sahip olduklar\u0131n\u0131z\u0131n ne kadar k\u0131ymetli oldu\u011funu bir kez daha anlayacak ve umut etmenin s\u0131cakl\u0131\u011f\u0131n\u0131 hissedeceksiniz y\u00fcre\u011finizde&#8230;Sizleri; sevgi, karde\u015flik, dostluk, payla\u015fma gibi unutmaya y\u00fcz tuttu\u011fumuz insani de\u011ferleri, Umutlu \u00d6yk\u00fcler Gezegeni\u2019nde hat\u0131rlamaya davet ediyoruz&#8230;<\/p>\n","protected":false},"excerpt":{"rendered":"<p>\u201cSar\u0131, beyaz, k\u0131rm\u0131z\u0131, mor\u2026 E\u015fsiz g\u00fczellikte y\u00fczlerce lale vard\u0131 etrafta. Bu mevsimde topra\u011fa ve ye\u015file en \u00e7ok yak\u0131\u015fan bu \u00e7i\u00e7ekler; birbirleriyle dans ediyordu adeta. Ger\u00e7i zaman\u0131<span class=\"excerpt-hellip\"> [\u2026]<\/span><\/p>\n","protected":false},"featured_media":0,"template":"","meta":{"_monsterinsights_skip_tracking":false,"_monsterinsights_sitenote_active":false,"_monsterinsights_sitenote_note":"","_monsterinsights_sitenote_category":0},"product_brand":[],"product_cat":[12275,12274],"product_tag":[],"class_list":{"0":"post-723930","1":"product","2":"type-product","3":"status-publish","5":"product_cat-6-12-yas-kitaplari","6":"product_cat-cocuk-ve-genclik-kitaplari","7":"pa_cilt-ciltsiz","8":"pa_tur-kitap","9":"pa_yayinevi-acayip-kitaplar","10":"pa_yazar-sehri-madan","12":"first","13":"instock","14":"sale","15":"shipping-taxable","16":"purchasable","17":"product-type-simple"},"_links":{"self":[{"href":"https:\/\/roveyayinevi.com.tr\/index.php\/wp-json\/wp\/v2\/product\/723930","targetHints":{"allow":["GET"]}}],"collection":[{"href":"https:\/\/roveyayinevi.com.tr\/index.php\/wp-json\/wp\/v2\/product"}],"about":[{"href":"https:\/\/roveyayinevi.com.tr\/index.php\/wp-json\/wp\/v2\/types\/product"}],"wp:attachment":[{"href":"https:\/\/roveyayinevi.com.tr\/index.php\/wp-json\/wp\/v2\/media?parent=723930"}],"wp:term":[{"taxonomy":"product_brand","embeddable":true,"href":"https:\/\/roveyayinevi.com.tr\/index.php\/wp-json\/wp\/v2\/product_brand?post=723930"},{"taxonomy":"product_cat","embeddable":true,"href":"https:\/\/roveyayinevi.com.tr\/index.php\/wp-json\/wp\/v2\/product_cat?post=723930"},{"taxonomy":"product_tag","embeddable":true,"href":"https:\/\/roveyayinevi.com.tr\/index.php\/wp-json\/wp\/v2\/product_tag?post=723930"}],"curies":[{"name":"wp","href":"https:\/\/api.w.org\/{rel}","templated":true}]}}