{"id":723929,"date":"2025-08-27T19:27:12","date_gmt":"2025-08-27T16:27:12","guid":{"rendered":"https:\/\/roveyayinevi.com.tr\/index.php\/urun\/umutlu-oykuler-gezegeni-3-hatiralar-gecidi\/"},"modified":"2026-04-16T02:31:52","modified_gmt":"2026-04-15T23:31:52","slug":"umutlu-oykuler-gezegeni-3-hatiralar-gecidi","status":"publish","type":"product","link":"https:\/\/roveyayinevi.com.tr\/index.php\/urun\/umutlu-oykuler-gezegeni-3-hatiralar-gecidi\/","title":{"rendered":"Umutlu \u00d6yk\u00fcler Gezegeni 3 &#8211; Hat\u0131ralar Ge\u00e7idi"},"content":{"rendered":"<p>\u201cK\u00fct\u00fcphaneler dolusu kitab\u0131n anlatamad\u0131\u011f\u0131 \u015feyleri bazen iki kelimeyle \u00f6zetlemek i\u015fte bu kadar m\u00fcmk\u00fcn&#8230; Umarsan; beklenti i\u00e7indesin demektir. Ve sonra o beklentinin kar\u015f\u0131lanmas\u0131 i\u00e7in, kar\u015f\u0131layacak olana da, kar\u015f\u0131lanmas\u0131 ihtimal zamana da s\u0131ms\u0131k\u0131 tutunur insan. Bu durumda Dilek annesine, babas\u0131na, karde\u015fine ve hatta ya\u011fmura dahi s\u0131ms\u0131k\u0131 tutunmu\u015ftu&#8230;\u201dOkudu\u011funuz her sat\u0131rda sahip olduklar\u0131n\u0131z\u0131n ne kadar k\u0131ymetli oldu\u011funu bir kez daha anlayacak ve umut etmenin s\u0131cakl\u0131\u011f\u0131n\u0131 hissedeceksiniz y\u00fcre\u011finizde&#8230;Sizleri; sevgi, karde\u015flik, dostluk, payla\u015fma gibi unutmaya y\u00fcz tuttu\u011fumuz insani de\u011ferleri, Umutlu \u00d6yk\u00fcler Gezegeni\u2019nde hat\u0131rlamaya davet ediyoruz&#8230;<\/p>\n","protected":false},"excerpt":{"rendered":"<p>\u201cK\u00fct\u00fcphaneler dolusu kitab\u0131n anlatamad\u0131\u011f\u0131 \u015feyleri bazen iki kelimeyle \u00f6zetlemek i\u015fte bu kadar m\u00fcmk\u00fcn&#8230; Umarsan; beklenti i\u00e7indesin demektir. Ve sonra o beklentinin kar\u015f\u0131lanmas\u0131 i\u00e7in, kar\u015f\u0131layacak olana da,<span class=\"excerpt-hellip\"> [\u2026]<\/span><\/p>\n","protected":false},"featured_media":0,"template":"","meta":{"_monsterinsights_skip_tracking":false,"_monsterinsights_sitenote_active":false,"_monsterinsights_sitenote_note":"","_monsterinsights_sitenote_category":0},"product_brand":[],"product_cat":[12275,12274],"product_tag":[],"class_list":{"0":"post-723929","1":"product","2":"type-product","3":"status-publish","5":"product_cat-6-12-yas-kitaplari","6":"product_cat-cocuk-ve-genclik-kitaplari","7":"pa_cilt-ciltsiz","8":"pa_tur-kitap","9":"pa_yayinevi-acayip-kitaplar","10":"pa_yazar-sehri-madan","12":"first","13":"instock","14":"sale","15":"shipping-taxable","16":"purchasable","17":"product-type-simple"},"_links":{"self":[{"href":"https:\/\/roveyayinevi.com.tr\/index.php\/wp-json\/wp\/v2\/product\/723929","targetHints":{"allow":["GET"]}}],"collection":[{"href":"https:\/\/roveyayinevi.com.tr\/index.php\/wp-json\/wp\/v2\/product"}],"about":[{"href":"https:\/\/roveyayinevi.com.tr\/index.php\/wp-json\/wp\/v2\/types\/product"}],"wp:attachment":[{"href":"https:\/\/roveyayinevi.com.tr\/index.php\/wp-json\/wp\/v2\/media?parent=723929"}],"wp:term":[{"taxonomy":"product_brand","embeddable":true,"href":"https:\/\/roveyayinevi.com.tr\/index.php\/wp-json\/wp\/v2\/product_brand?post=723929"},{"taxonomy":"product_cat","embeddable":true,"href":"https:\/\/roveyayinevi.com.tr\/index.php\/wp-json\/wp\/v2\/product_cat?post=723929"},{"taxonomy":"product_tag","embeddable":true,"href":"https:\/\/roveyayinevi.com.tr\/index.php\/wp-json\/wp\/v2\/product_tag?post=723929"}],"curies":[{"name":"wp","href":"https:\/\/api.w.org\/{rel}","templated":true}]}}