{"id":723925,"date":"2025-08-27T19:27:09","date_gmt":"2025-08-27T16:27:09","guid":{"rendered":"https:\/\/roveyayinevi.com.tr\/index.php\/urun\/kankitoslarin-esrarengiz-maceralari-garip-ziyaretciler\/"},"modified":"2026-04-16T02:31:52","modified_gmt":"2026-04-15T23:31:52","slug":"kankitoslarin-esrarengiz-maceralari-garip-ziyaretciler","status":"publish","type":"product","link":"https:\/\/roveyayinevi.com.tr\/index.php\/urun\/kankitoslarin-esrarengiz-maceralari-garip-ziyaretciler\/","title":{"rendered":"Kankito\u015flar&#8217;\u0131n Esrarengiz Maceralar\u0131 &#8211; Garip Ziyaret\u00e7iler"},"content":{"rendered":"<p>Senin de bildi\u011fin gibi biz \u00e7ok misafirperver bir milletiz. Yemeyip yedirir, giymeyip giydirir; &#8216;misafir k\u0131smetiyle gelirmi\u015f&#8217; deriz&#8230;Kankito\u015fum! \u0130\u015fte bizim mahallemize gelenlerin k\u0131smeti de bol kesedendi. \u00d6yle b\u00f6yle de\u011fil ama!Macera, aksiyon ve heyecan f\u0131\u015fk\u0131rd\u0131 mahallenin d\u00f6rt bir yan\u0131ndan. Eee, bu \u00fc\u00e7 kelime yan yana geldi\u011finde d\u00f6rd\u00fcnc\u00fcs\u00fc de yolda demektir!Ne oldu\u011funu merak ediyorsun de\u011fil mi? Tabi ki de bela m\u0131knat\u0131s\u0131 olan; Kankito\u015flar!Mahallemizdeki esrarengiz olaylar\u0131 \u00e7\u00f6z\u00fcp d\u00fcnyay\u0131 kurtarmak i\u00e7in haydi,sen de kat\u0131l bize!<\/p>\n","protected":false},"excerpt":{"rendered":"<p>Senin de bildi\u011fin gibi biz \u00e7ok misafirperver bir milletiz. Yemeyip yedirir, giymeyip giydirir; &#8216;misafir k\u0131smetiyle gelirmi\u015f&#8217; deriz&#8230;Kankito\u015fum! \u0130\u015fte bizim mahallemize gelenlerin k\u0131smeti de bol kesedendi. \u00d6yle<span class=\"excerpt-hellip\"> [\u2026]<\/span><\/p>\n","protected":false},"featured_media":0,"template":"","meta":{"_monsterinsights_skip_tracking":false,"_monsterinsights_sitenote_active":false,"_monsterinsights_sitenote_note":"","_monsterinsights_sitenote_category":0},"product_brand":[],"product_cat":[12275,12274],"product_tag":[],"class_list":{"0":"post-723925","1":"product","2":"type-product","3":"status-publish","5":"product_cat-6-12-yas-kitaplari","6":"product_cat-cocuk-ve-genclik-kitaplari","7":"pa_cilt-ciltsiz","8":"pa_tur-kitap","9":"pa_yayinevi-acayip-kitaplar","10":"pa_yazar-omer-burak-cinar","12":"first","13":"instock","14":"sale","15":"shipping-taxable","16":"purchasable","17":"product-type-simple"},"_links":{"self":[{"href":"https:\/\/roveyayinevi.com.tr\/index.php\/wp-json\/wp\/v2\/product\/723925","targetHints":{"allow":["GET"]}}],"collection":[{"href":"https:\/\/roveyayinevi.com.tr\/index.php\/wp-json\/wp\/v2\/product"}],"about":[{"href":"https:\/\/roveyayinevi.com.tr\/index.php\/wp-json\/wp\/v2\/types\/product"}],"wp:attachment":[{"href":"https:\/\/roveyayinevi.com.tr\/index.php\/wp-json\/wp\/v2\/media?parent=723925"}],"wp:term":[{"taxonomy":"product_brand","embeddable":true,"href":"https:\/\/roveyayinevi.com.tr\/index.php\/wp-json\/wp\/v2\/product_brand?post=723925"},{"taxonomy":"product_cat","embeddable":true,"href":"https:\/\/roveyayinevi.com.tr\/index.php\/wp-json\/wp\/v2\/product_cat?post=723925"},{"taxonomy":"product_tag","embeddable":true,"href":"https:\/\/roveyayinevi.com.tr\/index.php\/wp-json\/wp\/v2\/product_tag?post=723925"}],"curies":[{"name":"wp","href":"https:\/\/api.w.org\/{rel}","templated":true}]}}