{"id":723924,"date":"2025-08-27T19:27:08","date_gmt":"2025-08-27T16:27:08","guid":{"rendered":"https:\/\/roveyayinevi.com.tr\/index.php\/urun\/kanit-pesinde-dehsetin-sarkisi-ciltli\/"},"modified":"2026-04-16T02:31:52","modified_gmt":"2026-04-15T23:31:52","slug":"kanit-pesinde-dehsetin-sarkisi-ciltli","status":"publish","type":"product","link":"https:\/\/roveyayinevi.com.tr\/index.php\/urun\/kanit-pesinde-dehsetin-sarkisi-ciltli\/","title":{"rendered":"Kan\u0131t Pe\u015finde &#8211; Deh\u015fetin \u015eark\u0131s\u0131 (Ciltli)"},"content":{"rendered":"<p>\u0130\u015f d\u00fcnyas\u0131n\u0131n merkezi haline gelen semtteki g\u00f6kdelenlerden birinde \u00e7\u0131lg\u0131n bir adam, elinde silah\u0131yla etraf\u0131 birbirine katm\u0131\u015ft\u0131r! Polis, rehinelerden dolay\u0131 m\u00fcdahale edememektedir. Adam\u0131 ikna etmek ve olaylar\u0131n ard\u0131ndaki s\u0131r perdesi aralamak hi\u00e7 kolay olmayacakt\u0131r!Psikolog Yaman Erdem\u2019in Taksim sokaklar\u0131ndan Bursa\u2019ya uzanan bu maceras\u0131n\u0131 nefesinizi tutarak okuyacaks\u0131n\u0131z!<\/p>\n","protected":false},"excerpt":{"rendered":"<p>\u0130\u015f d\u00fcnyas\u0131n\u0131n merkezi haline gelen semtteki g\u00f6kdelenlerden birinde \u00e7\u0131lg\u0131n bir adam, elinde silah\u0131yla etraf\u0131 birbirine katm\u0131\u015ft\u0131r! Polis, rehinelerden dolay\u0131 m\u00fcdahale edememektedir. Adam\u0131 ikna etmek ve olaylar\u0131n<span class=\"excerpt-hellip\"> [\u2026]<\/span><\/p>\n","protected":false},"featured_media":0,"template":"","meta":{"_monsterinsights_skip_tracking":false,"_monsterinsights_sitenote_active":false,"_monsterinsights_sitenote_note":"","_monsterinsights_sitenote_category":0},"product_brand":[],"product_cat":[12291,12711],"product_tag":[],"class_list":{"0":"post-723924","1":"product","2":"type-product","3":"status-publish","5":"product_cat-edebiyat","6":"product_cat-roman-oyku","7":"pa_cilt-ciltli","8":"pa_tur-kitap","9":"pa_yayinevi-acayip-kitaplar","10":"pa_yazar-cihangir-defterdar","12":"first","13":"instock","14":"sale","15":"shipping-taxable","16":"purchasable","17":"product-type-simple"},"_links":{"self":[{"href":"https:\/\/roveyayinevi.com.tr\/index.php\/wp-json\/wp\/v2\/product\/723924","targetHints":{"allow":["GET"]}}],"collection":[{"href":"https:\/\/roveyayinevi.com.tr\/index.php\/wp-json\/wp\/v2\/product"}],"about":[{"href":"https:\/\/roveyayinevi.com.tr\/index.php\/wp-json\/wp\/v2\/types\/product"}],"wp:attachment":[{"href":"https:\/\/roveyayinevi.com.tr\/index.php\/wp-json\/wp\/v2\/media?parent=723924"}],"wp:term":[{"taxonomy":"product_brand","embeddable":true,"href":"https:\/\/roveyayinevi.com.tr\/index.php\/wp-json\/wp\/v2\/product_brand?post=723924"},{"taxonomy":"product_cat","embeddable":true,"href":"https:\/\/roveyayinevi.com.tr\/index.php\/wp-json\/wp\/v2\/product_cat?post=723924"},{"taxonomy":"product_tag","embeddable":true,"href":"https:\/\/roveyayinevi.com.tr\/index.php\/wp-json\/wp\/v2\/product_tag?post=723924"}],"curies":[{"name":"wp","href":"https:\/\/api.w.org\/{rel}","templated":true}]}}