{"id":723919,"date":"2025-08-27T19:27:04","date_gmt":"2025-08-27T16:27:04","guid":{"rendered":"https:\/\/roveyayinevi.com.tr\/index.php\/urun\/1453-soru-gider-milli-emlak-mevzuati\/"},"modified":"2026-04-16T02:31:52","modified_gmt":"2026-04-15T23:31:52","slug":"1453-soru-gider-milli-emlak-mevzuati","status":"publish","type":"product","link":"https:\/\/roveyayinevi.com.tr\/index.php\/urun\/1453-soru-gider-milli-emlak-mevzuati\/","title":{"rendered":"1453 Soru Gider &#8211; Milli Emlak Mevzuat\u0131"},"content":{"rendered":"<p>Eserle Gider ve Milli Emlak Mevzuat\u0131 ile ilgili geni\u015f kapsaml\u0131 bir soru kayna\u011f\u0131 olu\u015fturulmaya \u00e7al\u0131\u015f\u0131lm\u0131\u015ft\u0131r. Kitab\u0131n as\u0131l amac\u0131, piyasada kaynak geni\u015fli\u011fi olmayan mevzuat ile ilgili \u00f6zg\u00fcn ve faydal\u0131 bir soru kitab\u0131 meydana getirmektir. Kitap, Gider ve Milli Emlak Mevzuat\u0131 olarak iki ana k\u0131s\u0131mdan olu\u015fmu\u015ftur. Eser de, ilgili kanunlarda yer alan mevzuat bilgisinin b\u00fcy\u00fck bir k\u0131sm\u0131n\u0131n sorula\u00acra yerle\u015ftirilerek, kitapta yer alan b\u00fct\u00fcn sorular\u0131 \u00e7\u00f6zen okuyucular\u0131n, ilgili mevzuat\u0131 genel olarak tekrar etmesi ama\u00e7lanm\u0131\u015ft\u0131r. S\u00f6z konusu testler haz\u0131rlan\u0131rken, yararlan\u0131lan mevzuatlar ile ilgili Kanunlar, Bakanlar Kurulu Kararlar\u0131, Tebli\u011fler, Y\u00f6netmelikler ve di\u011fer mevzuat t\u00fcrevlerinden yararlan\u0131larak \u00f6zg\u00fcn ve a\u00e7\u0131klay\u0131c\u0131 sorulara yer verilmeye \u00e7al\u0131\u015f\u0131lm\u0131\u015ft\u0131r. Gider Mevzuat\u0131 ba\u015fl\u0131\u011f\u0131 alt\u0131nda; &#8211; 5018 Kamu Mali Kontrol Kanunu ve \u0130lgili Di\u011fer Mevzuat; 10 Test-233 Soru, &#8211; 4734 Kamu \u0130hale Kanunu ve 4735 Kamu \u0130hale S\u00f6zle\u015fmeleri Kanunu; 12 Test-238 Soru, &#8211; 6245 Harc\u0131rah Kanunu; 11 Test-228 Soru, &#8211; 657 Kanun Mali H\u00fck\u00fcmler; 5 Test-110 Soru, Milli Emlak Mevzuat\u0131 ba\u015fl\u0131\u011f\u0131 alt\u0131nda ise, &#8211; 2886 Devlet \u0130hale Kanunu ve \u0130lgili Di\u011fer Mevzuat; 17 Test-336 Soru, &#8211; 4706 Hazineye Ait Ta\u015f\u0131nmaz Mallar\u0131n De\u011ferlendirilmesi ve Katma De\u011fer Vergisi Kanununda De\u011fi\u015fiklik Yap\u0131lmas\u0131 Hakk\u0131nda Kanun; 6 Test-120 Soru, &#8211; 2942 Kamula\u015ft\u0131rma Kanunu ve 3082 Kamu Yarar\u0131n\u0131n Zorunlu K\u0131ld\u0131\u011f\u0131 Hallerde, Kamu Hizmeti Niteli\u011fi Ta\u015f\u0131yan \u00d6zel Te\u015febb\u00fcslerin Devletle\u015ftirilebilmesi Usul ve Esaslar\u0131 Hakk\u0131nda Kanun: 4 Test-80 Soru, &#8211; 2946 Kamu Konutlar\u0131 Kanunu; 3 Test-60 Soru, &#8211; 3621 K\u0131y\u0131 Kanunu; 1 Test-20 Soru, &#8211; 3091 Ta\u015f\u0131nmaz Mal Zilyetli\u011fine Yap\u0131lan Tecav\u00fczlerin \u00d6nlenmesi Hakk\u0131nda Kanun ve 3194 \u0130mar Kanunu; 1 Test-28 Soru, olmak \u00fczere toplam 70 test ve 1453 sorudan olu\u015fmaktad\u0131r. Konu Ba\u015fl\u0131klar\u0131 5018 Say\u0131l\u0131 Kanun 4735 Say\u0131l\u0131 Kanun Milli Emlak Mevzuat\u0131 4734 Say\u0131l\u0131 Kanun 6245 Say\u0131l\u0131 Kanun 657 Say\u0131l\u0131 Mali H\u00fck\u00fcmler<\/p>\n","protected":false},"excerpt":{"rendered":"<p>Eserle Gider ve Milli Emlak Mevzuat\u0131 ile ilgili geni\u015f kapsaml\u0131 bir soru kayna\u011f\u0131 olu\u015fturulmaya \u00e7al\u0131\u015f\u0131lm\u0131\u015ft\u0131r. Kitab\u0131n as\u0131l amac\u0131, piyasada kaynak geni\u015fli\u011fi olmayan mevzuat ile ilgili \u00f6zg\u00fcn<span class=\"excerpt-hellip\"> [\u2026]<\/span><\/p>\n","protected":false},"featured_media":0,"template":"","meta":{"_monsterinsights_skip_tracking":false,"_monsterinsights_sitenote_active":false,"_monsterinsights_sitenote_note":"","_monsterinsights_sitenote_category":0},"product_brand":[],"product_cat":[13043,14381],"product_tag":[],"class_list":{"0":"post-723919","1":"product","2":"type-product","3":"status-publish","5":"product_cat-ekonomi","6":"product_cat-isletme-muhasebe-maliye","7":"pa_cilt-ciltsiz","8":"pa_tur-kitap","9":"pa_yayinevi-vergi-mufettisleri-dernegi-yayinlari","10":"pa_yazar-sinan-kaplan","12":"first","13":"instock","14":"sale","15":"shipping-taxable","16":"purchasable","17":"product-type-simple"},"_links":{"self":[{"href":"https:\/\/roveyayinevi.com.tr\/index.php\/wp-json\/wp\/v2\/product\/723919","targetHints":{"allow":["GET"]}}],"collection":[{"href":"https:\/\/roveyayinevi.com.tr\/index.php\/wp-json\/wp\/v2\/product"}],"about":[{"href":"https:\/\/roveyayinevi.com.tr\/index.php\/wp-json\/wp\/v2\/types\/product"}],"wp:attachment":[{"href":"https:\/\/roveyayinevi.com.tr\/index.php\/wp-json\/wp\/v2\/media?parent=723919"}],"wp:term":[{"taxonomy":"product_brand","embeddable":true,"href":"https:\/\/roveyayinevi.com.tr\/index.php\/wp-json\/wp\/v2\/product_brand?post=723919"},{"taxonomy":"product_cat","embeddable":true,"href":"https:\/\/roveyayinevi.com.tr\/index.php\/wp-json\/wp\/v2\/product_cat?post=723919"},{"taxonomy":"product_tag","embeddable":true,"href":"https:\/\/roveyayinevi.com.tr\/index.php\/wp-json\/wp\/v2\/product_tag?post=723919"}],"curies":[{"name":"wp","href":"https:\/\/api.w.org\/{rel}","templated":true}]}}