{"id":723917,"date":"2025-08-27T19:27:02","date_gmt":"2025-08-27T16:27:02","guid":{"rendered":"https:\/\/roveyayinevi.com.tr\/index.php\/urun\/arkadasligimiz-sonsuza-kadar-surecek\/"},"modified":"2026-04-16T02:31:51","modified_gmt":"2026-04-15T23:31:51","slug":"arkadasligimiz-sonsuza-kadar-surecek","status":"publish","type":"product","link":"https:\/\/roveyayinevi.com.tr\/index.php\/urun\/arkadasligimiz-sonsuza-kadar-surecek\/","title":{"rendered":"Arkada\u015fl\u0131\u011f\u0131m\u0131z Sonsuza Kadar S\u00fcrecek"},"content":{"rendered":"<p>Kiraz, Uzay ve Volkan&#8230; Hem \u00e7ok yak\u0131n arkada\u015flar hem de iyi birer i\u015fbirlik\u00e7i&#8230; Kimin ba\u015f\u0131na ne gelirse di\u011ferinin muhakkak haberi oluyor \u00e7\u00fcnk\u00fc birlikte b\u00fcy\u00fcyorlar, aileleri her zaman hep bir arada. \u0130\u015fler bazen ters gidebiliyor evde, e\u015fler aras\u0131nda ili\u015fkiler zora girebiliyor, hatta evlilikler sonlanabiliyor bile. Elbette b\u00fct\u00fcn bu olan bitenler \u00e7ocuklar\u0131 fazlas\u0131yla etkiliyor. Kiraz, Uzay ve Volkan hen\u00fcz \u00e7ok k\u00fc\u00e7\u00fckler. Hatta bebekler ama aralar\u0131ndaki o muazzam ileti\u015fim g\u00fcc\u00fc, parlak zek\u00e2lar\u0131 ve kimsenin fark\u0131nda olmad\u0131\u011f\u0131 cesaretleri sayesinde hayatlar\u0131ndaki yeti\u015fkinlerin kaderleri yeniden yaz\u0131l\u0131yor. \u201cAma o daha bebek!\u201d demeden \u00f6nce bir kez daha d\u00fc\u015f\u00fcnmek zorunda kalacaks\u0131n\u0131z bu kitab\u0131 okuduktan sonra. <\/p>\n","protected":false},"excerpt":{"rendered":"<p>Kiraz, Uzay ve Volkan&#8230; Hem \u00e7ok yak\u0131n arkada\u015flar hem de iyi birer i\u015fbirlik\u00e7i&#8230; Kimin ba\u015f\u0131na ne gelirse di\u011ferinin muhakkak haberi oluyor \u00e7\u00fcnk\u00fc birlikte b\u00fcy\u00fcyorlar, aileleri her<span class=\"excerpt-hellip\"> [\u2026]<\/span><\/p>\n","protected":false},"featured_media":0,"template":"","meta":{"_monsterinsights_skip_tracking":false,"_monsterinsights_sitenote_active":false,"_monsterinsights_sitenote_note":"","_monsterinsights_sitenote_category":0},"product_brand":[],"product_cat":[12274,12284],"product_tag":[],"class_list":{"0":"post-723917","1":"product","2":"type-product","3":"status-publish","5":"product_cat-cocuk-ve-genclik-kitaplari","6":"product_cat-hikayeler","7":"pa_cilt-ciltsiz","8":"pa_tur-kitap","9":"pa_yayinevi-destek-yayinlari","10":"pa_yazar-mina-simal-alioglu","12":"first","13":"instock","14":"sale","15":"shipping-taxable","16":"purchasable","17":"product-type-simple"},"_links":{"self":[{"href":"https:\/\/roveyayinevi.com.tr\/index.php\/wp-json\/wp\/v2\/product\/723917","targetHints":{"allow":["GET"]}}],"collection":[{"href":"https:\/\/roveyayinevi.com.tr\/index.php\/wp-json\/wp\/v2\/product"}],"about":[{"href":"https:\/\/roveyayinevi.com.tr\/index.php\/wp-json\/wp\/v2\/types\/product"}],"wp:attachment":[{"href":"https:\/\/roveyayinevi.com.tr\/index.php\/wp-json\/wp\/v2\/media?parent=723917"}],"wp:term":[{"taxonomy":"product_brand","embeddable":true,"href":"https:\/\/roveyayinevi.com.tr\/index.php\/wp-json\/wp\/v2\/product_brand?post=723917"},{"taxonomy":"product_cat","embeddable":true,"href":"https:\/\/roveyayinevi.com.tr\/index.php\/wp-json\/wp\/v2\/product_cat?post=723917"},{"taxonomy":"product_tag","embeddable":true,"href":"https:\/\/roveyayinevi.com.tr\/index.php\/wp-json\/wp\/v2\/product_tag?post=723917"}],"curies":[{"name":"wp","href":"https:\/\/api.w.org\/{rel}","templated":true}]}}