{"id":723915,"date":"2025-08-27T19:27:01","date_gmt":"2025-08-27T16:27:01","guid":{"rendered":"https:\/\/roveyayinevi.com.tr\/index.php\/urun\/cevre-sorunlarinda-bilinmeyen-100-bilimsel-gercek\/"},"modified":"2026-04-16T02:31:51","modified_gmt":"2026-04-15T23:31:51","slug":"cevre-sorunlarinda-bilinmeyen-100-bilimsel-gercek","status":"publish","type":"product","link":"https:\/\/roveyayinevi.com.tr\/index.php\/urun\/cevre-sorunlarinda-bilinmeyen-100-bilimsel-gercek\/","title":{"rendered":"\u00c7evre Sorunlar\u0131nda Bilinmeyen 100 Bilimsel Ger\u00e7ek"},"content":{"rendered":"<p>Bu kitapta tart\u0131\u015f\u0131lan 100 sorudan baz\u0131lar\u0131: Sigara \u0130\u00e7mek ve Obezite Bir \u00c7evre Su\u00e7u Mu?\u0130nsanlar Neden Do\u011fan\u0131n En \u00d6nemsiz Canl\u0131s\u0131d\u0131r?Kad\u0131nlar Neden \u00c7evre Sorunlar\u0131ndan Daha Fazla Etkilenir?\u00c7evre Sorunlar\u0131 Neden Koronavir\u00fcs Gibi Salg\u0131n Hastal\u0131klar\u0131 Tetikler?K\u00fcresel Is\u0131nma Ger\u00e7ek Mi?         Vejetaryenlik \u00c7evre Dostu Mudur?Plastik Po\u015fetlerin Paral\u0131 Olmas\u0131 Ticari Mi?Elektrikli Arabalar \u00c7evre Dostu Mudur?\u00dclkelerin Silaha Ay\u0131rd\u0131\u011f\u0131 B\u00fct\u00e7e ile \u00c7evre \u0130li\u015fkisi Nedir?Atat\u00fcrk \u00c7evreci Bir Lider Miydi?<\/p>\n","protected":false},"excerpt":{"rendered":"<p>Bu kitapta tart\u0131\u015f\u0131lan 100 sorudan baz\u0131lar\u0131: Sigara \u0130\u00e7mek ve Obezite Bir \u00c7evre Su\u00e7u Mu?\u0130nsanlar Neden Do\u011fan\u0131n En \u00d6nemsiz Canl\u0131s\u0131d\u0131r?Kad\u0131nlar Neden \u00c7evre Sorunlar\u0131ndan Daha Fazla Etkilenir?\u00c7evre Sorunlar\u0131<span class=\"excerpt-hellip\"> [\u2026]<\/span><\/p>\n","protected":false},"featured_media":0,"template":"","meta":{"_monsterinsights_skip_tracking":false,"_monsterinsights_sitenote_active":false,"_monsterinsights_sitenote_note":"","_monsterinsights_sitenote_category":0},"product_brand":[],"product_cat":[23323,12364],"product_tag":[],"class_list":{"0":"post-723915","1":"product","2":"type-product","3":"status-publish","5":"product_cat-ekoloji","6":"product_cat-genel-konular","7":"pa_cilt-ciltsiz","8":"pa_tur-kitap","9":"pa_yayinevi-astana-yayinlari","10":"pa_yazar-emrah-akyuz","12":"first","13":"instock","14":"sale","15":"shipping-taxable","16":"purchasable","17":"product-type-simple"},"_links":{"self":[{"href":"https:\/\/roveyayinevi.com.tr\/index.php\/wp-json\/wp\/v2\/product\/723915","targetHints":{"allow":["GET"]}}],"collection":[{"href":"https:\/\/roveyayinevi.com.tr\/index.php\/wp-json\/wp\/v2\/product"}],"about":[{"href":"https:\/\/roveyayinevi.com.tr\/index.php\/wp-json\/wp\/v2\/types\/product"}],"wp:attachment":[{"href":"https:\/\/roveyayinevi.com.tr\/index.php\/wp-json\/wp\/v2\/media?parent=723915"}],"wp:term":[{"taxonomy":"product_brand","embeddable":true,"href":"https:\/\/roveyayinevi.com.tr\/index.php\/wp-json\/wp\/v2\/product_brand?post=723915"},{"taxonomy":"product_cat","embeddable":true,"href":"https:\/\/roveyayinevi.com.tr\/index.php\/wp-json\/wp\/v2\/product_cat?post=723915"},{"taxonomy":"product_tag","embeddable":true,"href":"https:\/\/roveyayinevi.com.tr\/index.php\/wp-json\/wp\/v2\/product_tag?post=723915"}],"curies":[{"name":"wp","href":"https:\/\/api.w.org\/{rel}","templated":true}]}}