{"id":723914,"date":"2025-08-27T19:27:00","date_gmt":"2025-08-27T16:27:00","guid":{"rendered":"https:\/\/roveyayinevi.com.tr\/index.php\/urun\/tabii-imam-ebu-kilabe-el-cerminin-fikhi-reyleri\/"},"modified":"2026-04-16T02:31:51","modified_gmt":"2026-04-15T23:31:51","slug":"tabii-imam-ebu-kilabe-el-cerminin-fikhi-reyleri","status":"publish","type":"product","link":"https:\/\/roveyayinevi.com.tr\/index.php\/urun\/tabii-imam-ebu-kilabe-el-cerminin-fikhi-reyleri\/","title":{"rendered":"Tabii \u0130mam Ebu K\u0131labe El-Cermi&#8217;nin F\u0131khi Reyleri"},"content":{"rendered":"<p>\u0130slam hukuk tarihinde silinmez bir iz b\u0131rakan t\u00e2bi\u00een ulem\u00e2s\u0131ndan birisi de hi\u00e7 \u015f\u00fcphesiz Eb\u00fb K\u0131l\u00e2be Abdullah b. Zeyd b. Amr el-Cerm\u00ee&#8217;dir. Pek \u00e7ok hadis rivayet eden ve sika bir r\u00e2vi olan bu t\u00e2bi\u00ee, ayn\u0131 zamanda fakihlik y\u00f6n\u00fcyle de \u00f6ne \u00e7\u0131km\u0131\u015ft\u0131r. Zira sah\u00e2beden Eb\u00fb H\u00fcreyre, Abdullah b. Abbas, Abdullah b. \u00d6mer ve Enes b. M\u00e2lik gibi g\u00fczide sah\u00e2beden hadis rivayet ederek ve musannef t\u00fcr\u00fc hadis kitaplar\u0131nda ise g\u00f6r\u00fc\u015flerini a\u00e7\u0131klayarak f\u0131kh\u00ee re\u2019ylerini serdetmi\u015ftir. Kendi d\u00f6nemindeki baz\u0131 t\u00e2bi\u00een ulem\u00e2s\u0131 bile ondaki hadisleri tam olarak nakletme ve bu hadislerden orijinal f\u0131kh\u00ee \u00e7\u0131kar\u0131mlar yapma konusundaki dehas\u0131n\u0131 ve farkl\u0131 kimli\u011fe sahip oldu\u011funu itiraf etmi\u015ftir. \u00d6yleyse bu t\u00e2bi\u00ee fakihin hayat\u0131n\u0131n ve f\u0131kh\u00ee g\u00f6r\u00fc\u015flerinin m\u00fcstakil bir \u00e7al\u0131\u015fmada ele al\u0131nmas\u0131 ve insanl\u0131\u011f\u0131n hizmetine sunulmas\u0131 b\u00fcy\u00fck \u00f6nem arz etmektedir.Bu \u00e7al\u0131\u015fma Eb\u00fb K\u0131l\u00e2be\u2019nin hayat\u0131n\u0131, s\u00fcnen ve musannef t\u00fcr\u00fc hadis kaynaklar\u0131ndaki i\u00e7tihat ve fetvalar\u0131n\u0131 ve nakletti\u011fi hadisler ba\u011flam\u0131ndaki f\u0131kh\u00ee d\u00fc\u015f\u00fcncelerini ele almay\u0131 ama\u00e7lamaktad\u0131r. Sonu\u00e7 olarak Eb\u00fb K\u0131l\u00e2be\u2019nin pek \u00e7ok konuda orijinal f\u0131kh\u00ee g\u00f6r\u00fc\u015flerinin bulundu\u011fu m\u00fc\u015fahede edilmi\u015ftir.<\/p>\n","protected":false},"excerpt":{"rendered":"<p>\u0130slam hukuk tarihinde silinmez bir iz b\u0131rakan t\u00e2bi\u00een ulem\u00e2s\u0131ndan birisi de hi\u00e7 \u015f\u00fcphesiz Eb\u00fb K\u0131l\u00e2be Abdullah b. Zeyd b. Amr el-Cerm\u00ee&#8217;dir. Pek \u00e7ok hadis rivayet eden<span class=\"excerpt-hellip\"> [\u2026]<\/span><\/p>\n","protected":false},"featured_media":0,"template":"","meta":{"_monsterinsights_skip_tracking":false,"_monsterinsights_sitenote_active":false,"_monsterinsights_sitenote_note":"","_monsterinsights_sitenote_category":0},"product_brand":[],"product_cat":[12718,12719,17333],"product_tag":[],"class_list":{"0":"post-723914","1":"product","2":"type-product","3":"status-publish","5":"product_cat-din","6":"product_cat-islam","7":"product_cat-islam-hukuku","8":"pa_cilt-ciltsiz","9":"pa_tur-kitap","10":"pa_yayinevi-astana-yayinlari","11":"pa_yazar-murat-polat","13":"first","14":"instock","15":"sale","16":"shipping-taxable","17":"purchasable","18":"product-type-simple"},"_links":{"self":[{"href":"https:\/\/roveyayinevi.com.tr\/index.php\/wp-json\/wp\/v2\/product\/723914","targetHints":{"allow":["GET"]}}],"collection":[{"href":"https:\/\/roveyayinevi.com.tr\/index.php\/wp-json\/wp\/v2\/product"}],"about":[{"href":"https:\/\/roveyayinevi.com.tr\/index.php\/wp-json\/wp\/v2\/types\/product"}],"wp:attachment":[{"href":"https:\/\/roveyayinevi.com.tr\/index.php\/wp-json\/wp\/v2\/media?parent=723914"}],"wp:term":[{"taxonomy":"product_brand","embeddable":true,"href":"https:\/\/roveyayinevi.com.tr\/index.php\/wp-json\/wp\/v2\/product_brand?post=723914"},{"taxonomy":"product_cat","embeddable":true,"href":"https:\/\/roveyayinevi.com.tr\/index.php\/wp-json\/wp\/v2\/product_cat?post=723914"},{"taxonomy":"product_tag","embeddable":true,"href":"https:\/\/roveyayinevi.com.tr\/index.php\/wp-json\/wp\/v2\/product_tag?post=723914"}],"curies":[{"name":"wp","href":"https:\/\/api.w.org\/{rel}","templated":true}]}}