{"id":723911,"date":"2025-08-27T19:26:58","date_gmt":"2025-08-27T16:26:58","guid":{"rendered":"https:\/\/roveyayinevi.com.tr\/index.php\/urun\/turk-dusunce-tarihi\/"},"modified":"2026-04-16T02:31:51","modified_gmt":"2026-04-15T23:31:51","slug":"turk-dusunce-tarihi","status":"publish","type":"product","link":"https:\/\/roveyayinevi.com.tr\/index.php\/urun\/turk-dusunce-tarihi\/","title":{"rendered":"T\u00fcrk D\u00fc\u015f\u00fcnce Tarihi"},"content":{"rendered":"<p>D\u00fc\u015f\u00fcnmenin giderek daha \u00f6nem kazand\u0131\u011f\u0131 bir d\u00fcnyada ya\u015f\u0131yoruz. \u00c7\u00fcnk\u00fc d\u00fcnyay\u0131 ve hayat\u0131 anlamland\u0131rmam\u0131z\u0131, bilimi, hayat\u0131m\u0131z\u0131 kolayla\u015ft\u0131ran teknolojik \u00fcr\u00fcnleri, yap\u0131p ettiklerimizin bir \u00fcr\u00fcn\u00fc olan sanat\u0131 ve inan\u00e7lar\u0131m\u0131z\u0131 rasyonelle\u015ftirmeyi, d\u00fc\u015f\u00fcnmeye bor\u00e7luyuz.Ancak d\u00fc\u015f\u00fcnce tarihi veya felsefe tarihi deyince \u00e7o\u011funlukla Bat\u0131 d\u00fcnyas\u0131 akla gelmekte, bilim adamlar\u0131m\u0131zca yaz\u0131lm\u0131\u015f olan felsefe tarihiyle ilgili kitaplarda T\u00fcrk-\u0130slam filozof veya d\u00fc\u015f\u00fcn\u00fcrlerine yer verilmedi\u011fi g\u00f6r\u00fclmektedir. Oysaki tarihe bak\u0131ld\u0131\u011f\u0131nda bizim de bir\u00e7ok filozofumuz ve m\u00fctefekkirimizin bulundu\u011fu, millet\u00e7e muazzam bir d\u00fc\u015f\u00fcnce miras\u0131na sahip oldu\u011fumuz, bir ger\u00e7eklik olarak kar\u015f\u0131m\u0131za \u00e7\u0131kmaktad\u0131r. \u00dcstelik bu d\u00fc\u015f\u00fcnce miras\u0131m\u0131z\u0131n i\u00e7erisinde sanattan dine, felsefeden bilime kadar her alanda ortaya konulmu\u015f say\u0131s\u0131z d\u00fc\u015f\u00fcnce \u00fcr\u00fcnlerimiz bulunmaktad\u0131r. Bu geni\u015f yelpazeyi dikkate ald\u0131\u011f\u0131m\u0131zda s\u0131n\u0131rlar\u0131 belli olan elinizdeki bu kitapta, filozof unvan\u0131na sahip, din\u00ee d\u00fc\u015f\u00fcncede s\u00f6z sahibi, bilim tarihine mal olmu\u015f ve sanat alan\u0131nda kendini kan\u0131tlam\u0131\u015f bulunan \u015fahsiyetlerimiz aras\u0131nda bir se\u00e7ki yapma mecburiyetinde kald\u0131k ve \u00f6ne \u00e7\u0131km\u0131\u015f baz\u0131 filozof, din ve bilim alan\u0131ndaki d\u00fc\u015f\u00fcn\u00fcr ve sanatk\u00e2rlar\u0131m\u0131za yer verebildik. Kitab\u0131n, ge\u00e7mi\u015fimizi \u00f6\u011frenmek ve gelece\u011fe g\u00fcvenle bakabilmek bak\u0131m\u0131ndan okuyuculara faydal\u0131 olmas\u0131 dile\u011fiyle&#8230;<\/p>\n","protected":false},"excerpt":{"rendered":"<p>D\u00fc\u015f\u00fcnmenin giderek daha \u00f6nem kazand\u0131\u011f\u0131 bir d\u00fcnyada ya\u015f\u0131yoruz. \u00c7\u00fcnk\u00fc d\u00fcnyay\u0131 ve hayat\u0131 anlamland\u0131rmam\u0131z\u0131, bilimi, hayat\u0131m\u0131z\u0131 kolayla\u015ft\u0131ran teknolojik \u00fcr\u00fcnleri, yap\u0131p ettiklerimizin bir \u00fcr\u00fcn\u00fc olan sanat\u0131 ve inan\u00e7lar\u0131m\u0131z\u0131<span class=\"excerpt-hellip\"> [\u2026]<\/span><\/p>\n","protected":false},"featured_media":0,"template":"","meta":{"_monsterinsights_skip_tracking":false,"_monsterinsights_sitenote_active":false,"_monsterinsights_sitenote_note":"","_monsterinsights_sitenote_category":0},"product_brand":[],"product_cat":[12304,14138],"product_tag":[],"class_list":{"0":"post-723911","1":"product","2":"type-product","3":"status-publish","5":"product_cat-tarih","6":"product_cat-tarih-felsefesi","7":"pa_cilt-ciltsiz","8":"pa_tur-kitap","9":"pa_yayinevi-bilge-kultur-sanat","10":"pa_yazar-h-omer-ozden","12":"first","13":"instock","14":"sale","15":"shipping-taxable","16":"purchasable","17":"product-type-simple"},"_links":{"self":[{"href":"https:\/\/roveyayinevi.com.tr\/index.php\/wp-json\/wp\/v2\/product\/723911","targetHints":{"allow":["GET"]}}],"collection":[{"href":"https:\/\/roveyayinevi.com.tr\/index.php\/wp-json\/wp\/v2\/product"}],"about":[{"href":"https:\/\/roveyayinevi.com.tr\/index.php\/wp-json\/wp\/v2\/types\/product"}],"wp:attachment":[{"href":"https:\/\/roveyayinevi.com.tr\/index.php\/wp-json\/wp\/v2\/media?parent=723911"}],"wp:term":[{"taxonomy":"product_brand","embeddable":true,"href":"https:\/\/roveyayinevi.com.tr\/index.php\/wp-json\/wp\/v2\/product_brand?post=723911"},{"taxonomy":"product_cat","embeddable":true,"href":"https:\/\/roveyayinevi.com.tr\/index.php\/wp-json\/wp\/v2\/product_cat?post=723911"},{"taxonomy":"product_tag","embeddable":true,"href":"https:\/\/roveyayinevi.com.tr\/index.php\/wp-json\/wp\/v2\/product_tag?post=723911"}],"curies":[{"name":"wp","href":"https:\/\/api.w.org\/{rel}","templated":true}]}}