{"id":723910,"date":"2025-08-27T19:26:57","date_gmt":"2025-08-27T16:26:57","guid":{"rendered":"https:\/\/roveyayinevi.com.tr\/index.php\/urun\/cengizname\/"},"modified":"2026-04-16T02:31:51","modified_gmt":"2026-04-15T23:31:51","slug":"cengizname","status":"publish","type":"product","link":"https:\/\/roveyayinevi.com.tr\/index.php\/urun\/cengizname\/","title":{"rendered":"Cengizname"},"content":{"rendered":"<p>Cengiz Ka\u011fan, Mo\u011follar\u0131n Gizli Tarihi ve Altan Top\u00e7i adl\u0131 eserlerde de anlat\u0131ld\u0131\u011f\u0131 \u00fczere, Mo\u011follar\u0131n efsanev\u00ee lideri olup, kurdu\u011fu devlet Orta Asya\u2019dan De\u015ft-i K\u0131p\u00e7ak\u2019a uzanm\u0131\u015f ve uzun s\u00fcre tarih sahnesinde kalm\u0131\u015ft\u0131r. Cengiz Ka\u011fan\u2019dan sonra, XVI. y\u00fczy\u0131lda, \u00d6temi\u015f Hac\u0131 taraf\u0131ndan \u201c\u00c7a\u011fatay T\u00fcrk\u00e7esi\u201d (Do\u011fu T\u00fcrk yaz\u0131 dili) ile yaz\u0131lm\u0131\u015f olan Cengizn\u00e2me adl\u0131 bu eser, \u00e7o\u011fu zaman s\u00f6zl\u00fc rivayetlere dayanmakta olup, \u201cCengiz Han; \u0130cen Han ve Say\u0131n Han; \u015eiban Han; Berke Han; Meng\u00fc Tem\u00fcr Han; Toktaga Han; \u00d6zbek Han (\u00d6zbek Han\u2019\u0131n \u0130sl\u00e2miyeti kabul\u00fc ile ilgili hik\u00e2ye); Can\u0131bek Han ve Berdibek Han destanlar\u0131n\u0131n ba\u015flang\u0131\u00e7lar\u0131\u201dn\u0131 anlatmaktad\u0131r.Yazma n\u00fcsha, t\u00e2lik yaz\u0131 ile yaz\u0131lm\u0131\u015f olup, 37a-59a sayfalar\u0131ndan ve 869 sat\u0131rdan olu\u015fmaktad\u0131r. Eserde ge\u00e7en olaylar\u0131n pek \u00e7o\u011fu rivayetlere dayanmakla birlikte, Orta Asya T\u00fcrk-Mo\u011fol tarihi i\u00e7in de\u011ferli bir kaynakt\u0131r. Eser, i\u00e7inde ge\u00e7en olaylar\u0131n yan\u0131nda, ki\u015fi, yer (\u015fehir, da\u011f, ova, nehir, g\u00f6l) ve madde adlar\u0131 bak\u0131m\u0131ndan da \u00f6nemli olup bu konularda \u00e7al\u0131\u015fan T\u00fcrkologlar i\u00e7in birer veridir.<\/p>\n","protected":false},"excerpt":{"rendered":"<p>Cengiz Ka\u011fan, Mo\u011follar\u0131n Gizli Tarihi ve Altan Top\u00e7i adl\u0131 eserlerde de anlat\u0131ld\u0131\u011f\u0131 \u00fczere, Mo\u011follar\u0131n efsanev\u00ee lideri olup, kurdu\u011fu devlet Orta Asya\u2019dan De\u015ft-i K\u0131p\u00e7ak\u2019a uzanm\u0131\u015f ve uzun<span class=\"excerpt-hellip\"> [\u2026]<\/span><\/p>\n","protected":false},"featured_media":0,"template":"","meta":{"_monsterinsights_skip_tracking":false,"_monsterinsights_sitenote_active":false,"_monsterinsights_sitenote_note":"","_monsterinsights_sitenote_category":0},"product_brand":[],"product_cat":[12370,12304],"product_tag":[],"class_list":{"0":"post-723910","1":"product","2":"type-product","3":"status-publish","5":"product_cat-arastirma-inceleme","6":"product_cat-tarih","7":"pa_cilt-ciltsiz","8":"pa_tur-kitap","9":"pa_yayinevi-bilge-kultur-sanat","10":"pa_yazar-otemis-haci","12":"first","13":"instock","14":"sale","15":"shipping-taxable","16":"purchasable","17":"product-type-simple"},"_links":{"self":[{"href":"https:\/\/roveyayinevi.com.tr\/index.php\/wp-json\/wp\/v2\/product\/723910","targetHints":{"allow":["GET"]}}],"collection":[{"href":"https:\/\/roveyayinevi.com.tr\/index.php\/wp-json\/wp\/v2\/product"}],"about":[{"href":"https:\/\/roveyayinevi.com.tr\/index.php\/wp-json\/wp\/v2\/types\/product"}],"wp:attachment":[{"href":"https:\/\/roveyayinevi.com.tr\/index.php\/wp-json\/wp\/v2\/media?parent=723910"}],"wp:term":[{"taxonomy":"product_brand","embeddable":true,"href":"https:\/\/roveyayinevi.com.tr\/index.php\/wp-json\/wp\/v2\/product_brand?post=723910"},{"taxonomy":"product_cat","embeddable":true,"href":"https:\/\/roveyayinevi.com.tr\/index.php\/wp-json\/wp\/v2\/product_cat?post=723910"},{"taxonomy":"product_tag","embeddable":true,"href":"https:\/\/roveyayinevi.com.tr\/index.php\/wp-json\/wp\/v2\/product_tag?post=723910"}],"curies":[{"name":"wp","href":"https:\/\/api.w.org\/{rel}","templated":true}]}}