{"id":723905,"date":"2025-08-27T19:26:53","date_gmt":"2025-08-27T16:26:53","guid":{"rendered":"https:\/\/roveyayinevi.com.tr\/index.php\/urun\/eyvah-demeden-allah-diyelim\/"},"modified":"2026-04-16T02:31:51","modified_gmt":"2026-04-15T23:31:51","slug":"eyvah-demeden-allah-diyelim","status":"publish","type":"product","link":"https:\/\/roveyayinevi.com.tr\/index.php\/urun\/eyvah-demeden-allah-diyelim\/","title":{"rendered":"Eyvah Demeden Allah Diyelim"},"content":{"rendered":"<p>Konu\u015fmak g\u00fczeldir elbette. Dertle\u015fmek gibisi var m\u0131 \u015fu hayatta? \u0130\u00e7ini d\u00f6k rahatlars\u0131n denmez mi, dertlerinden dokunsan a\u011flayacak hale gelen insana? Dokunsalar a\u011flayaca\u011f\u0131m\u0131z dertlerimizi sahibimize, Allah-u Z\u00fclcel\u00e2l Hazretleri\u2019ne arz etmenin vesilesidir dua. Dertlerimize bir felah dilek\u00e7esi, huzur bulman\u0131n re\u00e7etesidir dua\u2026 Sadece h\u00fcz\u00fcnlerimizi de\u011fil; sevin\u00e7lerimizi, taleplerimizi, kayg\u0131lar\u0131m\u0131z\u0131 ve heyecanlar\u0131m\u0131z\u0131 da doyas\u0131ya anlatabilmektir Rabbimize. Dua bir s\u0131rd\u0131r k\u0131ymetini bilene\u2026 Dua etmeliyiz Rabbimize\u2026 Hayk\u0131rmal\u0131y\u0131z h\u00fcz\u00fcnlerimizi de sevin\u00e7lerimizi de\u2026 Anlam\u0131yor bizi kimse diye \u00e7ekilmemeliyiz bir k\u00f6\u015feye. Bizi yaratan, dert yanmak ve dertlerimize derman olmak i\u00e7in k\u00e2fi gelmez mi bize? \u00d6nemli olan dua edebilmektir. \u00d6nemli olan eyvah demeden Allah diyebilmektir.<\/p>\n","protected":false},"excerpt":{"rendered":"<p>Konu\u015fmak g\u00fczeldir elbette. Dertle\u015fmek gibisi var m\u0131 \u015fu hayatta? \u0130\u00e7ini d\u00f6k rahatlars\u0131n denmez mi, dertlerinden dokunsan a\u011flayacak hale gelen insana? Dokunsalar a\u011flayaca\u011f\u0131m\u0131z dertlerimizi sahibimize, Allah-u Z\u00fclcel\u00e2l<span class=\"excerpt-hellip\"> [\u2026]<\/span><\/p>\n","protected":false},"featured_media":0,"template":"","meta":{"_monsterinsights_skip_tracking":false,"_monsterinsights_sitenote_active":false,"_monsterinsights_sitenote_note":"","_monsterinsights_sitenote_category":0},"product_brand":[],"product_cat":[12718,12719,15238],"product_tag":[],"class_list":{"0":"post-723905","1":"product","2":"type-product","3":"status-publish","5":"product_cat-din","6":"product_cat-islam","7":"product_cat-tasavvuf","8":"pa_cilt-ciltsiz","9":"pa_tur-kitap","10":"pa_yayinevi-az-kitap-yayinlari","11":"pa_yazar-orhan-karasu","13":"first","14":"instock","15":"sale","16":"shipping-taxable","17":"purchasable","18":"product-type-simple"},"_links":{"self":[{"href":"https:\/\/roveyayinevi.com.tr\/index.php\/wp-json\/wp\/v2\/product\/723905","targetHints":{"allow":["GET"]}}],"collection":[{"href":"https:\/\/roveyayinevi.com.tr\/index.php\/wp-json\/wp\/v2\/product"}],"about":[{"href":"https:\/\/roveyayinevi.com.tr\/index.php\/wp-json\/wp\/v2\/types\/product"}],"wp:attachment":[{"href":"https:\/\/roveyayinevi.com.tr\/index.php\/wp-json\/wp\/v2\/media?parent=723905"}],"wp:term":[{"taxonomy":"product_brand","embeddable":true,"href":"https:\/\/roveyayinevi.com.tr\/index.php\/wp-json\/wp\/v2\/product_brand?post=723905"},{"taxonomy":"product_cat","embeddable":true,"href":"https:\/\/roveyayinevi.com.tr\/index.php\/wp-json\/wp\/v2\/product_cat?post=723905"},{"taxonomy":"product_tag","embeddable":true,"href":"https:\/\/roveyayinevi.com.tr\/index.php\/wp-json\/wp\/v2\/product_tag?post=723905"}],"curies":[{"name":"wp","href":"https:\/\/api.w.org\/{rel}","templated":true}]}}