{"id":723904,"date":"2025-08-27T19:26:52","date_gmt":"2025-08-27T16:26:52","guid":{"rendered":"https:\/\/roveyayinevi.com.tr\/index.php\/urun\/cok-ozel-bir-fare-ile-kostebek\/"},"modified":"2026-04-16T02:31:51","modified_gmt":"2026-04-15T23:31:51","slug":"cok-ozel-bir-fare-ile-kostebek","status":"publish","type":"product","link":"https:\/\/roveyayinevi.com.tr\/index.php\/urun\/cok-ozel-bir-fare-ile-kostebek\/","title":{"rendered":"\u00c7ok \u00d6zel Bir Fare ile K\u00f6stebek"},"content":{"rendered":"<p>\u201cNe d\u00fc\u015f\u00fcnd\u00fcr\u00fcyor sana, K\u00f6stebek karde\u015f?\u201d \u201c\u00d6nce sen s\u00f6yle.\u201d\u201cVar olan t\u00fcm \u00e7ak\u0131l ta\u015flar\u0131n\u0131 d\u00fc\u015f\u00fcnd\u00fcr\u00fcyor bana. \u00d6nceden var olmu\u015f ve gelecekte var olacak t\u00fcm \u00e7ak\u0131l ta\u015flar\u0131n\u0131.\u201d\u201cSay\u0131lamayacak kadar \u00e7ok \u00e7ak\u0131l ta\u015f\u0131.\u201d \u201cSonra bana, var olan t\u00fcm fareleri d\u00fc\u015f\u00fcnd\u00fcr\u00fcyor. \u00d6nceden var olmu\u015f, gelecekte var olacak t\u00fcm fareleri.\u201d\u201cSay\u0131lamayacak kadar \u00e7ok fare.\u201d\u201cKesinlikle \u00f6yle. Bu kadar \u00e7ok \u00e7ak\u0131l ta\u015f\u0131 varsa, bir \u00e7ak\u0131l ta\u015f\u0131n\u0131n ne k\u0131ymeti olabilir ki? Ve bu kadar \u00e7ok fare varsa, bir farenin nas\u0131l herhangi bir \u00f6nemi olabilir?\u201d\u201cGer\u00e7ekten de nas\u0131l olabilir?\u201d \u201cK\u00f6stebek karde\u015f, bunun anlam\u0131 \u015fu: Benim hi\u00e7bir \u00f6nemim yok.\u201d\u201cSen benim i\u00e7in \u00f6nemlisin.\u201dFare ile K\u00f6stebek\u2019in her g\u00fcn\u00fc \u00f6yle s\u0131cak, \u00f6yle i\u00e7ten anlarla dolu ki\u2026 Fare ne\u015feli ve pratik, K\u00f6stebek ise heyecanl\u0131 ve duygusal. \u0130ki dostun birbirini anlayan, tamamlayan, hayat\u0131 birlikte tadan e\u011flenceli halleri ve sohbetleri hepimizi g\u00fcl\u00fcmsetecek. Belki kendi i\u00e7ten dostlar\u0131m\u0131z akl\u0131m\u0131za gelecek, ne \u015fansl\u0131 oldu\u011fumuzu bir kez daha hat\u0131rlayaca\u011f\u0131z. Bir de \u00fcst\u00fcne tad\u0131na doyamayaca\u011f\u0131m\u0131z \u00e7izimler gelip bize s\u0131ms\u0131k\u0131 sar\u0131lacak. Oh, kestane kebap!\u00dcnl\u00fc yazar ve \u00e7izer Joyce Dunbar-James Mayhew ekibinden, \u00f6d\u00fcll\u00fc bir \u00e7izgi film olarak da kar\u015f\u0131m\u0131za \u00e7\u0131kan ve zaman\u0131m\u0131z\u0131n klasiklerinden say\u0131lan bu yumu\u015fac\u0131k, mizahi \u00f6yk\u00fcler, iyi g\u00fcnde k\u00f6t\u00fc g\u00fcnde yan yana duran t\u00fcm dostlar i\u00e7in. Fare ile K\u00f6stebek\u2019in g\u00fcndelik k\u00fc\u00e7\u00fck e\u011flenceleri, her \u015feyde \u00f6zel bir yan oldu\u011funu fark etmelerini sa\u011flayacak. Buna kendileri de d\u00e2hil\u2026Haydi tatl\u0131 okur, kitab\u0131 a\u00e7 da yar\u0131s\u0131 kay\u0131p yiyeceklerin, Humphrey Sopa ile Sa\u00e7ma Birikinti\u2019nin ve fark edilmeyi bekleyen biricik \u015feylerin bu muzip bekleyi\u015fi son bulsun.\u201cS\u0131cac\u0131k, esprili \u00e7izimler\u2026 Tam da serin bir \u00f6\u011fleden sonra i\u00e7imizi \u0131s\u0131tmak i\u00e7in.\u201dPractical Parenting\u201c\u00c7ocuklar, bu s\u0131rad\u0131\u015f\u0131 iki arkada\u015f\u0131n yal\u0131n ser\u00fcvenlerine bay\u0131lacaklar.\u201dThe School Librarian\u201cYa\u015famlar\u0131n\u0131 birlikte s\u00fcrd\u00fcren bu iki karakter, \u00e7ocuk edebiyat\u0131n\u0131n en b\u00fcy\u00fckleri aras\u0131nda yer al\u0131yor.\u201dSunday Times<\/p>\n","protected":false},"excerpt":{"rendered":"<p>\u201cNe d\u00fc\u015f\u00fcnd\u00fcr\u00fcyor sana, K\u00f6stebek karde\u015f?\u201d \u201c\u00d6nce sen s\u00f6yle.\u201d\u201cVar olan t\u00fcm \u00e7ak\u0131l ta\u015flar\u0131n\u0131 d\u00fc\u015f\u00fcnd\u00fcr\u00fcyor bana. \u00d6nceden var olmu\u015f ve gelecekte var olacak t\u00fcm \u00e7ak\u0131l ta\u015flar\u0131n\u0131.\u201d\u201cSay\u0131lamayacak kadar \u00e7ok<span class=\"excerpt-hellip\"> [\u2026]<\/span><\/p>\n","protected":false},"featured_media":0,"template":"","meta":{"_monsterinsights_skip_tracking":false,"_monsterinsights_sitenote_active":false,"_monsterinsights_sitenote_note":"","_monsterinsights_sitenote_category":0},"product_brand":[],"product_cat":[12274,12284],"product_tag":[],"class_list":{"0":"post-723904","1":"product","2":"type-product","3":"status-publish","5":"product_cat-cocuk-ve-genclik-kitaplari","6":"product_cat-hikayeler","7":"pa_cilt-ciltsiz","8":"pa_tur-kitap","9":"pa_yayinevi-elma-cocuk","10":"pa_yazar-joyce-dunbar-james-mayhew","12":"first","13":"instock","14":"sale","15":"shipping-taxable","16":"purchasable","17":"product-type-simple"},"_links":{"self":[{"href":"https:\/\/roveyayinevi.com.tr\/index.php\/wp-json\/wp\/v2\/product\/723904","targetHints":{"allow":["GET"]}}],"collection":[{"href":"https:\/\/roveyayinevi.com.tr\/index.php\/wp-json\/wp\/v2\/product"}],"about":[{"href":"https:\/\/roveyayinevi.com.tr\/index.php\/wp-json\/wp\/v2\/types\/product"}],"wp:attachment":[{"href":"https:\/\/roveyayinevi.com.tr\/index.php\/wp-json\/wp\/v2\/media?parent=723904"}],"wp:term":[{"taxonomy":"product_brand","embeddable":true,"href":"https:\/\/roveyayinevi.com.tr\/index.php\/wp-json\/wp\/v2\/product_brand?post=723904"},{"taxonomy":"product_cat","embeddable":true,"href":"https:\/\/roveyayinevi.com.tr\/index.php\/wp-json\/wp\/v2\/product_cat?post=723904"},{"taxonomy":"product_tag","embeddable":true,"href":"https:\/\/roveyayinevi.com.tr\/index.php\/wp-json\/wp\/v2\/product_tag?post=723904"}],"curies":[{"name":"wp","href":"https:\/\/api.w.org\/{rel}","templated":true}]}}