{"id":723902,"date":"2025-08-27T19:26:51","date_gmt":"2025-08-27T16:26:51","guid":{"rendered":"https:\/\/roveyayinevi.com.tr\/index.php\/urun\/esrarengiz-kasaba-dipper-ve-mabel-zaman-korsanlari-hazinesinin-laneti\/"},"modified":"2026-04-16T02:31:51","modified_gmt":"2026-04-15T23:31:51","slug":"esrarengiz-kasaba-dipper-ve-mabel-zaman-korsanlari-hazinesinin-laneti","status":"publish","type":"product","link":"https:\/\/roveyayinevi.com.tr\/index.php\/urun\/esrarengiz-kasaba-dipper-ve-mabel-zaman-korsanlari-hazinesinin-laneti\/","title":{"rendered":"Esrarengiz Kasaba \u2013 Dipper Ve Mabel, Zaman Korsanlar\u0131 Hazinesi\u2019nin Laneti"},"content":{"rendered":"<p>Efsanevi Zaman Korsanlar\u0131 Hazinesi\u2019ni arayan Blendin Blandin, Dipper ile Mabel\u2019\u0131n\u2026 ve senin yard\u0131m\u0131na ihtiya\u00e7 duyuyor! Zamanda yolculuk yap\u0131p ejderhalarla dolu Orta \u00c7a\u011f\u2019\u0131, tuhaf Vah\u015fi Bat\u0131\u2019y\u0131 ve hem lazerlerle hem de devasa bebeklerle dolu gelece\u011fi g\u00f6rebilirsin!Farkl\u0131 ve \u00e7\u0131lg\u0131nca maceralara giden bir\u00e7ok yol aras\u0131ndan se\u00e7imleri SEN yapacaks\u0131n! Sonundaysa gelmi\u015f ge\u00e7mi\u015f en b\u00fcy\u00fck hazineyi bulabilir ya da Blendin ve ikizleri asla geri d\u00f6nemeyecekleri bir cehenneme g\u00f6nderebilirsin!<\/p>\n","protected":false},"excerpt":{"rendered":"<p>Efsanevi Zaman Korsanlar\u0131 Hazinesi\u2019ni arayan Blendin Blandin, Dipper ile Mabel\u2019\u0131n\u2026 ve senin yard\u0131m\u0131na ihtiya\u00e7 duyuyor! Zamanda yolculuk yap\u0131p ejderhalarla dolu Orta \u00c7a\u011f\u2019\u0131, tuhaf Vah\u015fi Bat\u0131\u2019y\u0131 ve<span class=\"excerpt-hellip\"> [\u2026]<\/span><\/p>\n","protected":false},"featured_media":0,"template":"","meta":{"_monsterinsights_skip_tracking":false,"_monsterinsights_sitenote_active":false,"_monsterinsights_sitenote_note":"","_monsterinsights_sitenote_category":0},"product_brand":[],"product_cat":[12274,12284],"product_tag":[],"class_list":{"0":"post-723902","1":"product","2":"type-product","3":"status-publish","5":"product_cat-cocuk-ve-genclik-kitaplari","6":"product_cat-hikayeler","7":"pa_cilt-ciltsiz","8":"pa_tur-kitap","9":"pa_yayinevi-beta-kids","10":"pa_yazar-jeffrey-rowe","12":"first","13":"instock","14":"sale","15":"shipping-taxable","16":"purchasable","17":"product-type-simple"},"_links":{"self":[{"href":"https:\/\/roveyayinevi.com.tr\/index.php\/wp-json\/wp\/v2\/product\/723902","targetHints":{"allow":["GET"]}}],"collection":[{"href":"https:\/\/roveyayinevi.com.tr\/index.php\/wp-json\/wp\/v2\/product"}],"about":[{"href":"https:\/\/roveyayinevi.com.tr\/index.php\/wp-json\/wp\/v2\/types\/product"}],"wp:attachment":[{"href":"https:\/\/roveyayinevi.com.tr\/index.php\/wp-json\/wp\/v2\/media?parent=723902"}],"wp:term":[{"taxonomy":"product_brand","embeddable":true,"href":"https:\/\/roveyayinevi.com.tr\/index.php\/wp-json\/wp\/v2\/product_brand?post=723902"},{"taxonomy":"product_cat","embeddable":true,"href":"https:\/\/roveyayinevi.com.tr\/index.php\/wp-json\/wp\/v2\/product_cat?post=723902"},{"taxonomy":"product_tag","embeddable":true,"href":"https:\/\/roveyayinevi.com.tr\/index.php\/wp-json\/wp\/v2\/product_tag?post=723902"}],"curies":[{"name":"wp","href":"https:\/\/api.w.org\/{rel}","templated":true}]}}