{"id":723898,"date":"2025-08-27T19:26:47","date_gmt":"2025-08-27T16:26:47","guid":{"rendered":"https:\/\/roveyayinevi.com.tr\/index.php\/urun\/col-prensi-ve-buz\/"},"modified":"2026-04-16T02:31:51","modified_gmt":"2026-04-15T23:31:51","slug":"col-prensi-ve-buz","status":"publish","type":"product","link":"https:\/\/roveyayinevi.com.tr\/index.php\/urun\/col-prensi-ve-buz\/","title":{"rendered":"\u00c7\u00f6l Prensi ve Buz"},"content":{"rendered":"<p>Yaz\u0131n en s\u0131cak g\u00fcnleri\u2026 Zeynep, Tan, Nil ve Berk s\u0131caktan hi\u00e7bir \u015fey yapam\u0131yor. Fakat g\u00fcnlerini daha keyifli ge\u00e7irmeleri i\u00e7in Leyla Teyze\u2019nin onlara bir s\u00fcrprizi var. Bir de hik\u00e2yesi tabii. D\u00fcnyay\u0131 merak eden \u00c7\u00f6l Prensi\u2019nin hik\u00e2yesi\u2026Hayat\u0131nda so\u011fuk hava nedir bilmeyen \u00c7\u00f6l Prensi uzaklardan gelen bir el\u00e7inin anlatt\u0131\u011f\u0131 so\u011fuk, karl\u0131 ve buzlu havay\u0131 duyunca nas\u0131l tepki verecek? Bizim k\u00fc\u00e7\u00fck filozoflar bu seferki d\u00fc\u015f\u00fcnce deneyinde neler d\u00fc\u015f\u00fcnecek? Peki ya siz? Haydi siz de d\u00fc\u015f\u00fcnce deneyinde onlara kat\u0131l\u0131n. Bakal\u0131m \u00c7\u00f6l Prensi ile Buz\u2019un hik\u00e2yesi sizi nerelere g\u00f6t\u00fcrecek?\u201cD\u00fc\u015f\u00fcnce Deneyleri\u201d serisi \u00e7ok soran, \u00e7ok d\u00fc\u015f\u00fcnen,hep merak edenler i\u00e7in.<\/p>\n","protected":false},"excerpt":{"rendered":"<p>Yaz\u0131n en s\u0131cak g\u00fcnleri\u2026 Zeynep, Tan, Nil ve Berk s\u0131caktan hi\u00e7bir \u015fey yapam\u0131yor. Fakat g\u00fcnlerini daha keyifli ge\u00e7irmeleri i\u00e7in Leyla Teyze\u2019nin onlara bir s\u00fcrprizi var. Bir<span class=\"excerpt-hellip\"> [\u2026]<\/span><\/p>\n","protected":false},"featured_media":0,"template":"","meta":{"_monsterinsights_skip_tracking":false,"_monsterinsights_sitenote_active":false,"_monsterinsights_sitenote_note":"","_monsterinsights_sitenote_category":0},"product_brand":[],"product_cat":[12274,12284],"product_tag":[],"class_list":{"0":"post-723898","1":"product","2":"type-product","3":"status-publish","5":"product_cat-cocuk-ve-genclik-kitaplari","6":"product_cat-hikayeler","7":"pa_cilt-ciltsiz","8":"pa_tur-kitap","9":"pa_yayinevi-masalperest-ozel-urun","10":"pa_yazar-tugce-buyukugurlu","12":"first","13":"instock","14":"sale","15":"shipping-taxable","16":"purchasable","17":"product-type-simple"},"_links":{"self":[{"href":"https:\/\/roveyayinevi.com.tr\/index.php\/wp-json\/wp\/v2\/product\/723898","targetHints":{"allow":["GET"]}}],"collection":[{"href":"https:\/\/roveyayinevi.com.tr\/index.php\/wp-json\/wp\/v2\/product"}],"about":[{"href":"https:\/\/roveyayinevi.com.tr\/index.php\/wp-json\/wp\/v2\/types\/product"}],"wp:attachment":[{"href":"https:\/\/roveyayinevi.com.tr\/index.php\/wp-json\/wp\/v2\/media?parent=723898"}],"wp:term":[{"taxonomy":"product_brand","embeddable":true,"href":"https:\/\/roveyayinevi.com.tr\/index.php\/wp-json\/wp\/v2\/product_brand?post=723898"},{"taxonomy":"product_cat","embeddable":true,"href":"https:\/\/roveyayinevi.com.tr\/index.php\/wp-json\/wp\/v2\/product_cat?post=723898"},{"taxonomy":"product_tag","embeddable":true,"href":"https:\/\/roveyayinevi.com.tr\/index.php\/wp-json\/wp\/v2\/product_tag?post=723898"}],"curies":[{"name":"wp","href":"https:\/\/api.w.org\/{rel}","templated":true}]}}