{"id":723896,"date":"2025-08-27T19:26:46","date_gmt":"2025-08-27T16:26:46","guid":{"rendered":"https:\/\/roveyayinevi.com.tr\/index.php\/urun\/orman-hubert-reeves-anlatiyor\/"},"modified":"2026-04-16T02:31:51","modified_gmt":"2026-04-15T23:31:51","slug":"orman-hubert-reeves-anlatiyor","status":"publish","type":"product","link":"https:\/\/roveyayinevi.com.tr\/index.php\/urun\/orman-hubert-reeves-anlatiyor\/","title":{"rendered":"Orman &#8211; Hubert Reeves Anlat\u0131yor"},"content":{"rendered":"<p>\u00dcnl\u00fc g\u00f6kfizik\u00e7isi Hubert Reeves ve dostlar\u0131n\u0131n \u00e7ocuklar i\u00e7in haz\u0131rlad\u0131\u011f\u0131 bilimsel \u00e7izgi roman serisinin ilkkitab\u0131 Biyo\u00e7e\u015fitlilik&#8217;ten sonra Orman da kitap raflar\u0131nda art\u0131k.A\u011fa\u00e7lar, bir sald\u0131r\u0131 kar\u015f\u0131s\u0131nda haberle\u015febilir mi? Gen\u00e7 a\u011fa\u00e7lar\u0131 koruyan &#8220;ana\u00e7 a\u011fa\u00e7lar&#8221; var m\u0131d\u0131r? Peki,orman yang\u0131nlar\u0131 t\u00fcm a\u011fa\u00e7lar i\u00e7in y\u0131k\u0131c\u0131 m\u0131d\u0131r? A\u011fa\u00e7 k\u00f6klerinde, a\u011fa\u00e7larla uyum i\u00e7inde ya\u015fayan canl\u0131lar varm\u0131d\u0131r? Acaba, gezdi\u011finiz o ormanda da efsanevi bir at y\u00fczy\u0131llard\u0131r dola\u015f\u0131yor mudur?Yan\u0131tlar, Hubert Reeves ve Nelly Boutinot&#8217;nun yazd\u0131\u011f\u0131, Daniel Casanave&#8217;\u0131n \u00e7izdi\u011fi, 2019 Paris-Saclay \u00c7ocukBilim Kitab\u0131 \u00d6d\u00fcl\u00fc&#8217;n\u00fc alan Orman\u2019da.* * *Orman, uzak atalar\u0131m\u0131z\u0131n evidir ve bizi ge\u00e7mi\u015fe ba\u011flar.Ola\u011fanustu canl\u0131l\u0131\u011f\u0131n\u0131 g\u00f6rmek ve k\u00f6klerimize inmek i\u00e7in ormana d\u00f6nu yoruz.Son bilimsel g\u00f6zlemler sayesinde, art\u0131k bitki ve hayvan dunyas\u0131n\u0131n birbirine tahmin etti\u011fimizden \u00e7ok dahafazla benzedi\u011fini, a\u011fa\u00e7lar\u0131n da kendilerince duyarl\u0131 canl\u0131lar oldu\u011funu biliyoruz.Orman\u0131n surdurulebilir bir \u015fekilde geli\u015fmesini; orman ekosistemlerini olu\u015fturan bitki ve hayvan turlerinintumunun korunmas\u0131n\u0131 sa\u011flamak hepimizin g\u00f6revi.<\/p>\n","protected":false},"excerpt":{"rendered":"<p>\u00dcnl\u00fc g\u00f6kfizik\u00e7isi Hubert Reeves ve dostlar\u0131n\u0131n \u00e7ocuklar i\u00e7in haz\u0131rlad\u0131\u011f\u0131 bilimsel \u00e7izgi roman serisinin ilkkitab\u0131 Biyo\u00e7e\u015fitlilik&#8217;ten sonra Orman da kitap raflar\u0131nda art\u0131k.A\u011fa\u00e7lar, bir sald\u0131r\u0131 kar\u015f\u0131s\u0131nda haberle\u015febilir mi?<span class=\"excerpt-hellip\"> [\u2026]<\/span><\/p>\n","protected":false},"featured_media":0,"template":"","meta":{"_monsterinsights_skip_tracking":false,"_monsterinsights_sitenote_active":false,"_monsterinsights_sitenote_note":"","_monsterinsights_sitenote_category":0},"product_brand":[],"product_cat":[13829,12274],"product_tag":[],"class_list":{"0":"post-723896","1":"product","2":"type-product","3":"status-publish","5":"product_cat-bilimsel-kitaplar","6":"product_cat-cocuk-ve-genclik-kitaplari","7":"pa_cilt-ciltsiz","8":"pa_tur-kitap","9":"pa_yayinevi-kuraldisi-yayinevi","10":"pa_yazar-hubert-reeves-nelly-boutinot","12":"first","13":"instock","14":"sale","15":"shipping-taxable","16":"purchasable","17":"product-type-simple"},"_links":{"self":[{"href":"https:\/\/roveyayinevi.com.tr\/index.php\/wp-json\/wp\/v2\/product\/723896","targetHints":{"allow":["GET"]}}],"collection":[{"href":"https:\/\/roveyayinevi.com.tr\/index.php\/wp-json\/wp\/v2\/product"}],"about":[{"href":"https:\/\/roveyayinevi.com.tr\/index.php\/wp-json\/wp\/v2\/types\/product"}],"wp:attachment":[{"href":"https:\/\/roveyayinevi.com.tr\/index.php\/wp-json\/wp\/v2\/media?parent=723896"}],"wp:term":[{"taxonomy":"product_brand","embeddable":true,"href":"https:\/\/roveyayinevi.com.tr\/index.php\/wp-json\/wp\/v2\/product_brand?post=723896"},{"taxonomy":"product_cat","embeddable":true,"href":"https:\/\/roveyayinevi.com.tr\/index.php\/wp-json\/wp\/v2\/product_cat?post=723896"},{"taxonomy":"product_tag","embeddable":true,"href":"https:\/\/roveyayinevi.com.tr\/index.php\/wp-json\/wp\/v2\/product_tag?post=723896"}],"curies":[{"name":"wp","href":"https:\/\/api.w.org\/{rel}","templated":true}]}}