{"id":723893,"date":"2025-08-27T19:26:44","date_gmt":"2025-08-27T16:26:44","guid":{"rendered":"https:\/\/roveyayinevi.com.tr\/index.php\/urun\/osmanlida-yasamak\/"},"modified":"2026-04-16T02:31:51","modified_gmt":"2026-04-15T23:31:51","slug":"osmanlida-yasamak","status":"publish","type":"product","link":"https:\/\/roveyayinevi.com.tr\/index.php\/urun\/osmanlida-yasamak\/","title":{"rendered":"OSMANLI\u2019DA YA\u015eAMAK"},"content":{"rendered":"<p>\u201cOsmanl\u0131 Devleti 600 y\u0131ldan fazla \u00f6m\u00fcr s\u00fcrm\u00fc\u015f, \u00fc\u00e7 k\u0131taya yay\u0131lm\u0131\u015f, ya\u015fl\u0131 d\u00fcnyam\u0131z\u0131n g\u00f6rd\u00fc\u011f\u00fc g\u00f6rece\u011fi en b\u00fcy\u00fck cihan devletlerinden birisi. Bu muazzam imparatorluk hakk\u0131nda say\u0131lamayacak kadar \u00e7ok ara\u015ft\u0131rma yap\u0131ld\u0131, makaleler, kitaplar bas\u0131ld\u0131. Osmanl\u0131y\u0131 ele alan tarih kitaplar\u0131nda fetihler ve fatihler anlat\u0131ld\u0131. Osmanl\u0131 maliyesi, ekonomisi, b\u00fcrokrasisi, incelendi. Osmanl\u0131 hanedan\u0131 didik didik edildi; ailenin \u201charem\u201dine girildi. Saraylar\u0131, k\u00f6\u015fkleri, mesire yerleri, \u00e7ar\u015f\u0131lar\u0131, ulu camileri ile payitahtlar resmedildi. B\u00fct\u00fcn bunlar Osmanl\u0131y\u0131 daha iyi \u00f6\u011frenmek ve kavramak i\u00e7in yap\u0131ld\u0131 ve yap\u0131l\u0131yor. Ama bir eksiklik hissediliyor her \u015feye ra\u011fmen; insan&#8230;Osmanl\u0131\u2019da Ya\u015famak, i\u015fte bu eksi\u011fi tamaml\u0131yor. Alpaslan Demir bu eserinde Osmanl\u0131\u2019da ya\u015fayanlar\u0131n dar sokaklar\u0131na, avlular\u0131na odalar\u0131na konuk ediyor bizi. Halk\u0131n g\u00fcndelik hayat\u0131n\u0131, sevin\u00e7lerini, korkular\u0131n\u0131, inan\u0131\u015flar\u0131n\u0131 sergiliyor k\u00fc\u00e7\u00fck hik\u00e2yelerle. Mahkemelere d\u00fc\u015fen, kad\u0131lar\u0131n dinleyip kendilerince \u00e7\u00f6zd\u00fc\u011f\u00fc davalar, Osmanl\u0131\u2019n\u0131n farkl\u0131 ve renkli hayat\u0131n\u0131 adeta bizde ya\u015fat\u0131yor. Osmanl\u0131\u2019da kad\u0131nlar da varm\u0131\u015f diyoruz, t\u0131pk\u0131 melek, t\u0131pk\u0131 cad\u0131 gibi.Alpaslan Demir bir akademisyen olarak Osmanl\u0131 ar\u015fiv belgelerinden, m\u00fchimine kay\u0131tlar\u0131ndan, kad\u0131 sicillerinden se\u00e7meler yaparak haz\u0131rlam\u0131\u015f bu g\u00fczel eseri. Osmanl\u0131 g\u00fcndelik hayat\u0131n\u0131n kahramanlar\u0131 \u00fczerine kurulu \u00f6zenle se\u00e7ilmi\u015f konular, \u00e7arp\u0131c\u0131 ba\u015fl\u0131klarla anlat\u0131lm\u0131\u015f. Bu k\u0131sa hik\u00e2ye veya anekdotlarda yazar yal\u0131n ve herkesin anlayabilece\u011fi bir dil kullanm\u0131\u015f. Okuyucu bu eserde Osmanl\u0131&#8217;n\u0131n tarihi yaz\u0131lmam\u0131\u015f insan\u0131n\u0131 bulacak, ona dokunacak ve bug\u00fcn\u00fcn insan\u0131ndan pek de farkl\u0131 olmad\u0131\u011f\u0131n\u0131 g\u00f6recek.\u201dProf. Dr. \u00dc\u00e7ler Bulduk<\/p>\n","protected":false},"excerpt":{"rendered":"<p>\u201cOsmanl\u0131 Devleti 600 y\u0131ldan fazla \u00f6m\u00fcr s\u00fcrm\u00fc\u015f, \u00fc\u00e7 k\u0131taya yay\u0131lm\u0131\u015f, ya\u015fl\u0131 d\u00fcnyam\u0131z\u0131n g\u00f6rd\u00fc\u011f\u00fc g\u00f6rece\u011fi en b\u00fcy\u00fck cihan devletlerinden birisi. Bu muazzam imparatorluk hakk\u0131nda say\u0131lamayacak kadar \u00e7ok<span class=\"excerpt-hellip\"> [\u2026]<\/span><\/p>\n","protected":false},"featured_media":0,"template":"","meta":{"_monsterinsights_skip_tracking":false,"_monsterinsights_sitenote_active":false,"_monsterinsights_sitenote_note":"","_monsterinsights_sitenote_category":0},"product_brand":[],"product_cat":[13517,12304],"product_tag":[],"class_list":{"0":"post-723893","1":"product","2":"type-product","3":"status-publish","5":"product_cat-osmanli-tarihi","6":"product_cat-tarih","7":"pa_cilt-ciltsiz","8":"pa_tur-kitap","9":"pa_yayinevi-ideal-kultur-yayincilik","10":"pa_yazar-alpaslan-demir","12":"first","13":"instock","14":"sale","15":"shipping-taxable","16":"purchasable","17":"product-type-simple"},"_links":{"self":[{"href":"https:\/\/roveyayinevi.com.tr\/index.php\/wp-json\/wp\/v2\/product\/723893","targetHints":{"allow":["GET"]}}],"collection":[{"href":"https:\/\/roveyayinevi.com.tr\/index.php\/wp-json\/wp\/v2\/product"}],"about":[{"href":"https:\/\/roveyayinevi.com.tr\/index.php\/wp-json\/wp\/v2\/types\/product"}],"wp:attachment":[{"href":"https:\/\/roveyayinevi.com.tr\/index.php\/wp-json\/wp\/v2\/media?parent=723893"}],"wp:term":[{"taxonomy":"product_brand","embeddable":true,"href":"https:\/\/roveyayinevi.com.tr\/index.php\/wp-json\/wp\/v2\/product_brand?post=723893"},{"taxonomy":"product_cat","embeddable":true,"href":"https:\/\/roveyayinevi.com.tr\/index.php\/wp-json\/wp\/v2\/product_cat?post=723893"},{"taxonomy":"product_tag","embeddable":true,"href":"https:\/\/roveyayinevi.com.tr\/index.php\/wp-json\/wp\/v2\/product_tag?post=723893"}],"curies":[{"name":"wp","href":"https:\/\/api.w.org\/{rel}","templated":true}]}}