{"id":723889,"date":"2025-08-27T19:26:40","date_gmt":"2025-08-27T16:26:40","guid":{"rendered":"https:\/\/roveyayinevi.com.tr\/index.php\/urun\/baba-2\/"},"modified":"2026-04-16T02:31:51","modified_gmt":"2026-04-15T23:31:51","slug":"baba-2","status":"publish","type":"product","link":"https:\/\/roveyayinevi.com.tr\/index.php\/urun\/baba-2\/","title":{"rendered":"Baba"},"content":{"rendered":"<p>Y\u0131lmaz G\u00fcney\u2019in en \u00f6nemli filmlerinden biri olarak kabul g\u00f6ren Baba, s\u0131n\u0131fsal olan\u0131 g\u00f6zden ka\u00e7\u0131rmayan, ya\u015fam \u015fartlar\u0131n\u0131n insanlar\u0131n hayatlar\u0131n\u0131 belirlemedeki etkisini g\u00f6zler \u00f6n\u00fcne seren konusu ve toplumun i\u00e7inden se\u00e7ilen ger\u00e7ek\u00e7i karakteriyle k\u00fcltle\u015fmi\u015f,T\u00fcrkiye\u2019de politik sineman\u0131n \u00f6nc\u00fclerinden biri olarak kabul edilmi\u015ftir. \u00c7ocuklar\u0131 ve e\u015fi i\u00e7in i\u015flemedi\u011fi bir su\u00e7u kabul eden fakat y\u0131llar sonra umdu\u011fu her \u015feyin tepetaklak oldu\u011funu fark eden Baba, yapt\u0131klar\u0131 ve ba\u015f\u0131na gelenlerle \u00e7\u00f6z\u00fcm\u00fcn bireysel \u00e7abalarla olmayaca\u011f\u0131n\u0131 f\u0131s\u0131ldar herkese.<\/p>\n","protected":false},"excerpt":{"rendered":"<p>Y\u0131lmaz G\u00fcney\u2019in en \u00f6nemli filmlerinden biri olarak kabul g\u00f6ren Baba, s\u0131n\u0131fsal olan\u0131 g\u00f6zden ka\u00e7\u0131rmayan, ya\u015fam \u015fartlar\u0131n\u0131n insanlar\u0131n hayatlar\u0131n\u0131 belirlemedeki etkisini g\u00f6zler \u00f6n\u00fcne seren konusu ve toplumun<span class=\"excerpt-hellip\"> [\u2026]<\/span><\/p>\n","protected":false},"featured_media":0,"template":"","meta":{"_monsterinsights_skip_tracking":false,"_monsterinsights_sitenote_active":false,"_monsterinsights_sitenote_note":"","_monsterinsights_sitenote_category":0},"product_brand":[],"product_cat":[12291,12332],"product_tag":[],"class_list":{"0":"post-723889","1":"product","2":"type-product","3":"status-publish","5":"product_cat-edebiyat","6":"product_cat-senaryo","7":"pa_cilt-ciltsiz","8":"pa_tur-kitap","9":"pa_yayinevi-ithaki-yayinlari","10":"pa_yazar-yilmaz-guney","12":"first","13":"instock","14":"sale","15":"shipping-taxable","16":"purchasable","17":"product-type-simple"},"_links":{"self":[{"href":"https:\/\/roveyayinevi.com.tr\/index.php\/wp-json\/wp\/v2\/product\/723889","targetHints":{"allow":["GET"]}}],"collection":[{"href":"https:\/\/roveyayinevi.com.tr\/index.php\/wp-json\/wp\/v2\/product"}],"about":[{"href":"https:\/\/roveyayinevi.com.tr\/index.php\/wp-json\/wp\/v2\/types\/product"}],"wp:attachment":[{"href":"https:\/\/roveyayinevi.com.tr\/index.php\/wp-json\/wp\/v2\/media?parent=723889"}],"wp:term":[{"taxonomy":"product_brand","embeddable":true,"href":"https:\/\/roveyayinevi.com.tr\/index.php\/wp-json\/wp\/v2\/product_brand?post=723889"},{"taxonomy":"product_cat","embeddable":true,"href":"https:\/\/roveyayinevi.com.tr\/index.php\/wp-json\/wp\/v2\/product_cat?post=723889"},{"taxonomy":"product_tag","embeddable":true,"href":"https:\/\/roveyayinevi.com.tr\/index.php\/wp-json\/wp\/v2\/product_tag?post=723889"}],"curies":[{"name":"wp","href":"https:\/\/api.w.org\/{rel}","templated":true}]}}