{"id":723887,"date":"2025-08-27T19:26:39","date_gmt":"2025-08-27T16:26:39","guid":{"rendered":"https:\/\/roveyayinevi.com.tr\/index.php\/urun\/cantona-kral-olacak-asi\/"},"modified":"2026-04-16T02:31:51","modified_gmt":"2026-04-15T23:31:51","slug":"cantona-kral-olacak-asi","status":"publish","type":"product","link":"https:\/\/roveyayinevi.com.tr\/index.php\/urun\/cantona-kral-olacak-asi\/","title":{"rendered":"Cantona: Kral Olacak Asi"},"content":{"rendered":"<p>FUTBOL TAR\u0130H\u0130N\u0130N TARTI\u015eMASIZ EN TARTI\u015eMALI F\u0130G\u00dcR\u00dc: CANTONA!  K\u00fcstah, yetenekli, ba\u015ftan \u00e7\u0131kar\u0131c\u0131, umursamaz ve asi\u2026 bunlar Eric Cantona\u2019n\u0131n karma\u015f\u0131k ki\u015fili\u011finin arkas\u0131ndaki birka\u00e7 s\u0131fat sadece. Peki ama bu mitin arkas\u0131ndaki insan asl\u0131nda kim? Hayat\u0131 ba\u015far\u0131lar ve skandallarla dolu Cantona\u2019n\u0131n s\u0131k s\u0131k tak\u0131m de\u011fi\u015ftirmesinden d\u00fcnyan\u0131n d\u00f6rt bir yan\u0131ndan hayranlar edinmesine, futboldan uzakla\u015fmas\u0131ndan Platini ve Ferguson gibi isimlerin deste\u011fiyle tarih yazmas\u0131na, \u201cKral Eric\u201d diye an\u0131lmas\u0131ndan kariyerini g\u00f6lgeleyen \u201cu\u00e7an tekmesine\u201d kadar pek \u00e7ok konudaki soru bu kitapta ayd\u0131nl\u0131\u011fa kavu\u015fuyor. Bu \u00e7alkant\u0131l\u0131 kariyere \u015fahitlik eden pek \u00e7ok ki\u015fiyle yap\u0131lan r\u00f6portajlarla beslenen Cantona: Kral Olacak Asi\u2019de biyografi konusunda \u00e7\u0131tay\u0131 y\u00fckseklere ta\u015f\u0131yan Anglofil gazeteci Philippe Auclair, futbol tarihinin en \u00f6nemli fig\u00fcrlerinden birinin samimi ve b\u00fcy\u00fcleyici bir portresini \u00e7iziyor. Banu Yelkovan\u2019\u0131n \u00f6ns\u00f6z\u00fcyle<\/p>\n","protected":false},"excerpt":{"rendered":"<p>FUTBOL TAR\u0130H\u0130N\u0130N TARTI\u015eMASIZ EN TARTI\u015eMALI F\u0130G\u00dcR\u00dc: CANTONA! K\u00fcstah, yetenekli, ba\u015ftan \u00e7\u0131kar\u0131c\u0131, umursamaz ve asi\u2026 bunlar Eric Cantona\u2019n\u0131n karma\u015f\u0131k ki\u015fili\u011finin arkas\u0131ndaki birka\u00e7 s\u0131fat sadece. Peki ama bu<span class=\"excerpt-hellip\"> [\u2026]<\/span><\/p>\n","protected":false},"featured_media":0,"template":"","meta":{"_monsterinsights_skip_tracking":false,"_monsterinsights_sitenote_active":false,"_monsterinsights_sitenote_note":"","_monsterinsights_sitenote_category":0},"product_brand":[],"product_cat":[28265,15563],"product_tag":[],"class_list":{"0":"post-723887","1":"product","2":"type-product","3":"status-publish","5":"product_cat-diger-hobi","6":"product_cat-hobi","7":"pa_cilt-ciltsiz","8":"pa_tur-kitap","9":"pa_yayinevi-ithaki-yayinlari","10":"pa_yazar-philippe-auclair","12":"first","13":"instock","14":"sale","15":"shipping-taxable","16":"purchasable","17":"product-type-simple"},"_links":{"self":[{"href":"https:\/\/roveyayinevi.com.tr\/index.php\/wp-json\/wp\/v2\/product\/723887","targetHints":{"allow":["GET"]}}],"collection":[{"href":"https:\/\/roveyayinevi.com.tr\/index.php\/wp-json\/wp\/v2\/product"}],"about":[{"href":"https:\/\/roveyayinevi.com.tr\/index.php\/wp-json\/wp\/v2\/types\/product"}],"wp:attachment":[{"href":"https:\/\/roveyayinevi.com.tr\/index.php\/wp-json\/wp\/v2\/media?parent=723887"}],"wp:term":[{"taxonomy":"product_brand","embeddable":true,"href":"https:\/\/roveyayinevi.com.tr\/index.php\/wp-json\/wp\/v2\/product_brand?post=723887"},{"taxonomy":"product_cat","embeddable":true,"href":"https:\/\/roveyayinevi.com.tr\/index.php\/wp-json\/wp\/v2\/product_cat?post=723887"},{"taxonomy":"product_tag","embeddable":true,"href":"https:\/\/roveyayinevi.com.tr\/index.php\/wp-json\/wp\/v2\/product_tag?post=723887"}],"curies":[{"name":"wp","href":"https:\/\/api.w.org\/{rel}","templated":true}]}}