{"id":723886,"date":"2025-08-27T19:26:38","date_gmt":"2025-08-27T16:26:38","guid":{"rendered":"https:\/\/roveyayinevi.com.tr\/index.php\/urun\/uzun-savas-2\/"},"modified":"2026-04-16T02:31:51","modified_gmt":"2026-04-15T23:31:51","slug":"uzun-savas-2","status":"publish","type":"product","link":"https:\/\/roveyayinevi.com.tr\/index.php\/urun\/uzun-savas-2\/","title":{"rendered":"Uzun Sava\u015f"},"content":{"rendered":"<p>Terry Pratchett ve Stephen Baxter\u2019\u0131n heyecan verici UZUN D\u00dcNYA serisi UZUN SAVA\u015e ile devam ediyor.Sava\u015f, Uzun D\u00fcnya\u2019ya gelmi\u015fti\u2026Serinin ilk kitab\u0131 Uzun D\u00fcnya\u2019da ya\u015fananlardan bir nesil sonra, Ad\u0131mlama ve \u00f6nc\u00fcler Joshua ile Lobsang sayesinde insan \u0131rk\u0131 yeni d\u00fcnyalara yay\u0131lmaya devam ediyordu. \u201cMedeniyet\u201d geli\u015fiyor, D\u00fcnyalar aras\u0131ndaki ticaret ve k\u00fclt\u00fcr al\u0131\u015fveri\u015fi twain ad\u0131ndaki hava gemileri sayesinde iyiden iyiye art\u0131yordu. \u0130nsanl\u0131k, Uzun D\u00fcnya\u2019y\u0131 \u015fekillendiriyordu ve kar\u015f\u0131l\u0131\u011f\u0131nda Uzun D\u00fcnya da insan \u0131rk\u0131n\u0131 de\u011fi\u015ftiriyordu.Kendisine \u201cValhalla\u201d ad\u0131n\u0131 veren yeni bir Amerika, Esas D\u00fcnya\u2019dan bir milyon ad\u0131m \u00f6tede hayat bulmu\u015ftu. T\u0131pk\u0131 eskinin Amerikal\u0131 devrimcileri gibi Valhallal\u0131lar da uzaktaki bir gezegen taraf\u0131ndan y\u00f6netilmekten mutsuzdu. Bu s\u0131rada, \u015fark\u0131lar\u0131 Uzun D\u00fcnya\u2019y\u0131 saran insans\u0131 troller sessizle\u015fmeye ve ortadan kaybolmaya ba\u015fl\u0131yordu.Ve art\u0131k evli ve iyi bir baba olan Joshua, Lobsang taraf\u0131ndan t\u00fcm Uzun D\u00fcnyalar\u0131 sava\u015f\u0131n e\u015fi\u011fine getirecek kriz f\u0131rt\u0131nas\u0131n\u0131 durdurabilecek yeg\u00e2ne insan oldu\u011fu i\u00e7in g\u00f6reve \u00e7a\u011fr\u0131lacakt\u0131. \u00c7\u00fcnk\u00fc bu sava\u015f, kendisinden \u00f6nceki hi\u00e7bir sava\u015fa benzemeyecek gibiydi\u2026\u201cTerry Pratchett, birlikte \u00e7al\u0131\u015ft\u0131\u011f\u0131m en iyi yazard\u0131.\u201d \u2013Neil Gaiman<\/p>\n","protected":false},"excerpt":{"rendered":"<p>Terry Pratchett ve Stephen Baxter\u2019\u0131n heyecan verici UZUN D\u00dcNYA serisi UZUN SAVA\u015e ile devam ediyor.Sava\u015f, Uzun D\u00fcnya\u2019ya gelmi\u015fti\u2026Serinin ilk kitab\u0131 Uzun D\u00fcnya\u2019da ya\u015fananlardan bir nesil sonra,<span class=\"excerpt-hellip\"> [\u2026]<\/span><\/p>\n","protected":false},"featured_media":0,"template":"","meta":{"_monsterinsights_skip_tracking":false,"_monsterinsights_sitenote_active":false,"_monsterinsights_sitenote_note":"","_monsterinsights_sitenote_category":0},"product_brand":[],"product_cat":[12540,12291],"product_tag":[],"class_list":{"0":"post-723886","1":"product","2":"type-product","3":"status-publish","5":"product_cat-bilim-kurgu","6":"product_cat-edebiyat","7":"pa_cilt-ciltsiz","8":"pa_tur-kitap","9":"pa_yayinevi-ithaki-yayinlari","10":"pa_yazar-stephen-baxter","11":"pa_yazar-terry-pratchett","13":"first","14":"instock","15":"sale","16":"shipping-taxable","17":"purchasable","18":"product-type-simple"},"_links":{"self":[{"href":"https:\/\/roveyayinevi.com.tr\/index.php\/wp-json\/wp\/v2\/product\/723886","targetHints":{"allow":["GET"]}}],"collection":[{"href":"https:\/\/roveyayinevi.com.tr\/index.php\/wp-json\/wp\/v2\/product"}],"about":[{"href":"https:\/\/roveyayinevi.com.tr\/index.php\/wp-json\/wp\/v2\/types\/product"}],"wp:attachment":[{"href":"https:\/\/roveyayinevi.com.tr\/index.php\/wp-json\/wp\/v2\/media?parent=723886"}],"wp:term":[{"taxonomy":"product_brand","embeddable":true,"href":"https:\/\/roveyayinevi.com.tr\/index.php\/wp-json\/wp\/v2\/product_brand?post=723886"},{"taxonomy":"product_cat","embeddable":true,"href":"https:\/\/roveyayinevi.com.tr\/index.php\/wp-json\/wp\/v2\/product_cat?post=723886"},{"taxonomy":"product_tag","embeddable":true,"href":"https:\/\/roveyayinevi.com.tr\/index.php\/wp-json\/wp\/v2\/product_tag?post=723886"}],"curies":[{"name":"wp","href":"https:\/\/api.w.org\/{rel}","templated":true}]}}