{"id":723885,"date":"2025-08-27T19:26:37","date_gmt":"2025-08-27T16:26:37","guid":{"rendered":"https:\/\/roveyayinevi.com.tr\/index.php\/urun\/kurt-yolu-2\/"},"modified":"2026-04-16T02:31:51","modified_gmt":"2026-04-15T23:31:51","slug":"kurt-yolu-2","status":"publish","type":"product","link":"https:\/\/roveyayinevi.com.tr\/index.php\/urun\/kurt-yolu-2\/","title":{"rendered":"Kurt Yolu"},"content":{"rendered":"<p>Ba\u015f\u0131m\u0131za ne geldi\u011fini bilmiyorum. Bildi\u011fim tek \u015fey, bir g\u00fcn b\u00fct\u00fcn haritalar\u0131n i\u015fe yaramaz hale geldi\u011fi ve kendi haritam\u0131z\u0131 yapmak zorunda kald\u0131\u011f\u0131m\u0131z.F\u0131rt\u0131na bulutu gelip onu ald\u0131\u011f\u0131nda Elka yedi ya\u015f\u0131nda bir k\u0131zd\u0131. B\u00fcy\u00fck Aptall\u0131k ve \u00c7\u00f6k\u00fc\u015f\u2019\u00fcn ard\u0131ndan, ormanlar\u0131n batakl\u0131\u011fa, \u015fehirlerin harabeye d\u00f6n\u00fc\u015fmesinden sonra d\u00fcnyadan ne kald\u0131ysa o vard\u0131 elinde. Bu d\u00fcnyaya pek g\u00fcvenmiyor, hayat\u0131n\u0131 ormanda s\u00fcrd\u00fcr\u00fcyordu; yollar\u0131, kasabalar\u0131, insanlar\u0131 sevmiyordu. K\u0131sa hayat\u0131 boyunca orman\u0131n ve kendinin kurallar\u0131yla ya\u015fam\u0131\u015ft\u0131 ki bunlar\u0131n ilki, ba\u015fka bir insan\u0131n yoluna g\u00fcvenmemekti. Ormanda yalan yoktu, orman yalan s\u00f6ylemeyi bilmezdi. Hayal k\u0131r\u0131kl\u0131\u011f\u0131 yoktu, k\u00f6t\u00fcl\u00fck yoktu; ormanda insanlar\u0131n yanlar\u0131nda g\u00f6t\u00fcrd\u00fckleri hari\u00e7 her \u015fey oldu\u011fu gibiydi.Elka \u00f6nce avlanmay\u0131 \u00f6\u011frendi, kurtlardan ve ay\u0131lardan ka\u00e7may\u0131; sonra da etraf\u0131nda k\u00f6t\u00fc bir \u015feyler d\u00f6nd\u00fc\u011f\u00fcn\u00fcn fark\u0131na vard\u0131. Art\u0131k bu ormanda kalamayaca\u011f\u0131n\u0131 anlay\u0131p anne ve babas\u0131n\u0131 bulma umuduyla kuzeye gitmeye karar verdi. Bir plan\u0131 vard\u0131 ve bunu sonuna kadar uygulayacakt\u0131. Kurtlar ve ay\u0131lar yenildiklerinde pes etmezdi. Vah\u015fi ya\u015fam, kaslar\u0131nda ve kemiklerinde g\u00fc\u00e7 kalmayana kadar ya\u015famaya devam ederdi; vah\u015fi ya\u015fam pes etmezdi, Elka da etmeyecekti.\u201cDaha ilk sayfas\u0131ndan beni i\u00e7ine \u00e7eken, dikkate de\u011fer bir ilk roman. Bana Cormac McCarthy\u2019nin Yol\u2019undaki yabani d\u00fcnyay\u0131 hat\u0131rlat\u0131yor.\u201d \u2013Nick Cutter, Karanl\u0131k Ada\u2019n\u0131n yazar\u0131\u201cBa\u015f d\u00f6nd\u00fcr\u00fcc\u00fc&#8230; keyif veren bir \u00fcslup ve unutulmaz karakterle bezenmi\u015f d\u00e2hiyane bir gerilim hik\u00e2yesi.\u201d \u2013Scott Hawkins, K\u00fcl Da\u011f\u0131\u2019ndaki K\u00fct\u00fcphane\u2019nin yazar\u0131\u201c\u00c7etin ve deh\u015fetli, \u00f6ng\u00fcrebilir bir k\u0131yamet sonras\u0131 d\u00fcnyaya yap\u0131lan fazlas\u0131yla gerilimli bir yolculuk.\u201d \u2013Paul Tremblay, Kafamdaki Hayaletler\u2019in yazar\u0131<\/p>\n","protected":false},"excerpt":{"rendered":"<p>Ba\u015f\u0131m\u0131za ne geldi\u011fini bilmiyorum. Bildi\u011fim tek \u015fey, bir g\u00fcn b\u00fct\u00fcn haritalar\u0131n i\u015fe yaramaz hale geldi\u011fi ve kendi haritam\u0131z\u0131 yapmak zorunda kald\u0131\u011f\u0131m\u0131z.F\u0131rt\u0131na bulutu gelip onu ald\u0131\u011f\u0131nda Elka<span class=\"excerpt-hellip\"> [\u2026]<\/span><\/p>\n","protected":false},"featured_media":0,"template":"","meta":{"_monsterinsights_skip_tracking":false,"_monsterinsights_sitenote_active":false,"_monsterinsights_sitenote_note":"","_monsterinsights_sitenote_category":0},"product_brand":[],"product_cat":[12291,17033],"product_tag":[],"class_list":{"0":"post-723885","1":"product","2":"type-product","3":"status-publish","5":"product_cat-edebiyat","6":"product_cat-korku-gerilim","7":"pa_cilt-ciltsiz","8":"pa_tur-kitap","9":"pa_yayinevi-ithaki-yayinlari","10":"pa_yazar-beth-lewis","12":"first","13":"instock","14":"sale","15":"shipping-taxable","16":"purchasable","17":"product-type-simple"},"_links":{"self":[{"href":"https:\/\/roveyayinevi.com.tr\/index.php\/wp-json\/wp\/v2\/product\/723885","targetHints":{"allow":["GET"]}}],"collection":[{"href":"https:\/\/roveyayinevi.com.tr\/index.php\/wp-json\/wp\/v2\/product"}],"about":[{"href":"https:\/\/roveyayinevi.com.tr\/index.php\/wp-json\/wp\/v2\/types\/product"}],"wp:attachment":[{"href":"https:\/\/roveyayinevi.com.tr\/index.php\/wp-json\/wp\/v2\/media?parent=723885"}],"wp:term":[{"taxonomy":"product_brand","embeddable":true,"href":"https:\/\/roveyayinevi.com.tr\/index.php\/wp-json\/wp\/v2\/product_brand?post=723885"},{"taxonomy":"product_cat","embeddable":true,"href":"https:\/\/roveyayinevi.com.tr\/index.php\/wp-json\/wp\/v2\/product_cat?post=723885"},{"taxonomy":"product_tag","embeddable":true,"href":"https:\/\/roveyayinevi.com.tr\/index.php\/wp-json\/wp\/v2\/product_tag?post=723885"}],"curies":[{"name":"wp","href":"https:\/\/api.w.org\/{rel}","templated":true}]}}