{"id":723884,"date":"2025-08-27T19:26:36","date_gmt":"2025-08-27T16:26:36","guid":{"rendered":"https:\/\/roveyayinevi.com.tr\/index.php\/urun\/dunyaya-dusen-adam\/"},"modified":"2026-04-16T02:31:51","modified_gmt":"2026-04-15T23:31:51","slug":"dunyaya-dusen-adam","status":"publish","type":"product","link":"https:\/\/roveyayinevi.com.tr\/index.php\/urun\/dunyaya-dusen-adam\/","title":{"rendered":"D\u00fcnya\u2019ya D\u00fc\u015fen Adam"},"content":{"rendered":"<p>\u201cBir arketip ustas\u0131. Kendisinden taviz vermeden zaman\u0131n ruhunu yakalayabilen bir sanat\u00e7\u0131.\u201d \u2013Jonathan Lethem\u201cD\u00fcnya\u2019ya D\u00fc\u015fen Adam\u2019daki karakter \u00f6mr\u00fcm boyunca akl\u0131mda kalacak.\u201d \u2013David Bowie\u201cYaz\u0131lm\u0131\u015f en iyi bilimkurgu kitaplar\u0131ndan biri.\u201d \u2013James Sallis\u201cD\u00fcnya\u2019daki bir uzayl\u0131yla ilgili yaz\u0131lm\u0131\u015f en ger\u00e7ek\u00e7i eser.\u201d \u2013Norman Spinrad\u201cE\u011eER MARS\u2019TAN GEL\u0130YORSANIZ, GER\u00c7EKTEN DE YALNIZ OLMALISINIZ.\u201dWalter Tevis, bilimkurgunun \u00f6z\u00fcn\u00fc \u00e7ok iyi kavram\u0131\u015f, \u00e7a\u011f\u0131n\u0131n hem en asi hem de en yumu\u015fak ba\u015fl\u0131yazarlar\u0131ndan biri. Y\u00f6netmen Nicolas Roeg\u2019un 1976 y\u0131l\u0131nda \u00e7ekti\u011fi ve David Bowie\u2019nin Newton karakterinehayat verdi\u011fi film uyarlamas\u0131, bilimkurgu sinemas\u0131n\u0131n k\u00fclt yap\u0131tlar\u0131ndan biri olan D\u00fcnya\u2019ya D\u00fc\u015fen Adam iseyazar\u0131n en \u00fcnl\u00fc ve en d\u00fc\u015f\u00fcnsel eseri.Thomas Jerome Newton, halk\u0131n\u0131n D\u00fcnyal\u0131lardan \u00e7ok daha zeki oldu\u011fu Anthea adl\u0131 gezegenden k\u0131r\u0131k d\u00f6k\u00fck biruzay arac\u0131yla Yerk\u00fcre\u2019ye gelen insans\u0131 bir uzayl\u0131d\u0131r. Gezegeni n\u00fckleer sava\u015f y\u00fcz\u00fcnden ya\u015fanmaz hale gelenNewton\u2019\u0131n amac\u0131 D\u00fcnya\u2019da in\u015fa edece\u011fi uzay gemisiyle evine d\u00f6n\u00fcp oradaki insanlar\u0131 yeni gezegenineta\u015f\u0131makt\u0131r.Anthea\u2019dan getirdi\u011fi y\u00fcksek teknoloji sayesinde servet yap\u0131p i\u015fe koyulan Newton\u2019\u0131n bir uzayl\u0131 oldu\u011fundanhalihaz\u0131rda \u015f\u00fcphelenen kimya profes\u00f6r\u00fc Nathan Bryce\u2019\u0131n ilgisini, Newton\u2019\u0131n \u015firketinin piyasaya s\u00fcrd\u00fc\u011f\u00fc yeni\u00fcr\u00fcnler daha da \u00e7ok \u00e7ekmeye ba\u015flar.<\/p>\n","protected":false},"excerpt":{"rendered":"<p>\u201cBir arketip ustas\u0131. Kendisinden taviz vermeden zaman\u0131n ruhunu yakalayabilen bir sanat\u00e7\u0131.\u201d \u2013Jonathan Lethem\u201cD\u00fcnya\u2019ya D\u00fc\u015fen Adam\u2019daki karakter \u00f6mr\u00fcm boyunca akl\u0131mda kalacak.\u201d \u2013David Bowie\u201cYaz\u0131lm\u0131\u015f en iyi bilimkurgu kitaplar\u0131ndan<span class=\"excerpt-hellip\"> [\u2026]<\/span><\/p>\n","protected":false},"featured_media":0,"template":"","meta":{"_monsterinsights_skip_tracking":false,"_monsterinsights_sitenote_active":false,"_monsterinsights_sitenote_note":"","_monsterinsights_sitenote_category":0},"product_brand":[],"product_cat":[12540,12291],"product_tag":[],"class_list":{"0":"post-723884","1":"product","2":"type-product","3":"status-publish","5":"product_cat-bilim-kurgu","6":"product_cat-edebiyat","7":"pa_cilt-ciltsiz","8":"pa_tur-kitap","9":"pa_yayinevi-ithaki-yayinlari","10":"pa_yazar-walter-tevis","12":"first","13":"instock","14":"sale","15":"shipping-taxable","16":"purchasable","17":"product-type-simple"},"_links":{"self":[{"href":"https:\/\/roveyayinevi.com.tr\/index.php\/wp-json\/wp\/v2\/product\/723884","targetHints":{"allow":["GET"]}}],"collection":[{"href":"https:\/\/roveyayinevi.com.tr\/index.php\/wp-json\/wp\/v2\/product"}],"about":[{"href":"https:\/\/roveyayinevi.com.tr\/index.php\/wp-json\/wp\/v2\/types\/product"}],"wp:attachment":[{"href":"https:\/\/roveyayinevi.com.tr\/index.php\/wp-json\/wp\/v2\/media?parent=723884"}],"wp:term":[{"taxonomy":"product_brand","embeddable":true,"href":"https:\/\/roveyayinevi.com.tr\/index.php\/wp-json\/wp\/v2\/product_brand?post=723884"},{"taxonomy":"product_cat","embeddable":true,"href":"https:\/\/roveyayinevi.com.tr\/index.php\/wp-json\/wp\/v2\/product_cat?post=723884"},{"taxonomy":"product_tag","embeddable":true,"href":"https:\/\/roveyayinevi.com.tr\/index.php\/wp-json\/wp\/v2\/product_tag?post=723884"}],"curies":[{"name":"wp","href":"https:\/\/api.w.org\/{rel}","templated":true}]}}