{"id":723883,"date":"2025-08-27T19:26:35","date_gmt":"2025-08-27T16:26:35","guid":{"rendered":"https:\/\/roveyayinevi.com.tr\/index.php\/urun\/imkansizim\/"},"modified":"2026-04-16T02:31:51","modified_gmt":"2026-04-15T23:31:51","slug":"imkansizim","status":"publish","type":"product","link":"https:\/\/roveyayinevi.com.tr\/index.php\/urun\/imkansizim\/","title":{"rendered":"\u0130mkans\u0131z\u0131m"},"content":{"rendered":"<p>Bir insan bir \u015fehirden ne kadar nefret edebilirdi ki ya da o \u015fehri ne kadar sevebilirdi?Benim \u015fehrim k\u00fc\u00e7\u00fckt\u00fc asl\u0131nda; y\u00fcr\u00fcd\u00fc\u011f\u00fcn yollar, oturdu\u011fun mek\u00e2nlar, kokunun sindi\u011fi g\u00f6ky\u00fcz\u00fc kadar. Gerisi siyah beyaz bir kare\u2026 Ayaklar\u0131m y\u00fcr\u00fcd\u00fc\u011f\u00fcn yollara giderdi. Ald\u0131\u011f\u0131m nefes kokuna ba\u011f\u0131ml\u0131yd\u0131 adeta, hep arkandan ko\u015fard\u0131. Kalbim kalbine tutulmu\u015ftu, dizginlenemeyen bir \u00e7ocuk gibi. Kokunun olmad\u0131\u011f\u0131 g\u00f6ky\u00fcz\u00fc, ad\u0131m\u0131n\u0131 atmad\u0131\u011f\u0131n cadde yasakt\u0131 bana.Sen \u015fehrimi terk ettikten sonra bir odan\u0131n i\u00e7ine s\u0131k\u0131\u015f\u0131p kalm\u0131\u015ft\u0131m. \u00c7\u00fcnk\u00fc biliyordum, kokunun olmad\u0131\u011f\u0131 g\u00f6ky\u00fcz\u00fc, ad\u0131m\u0131n\u0131 atmad\u0131\u011f\u0131n cadde yasakt\u0131 bana&#8230; <\/p>\n","protected":false},"excerpt":{"rendered":"<p>Bir insan bir \u015fehirden ne kadar nefret edebilirdi ki ya da o \u015fehri ne kadar sevebilirdi?Benim \u015fehrim k\u00fc\u00e7\u00fckt\u00fc asl\u0131nda; y\u00fcr\u00fcd\u00fc\u011f\u00fcn yollar, oturdu\u011fun mek\u00e2nlar, kokunun sindi\u011fi g\u00f6ky\u00fcz\u00fc<span class=\"excerpt-hellip\"> [\u2026]<\/span><\/p>\n","protected":false},"featured_media":0,"template":"","meta":{"_monsterinsights_skip_tracking":false,"_monsterinsights_sitenote_active":false,"_monsterinsights_sitenote_note":"","_monsterinsights_sitenote_category":0},"product_brand":[],"product_cat":[12777,12291],"product_tag":[],"class_list":{"0":"post-723883","1":"product","2":"type-product","3":"status-publish","5":"product_cat-deneme","6":"product_cat-edebiyat","7":"pa_cilt-ciltsiz","8":"pa_tur-kitap","9":"pa_yayinevi-luna-yayinlari","10":"pa_yazar-huseyin-berk-yildiz","12":"first","13":"instock","14":"sale","15":"shipping-taxable","16":"purchasable","17":"product-type-simple"},"_links":{"self":[{"href":"https:\/\/roveyayinevi.com.tr\/index.php\/wp-json\/wp\/v2\/product\/723883","targetHints":{"allow":["GET"]}}],"collection":[{"href":"https:\/\/roveyayinevi.com.tr\/index.php\/wp-json\/wp\/v2\/product"}],"about":[{"href":"https:\/\/roveyayinevi.com.tr\/index.php\/wp-json\/wp\/v2\/types\/product"}],"wp:attachment":[{"href":"https:\/\/roveyayinevi.com.tr\/index.php\/wp-json\/wp\/v2\/media?parent=723883"}],"wp:term":[{"taxonomy":"product_brand","embeddable":true,"href":"https:\/\/roveyayinevi.com.tr\/index.php\/wp-json\/wp\/v2\/product_brand?post=723883"},{"taxonomy":"product_cat","embeddable":true,"href":"https:\/\/roveyayinevi.com.tr\/index.php\/wp-json\/wp\/v2\/product_cat?post=723883"},{"taxonomy":"product_tag","embeddable":true,"href":"https:\/\/roveyayinevi.com.tr\/index.php\/wp-json\/wp\/v2\/product_tag?post=723883"}],"curies":[{"name":"wp","href":"https:\/\/api.w.org\/{rel}","templated":true}]}}