{"id":723881,"date":"2025-08-27T19:26:34","date_gmt":"2025-08-27T16:26:34","guid":{"rendered":"https:\/\/roveyayinevi.com.tr\/index.php\/urun\/baslangic-2020\/"},"modified":"2026-03-24T02:36:15","modified_gmt":"2026-03-23T23:36:15","slug":"baslangic-2020","status":"publish","type":"product","link":"https:\/\/roveyayinevi.com.tr\/index.php\/urun\/baslangic-2020\/","title":{"rendered":"Ba\u015flang\u0131\u00e7 2020"},"content":{"rendered":"<p>&#8211; D\u00fcnya biyolojik bir sald\u0131r\u0131yla m\u0131 kar\u015f\u0131 kar\u015f\u0131ya? &#8211; Koronavir\u00fcs ile birlikte 50 milyon ki\u015fi mi \u00f6lecek? &#8211; ABD kendi vatanda\u015flar\u0131n\u0131 nas\u0131l zehirledi? &#8211; Vir\u00fcslerle beyin kontrol\u00fc nas\u0131l ele ge\u00e7iriliyor? &#8211; D\u00fcnya n\u00fcfusunu azaltma projesi devrede mi? &#8211; Koronavir\u00fcsten sonra \u201czombi\u201d vir\u00fcs\u00fc m\u00fc geliyor? &#8211; Koronavir\u00fcs\u00fcn a\u015f\u0131s\u0131yla insano\u011flu robotla\u015ft\u0131r\u0131lacak m\u0131? &#8211; Kutsal topraklar ve K\u00e2be nas\u0131l ku\u015fat\u0131ld\u0131? &#8211; D\u00fcnya Deccal ve Mesih\u2019in sava\u015f\u0131na m\u0131 s\u00fcr\u00fckleniyor? &#8211; G\u0131da ve ila\u00e7 sekt\u00f6r\u00fcyle insan \u0131rk\u0131 bitme noktas\u0131na m\u0131 geldi? &#8211; Ayasofya, Sultanahmet ve S\u00fcleymaniye\u2019ye kimler sald\u0131racak? &#8211; \u0130klim ve deprem silah\u0131 ile T\u00fcrkiye mi hedef al\u0131nacak? &#8211; T\u00fcrkiye i\u015fgal tehdidi alt\u0131nda m\u0131? &#8211; 100 y\u0131l sonra T\u00fcrkiye yine ayn\u0131 oyunla m\u0131 kar\u015f\u0131 kar\u015f\u0131ya? &#8211; Do\u011fu Akdeniz\u2019de b\u00fcy\u00fck petrol sava\u015f\u0131 m\u0131 \u00e7\u0131kacak? &#8211; G\u00fcne\u015f bat\u0131dan m\u0131 do\u011facak? &#8211; Astroloji 2023\u2019e kadar hangi felaketleri \u00f6ng\u00f6r\u00fcyor? &#8211; Yeni bir ku\u015fak do\u011fuyor: C ku\u015fa\u011f\u0131! &#8211; Dijital bir felaket kap\u0131da m\u0131? &#8211; 2025\u2019te dijital bir devrim mi ya\u015fanacak? <\/p>\n","protected":false},"excerpt":{"rendered":"<p>&#8211; D\u00fcnya biyolojik bir sald\u0131r\u0131yla m\u0131 kar\u015f\u0131 kar\u015f\u0131ya? &#8211; Koronavir\u00fcs ile birlikte 50 milyon ki\u015fi mi \u00f6lecek? &#8211; ABD kendi vatanda\u015flar\u0131n\u0131 nas\u0131l zehirledi? &#8211; Vir\u00fcslerle beyin<span class=\"excerpt-hellip\"> [\u2026]<\/span><\/p>\n","protected":false},"featured_media":0,"template":"","meta":{"_monsterinsights_skip_tracking":false,"_monsterinsights_sitenote_active":false,"_monsterinsights_sitenote_note":"","_monsterinsights_sitenote_category":0},"product_brand":[],"product_cat":[52477],"product_tag":[],"class_list":{"0":"post-723881","1":"product","2":"type-product","3":"status-publish","5":"product_cat-arastirma","6":"pa_cilt-ciltsiz","7":"pa_tur-kitap","8":"pa_yayinevi-destek-yayinlari","9":"pa_yazar-turker-akinci","11":"first","12":"outofstock","13":"sale","14":"shipping-taxable","15":"purchasable","16":"product-type-simple"},"_links":{"self":[{"href":"https:\/\/roveyayinevi.com.tr\/index.php\/wp-json\/wp\/v2\/product\/723881","targetHints":{"allow":["GET"]}}],"collection":[{"href":"https:\/\/roveyayinevi.com.tr\/index.php\/wp-json\/wp\/v2\/product"}],"about":[{"href":"https:\/\/roveyayinevi.com.tr\/index.php\/wp-json\/wp\/v2\/types\/product"}],"wp:attachment":[{"href":"https:\/\/roveyayinevi.com.tr\/index.php\/wp-json\/wp\/v2\/media?parent=723881"}],"wp:term":[{"taxonomy":"product_brand","embeddable":true,"href":"https:\/\/roveyayinevi.com.tr\/index.php\/wp-json\/wp\/v2\/product_brand?post=723881"},{"taxonomy":"product_cat","embeddable":true,"href":"https:\/\/roveyayinevi.com.tr\/index.php\/wp-json\/wp\/v2\/product_cat?post=723881"},{"taxonomy":"product_tag","embeddable":true,"href":"https:\/\/roveyayinevi.com.tr\/index.php\/wp-json\/wp\/v2\/product_tag?post=723881"}],"curies":[{"name":"wp","href":"https:\/\/api.w.org\/{rel}","templated":true}]}}