{"id":723878,"date":"2025-08-27T19:26:31","date_gmt":"2025-08-27T16:26:31","guid":{"rendered":"https:\/\/roveyayinevi.com.tr\/index.php\/urun\/olumsuzlerin-tarihi-2-vampir\/"},"modified":"2026-04-16T02:31:51","modified_gmt":"2026-04-15T23:31:51","slug":"olumsuzlerin-tarihi-2-vampir","status":"publish","type":"product","link":"https:\/\/roveyayinevi.com.tr\/index.php\/urun\/olumsuzlerin-tarihi-2-vampir\/","title":{"rendered":"\u00d6l\u00fcms\u00fczlerin Tarihi 2 &#8211; Vampir"},"content":{"rendered":"<p>Almanya\u2019n\u0131n Stephen King\u2019i!\u201d \u2013H\u00f6rZu   15. Y\u00fczy\u0131l do\u011fu avrupa\u2019s\u0131nda yeni bir karanl\u0131k ba\u015f g\u00f6steriyor. Kaz\u0131kl\u0131 voyvoda\u2019n\u0131n  Elinden kurtulman\u0131n tek yolu onunla y\u00fczle\u015fmek.    Engizisyon yarg\u0131c\u0131 \u201cB\u00fcy\u00fcc\u00fcleri yak\u0131n\u201d emrini verdi\u011finde, Andrej\u2019in de kaderini \u00e7izmi\u015fti. K\u0131sa bir s\u00fcre \u00f6nce korkun\u00e7 korsan Abu Dun\u2019a kar\u015f\u0131 amans\u0131z bir sava\u015f verdikten sonra, Andrej\u2019in \u015fimdi de \u00e7ok daha korkun\u00e7 bir tehlikeyi savu\u015fturmas\u0131 gerekiyordu. Sadece onun ve koruyucusu oldu\u011fu Frederic\u2019in hayat\u0131 de\u011fil, b\u00fct\u00fcn Transilvanya\u2019n\u0131n kaderi tehlikedeydi art\u0131k. Ayn\u0131 zamanda sevgilisi Maria da karanl\u0131k g\u00fc\u00e7lerin tehdidi alt\u0131ndayd\u0131\u2026 Andrej, Maria\u2019y\u0131 ararken Osmanl\u0131 ve Transilvanya aras\u0131ndaki sava\u015f\u0131n tam ortas\u0131na d\u00fc\u015f\u00fcnce, esrarengiz Drakula\u2019n\u0131n karanl\u0131k planlar\u0131yla kar\u015f\u0131 kar\u015f\u0131ya kald\u0131. Drakula, Andrej gibi vampirleri kullanarak \u00f6l\u00fcms\u00fczl\u00fc\u011f\u00fcn s\u0131rr\u0131n\u0131 bulmaya \u00e7al\u0131\u015f\u0131yordu ve \u00e7\u00f6z\u00fcme \u00fcrk\u00fct\u00fcc\u00fc bir \u015fekilde yakla\u015fm\u0131\u015ft\u0131. Ancak Andrej\u2019in i\u00e7indeki vampir, g\u00f6m\u00fcld\u00fc\u011f\u00fc yerden \u00e7\u0131kmaya ba\u015fl\u0131yordu\u2026   \u201cHohlbein, \u00e7al\u0131\u015fmalar\u0131yla \u2018kral\u2019 oldu\u011funu kan\u0131tl\u0131yor.\u201d \u2013Michael Ende,  Bitmeyecek \u00d6yk\u00fc ve Momo\u2019nun yazar\u0131   \u201cHohlbein\u2019\u0131n en b\u00fcy\u00fck yetene\u011fi yaratt\u0131\u011f\u0131 imgeler. \u00d6yle g\u00fc\u00e7l\u00fcler ki okurken bir film izledi\u011finiz hissine kap\u0131l\u0131yorsunuz.\u201d \u2013Die Welt<\/p>\n","protected":false},"excerpt":{"rendered":"<p>Almanya\u2019n\u0131n Stephen King\u2019i!\u201d \u2013H\u00f6rZu 15. Y\u00fczy\u0131l do\u011fu avrupa\u2019s\u0131nda yeni bir karanl\u0131k ba\u015f g\u00f6steriyor. Kaz\u0131kl\u0131 voyvoda\u2019n\u0131n Elinden kurtulman\u0131n tek yolu onunla y\u00fczle\u015fmek. Engizisyon yarg\u0131c\u0131 \u201cB\u00fcy\u00fcc\u00fcleri yak\u0131n\u201d emrini<span class=\"excerpt-hellip\"> [\u2026]<\/span><\/p>\n","protected":false},"featured_media":0,"template":"","meta":{"_monsterinsights_skip_tracking":false,"_monsterinsights_sitenote_active":false,"_monsterinsights_sitenote_note":"","_monsterinsights_sitenote_category":0},"product_brand":[],"product_cat":[12540,12291],"product_tag":[],"class_list":{"0":"post-723878","1":"product","2":"type-product","3":"status-publish","5":"product_cat-bilim-kurgu","6":"product_cat-edebiyat","7":"pa_cilt-ciltsiz","8":"pa_tur-kitap","9":"pa_yayinevi-epsilon-yayinlari","10":"pa_yazar-wolfgang-hohlbein","12":"first","13":"instock","14":"sale","15":"shipping-taxable","16":"purchasable","17":"product-type-simple"},"_links":{"self":[{"href":"https:\/\/roveyayinevi.com.tr\/index.php\/wp-json\/wp\/v2\/product\/723878","targetHints":{"allow":["GET"]}}],"collection":[{"href":"https:\/\/roveyayinevi.com.tr\/index.php\/wp-json\/wp\/v2\/product"}],"about":[{"href":"https:\/\/roveyayinevi.com.tr\/index.php\/wp-json\/wp\/v2\/types\/product"}],"wp:attachment":[{"href":"https:\/\/roveyayinevi.com.tr\/index.php\/wp-json\/wp\/v2\/media?parent=723878"}],"wp:term":[{"taxonomy":"product_brand","embeddable":true,"href":"https:\/\/roveyayinevi.com.tr\/index.php\/wp-json\/wp\/v2\/product_brand?post=723878"},{"taxonomy":"product_cat","embeddable":true,"href":"https:\/\/roveyayinevi.com.tr\/index.php\/wp-json\/wp\/v2\/product_cat?post=723878"},{"taxonomy":"product_tag","embeddable":true,"href":"https:\/\/roveyayinevi.com.tr\/index.php\/wp-json\/wp\/v2\/product_tag?post=723878"}],"curies":[{"name":"wp","href":"https:\/\/api.w.org\/{rel}","templated":true}]}}