{"id":723871,"date":"2025-08-27T19:26:24","date_gmt":"2025-08-27T16:26:24","guid":{"rendered":"https:\/\/roveyayinevi.com.tr\/index.php\/urun\/maskesiz\/"},"modified":"2026-04-16T02:31:50","modified_gmt":"2026-04-15T23:31:50","slug":"maskesiz","status":"publish","type":"product","link":"https:\/\/roveyayinevi.com.tr\/index.php\/urun\/maskesiz\/","title":{"rendered":"Maskesiz"},"content":{"rendered":"<p>&#8220;Heyecan verici, h\u0131zl\u0131 ve b\u00fcy\u00fcleyici\u2026 Nefesinizi kesecek.&#8221;   Julia London   Alex MacLeod&#8217;un sava\u015f meydanlar\u0131nda d\u00f6v\u00fc\u015ferek kazand\u0131\u011f\u0131 \u00fcst\u00fcn yetenekleri ve d\u00fc\u015fmanlar\u0131na korku sa\u00e7an kara \u015f\u00f6hreti, paral\u0131 asker rol\u00fcn\u00fc m\u00fckemmelle\u015ftirmesinde etkili olmu\u015ftur. Klan\u0131n\u0131n g\u00fcvenli\u011fi i\u00e7in kendini tehlikeye atan Alex gizli bir g\u00f6revdedir ve ne pahas\u0131na olursa olsun ger\u00e7ek amac\u0131n\u0131 saklamak zorundad\u0131r. Ancak t\u00fcm planlar\u0131n\u0131n, haydutlar\u0131n sald\u0131r\u0131s\u0131ndan kurtard\u0131\u011f\u0131 g\u00fczel bir kad\u0131n taraf\u0131ndan bozulaca\u011f\u0131n\u0131 tahmin edemez. Meg Mackinnon, klan\u0131n\u0131n gelece\u011fini g\u00fcvene almak i\u00e7in g\u00fc\u00e7l\u00fc bir e\u015fe ihtiya\u00e7 duyar, ancak en gizli d\u00fc\u015flerinde bile, yak\u0131c\u0131 mavi g\u00f6zleriyle onu nefessiz b\u0131rakacak bir sava\u015f\u00e7\u0131y\u0131 d\u00fc\u015f\u00fcnmeye cesaret edemez. Aniden hayalleri ger\u00e7ek olur, onu haydutlar\u0131n elinden kurtaran bu sava\u015f\u00e7\u0131 hem Meg hem de klan\u0131 i\u00e7in en do\u011fru insand\u0131r. Aralar\u0131ndaki tek engel, Alex&#8217;in sadakati olmayan, paral\u0131 bir asker gibi davranmas\u0131d\u0131r. Meg, Alex&#8217;in t\u00fcm s\u0131rlar\u0131n\u0131 \u00f6\u011frenmek ister, ancak bu s\u0131rlar a\u00e7\u0131\u011fa \u00e7\u0131karsa hayatlar\u0131ndan \u00e7ok daha fazlas\u0131 tehlikeye girecektir. <\/p>\n","protected":false},"excerpt":{"rendered":"<p>&#8220;Heyecan verici, h\u0131zl\u0131 ve b\u00fcy\u00fcleyici\u2026 Nefesinizi kesecek.&#8221; Julia London Alex MacLeod&#8217;un sava\u015f meydanlar\u0131nda d\u00f6v\u00fc\u015ferek kazand\u0131\u011f\u0131 \u00fcst\u00fcn yetenekleri ve d\u00fc\u015fmanlar\u0131na korku sa\u00e7an kara \u015f\u00f6hreti, paral\u0131 asker rol\u00fcn\u00fc<span class=\"excerpt-hellip\"> [\u2026]<\/span><\/p>\n","protected":false},"featured_media":0,"template":"","meta":{"_monsterinsights_skip_tracking":false,"_monsterinsights_sitenote_active":false,"_monsterinsights_sitenote_note":"","_monsterinsights_sitenote_category":0},"product_brand":[],"product_cat":[12291,12711],"product_tag":[],"class_list":{"0":"post-723871","1":"product","2":"type-product","3":"status-publish","5":"product_cat-edebiyat","6":"product_cat-roman-oyku","7":"pa_cilt-ciltsiz","8":"pa_tur-kitap","9":"pa_yayinevi-nemesis-kitap","10":"pa_yazar-monica-mccarty","12":"first","13":"instock","14":"sale","15":"shipping-taxable","16":"purchasable","17":"product-type-simple"},"_links":{"self":[{"href":"https:\/\/roveyayinevi.com.tr\/index.php\/wp-json\/wp\/v2\/product\/723871","targetHints":{"allow":["GET"]}}],"collection":[{"href":"https:\/\/roveyayinevi.com.tr\/index.php\/wp-json\/wp\/v2\/product"}],"about":[{"href":"https:\/\/roveyayinevi.com.tr\/index.php\/wp-json\/wp\/v2\/types\/product"}],"wp:attachment":[{"href":"https:\/\/roveyayinevi.com.tr\/index.php\/wp-json\/wp\/v2\/media?parent=723871"}],"wp:term":[{"taxonomy":"product_brand","embeddable":true,"href":"https:\/\/roveyayinevi.com.tr\/index.php\/wp-json\/wp\/v2\/product_brand?post=723871"},{"taxonomy":"product_cat","embeddable":true,"href":"https:\/\/roveyayinevi.com.tr\/index.php\/wp-json\/wp\/v2\/product_cat?post=723871"},{"taxonomy":"product_tag","embeddable":true,"href":"https:\/\/roveyayinevi.com.tr\/index.php\/wp-json\/wp\/v2\/product_tag?post=723871"}],"curies":[{"name":"wp","href":"https:\/\/api.w.org\/{rel}","templated":true}]}}