{"id":723865,"date":"2025-08-27T19:26:20","date_gmt":"2025-08-27T16:26:20","guid":{"rendered":"https:\/\/roveyayinevi.com.tr\/index.php\/urun\/isgalin-yapi-taslari\/"},"modified":"2026-04-12T02:37:55","modified_gmt":"2026-04-11T23:37:55","slug":"isgalin-yapi-taslari","status":"publish","type":"product","link":"https:\/\/roveyayinevi.com.tr\/index.php\/urun\/isgalin-yapi-taslari\/","title":{"rendered":"\u0130\u015fgalin Yap\u0131 Ta\u015flar\u0131"},"content":{"rendered":"<p>&#8220;T\u00fcrkiye Cumhuriyeti&#8217;nin tarih sahnesinde kar\u015f\u0131la\u015ft\u0131\u011f\u0131 en b\u00fcy\u00fck tehlike nedir?&#8221; diye sorulsa \u015f\u00fcphesiz bunun cevab\u0131 olarak birinci s\u0131ray\u0131 &#8220;Fe tulah\u00e7\u0131 T er\u00f6r \u00d6rg\u00fct\u00fc&#8221;  alacakt\u0131r.  T\u00fcrkiye Cumhuriyeti k\u00f6kl\u00fc tarihine ra\u011fmen y\u00fczy\u0131ll\u0131k devlet gelene\u011fi i\u00e7inde e\u015fi g\u00f6r\u00fc\u015fmemi\u015f bir vir\u00fcse yakaland\u0131. FE T\u00d6, t\u00fcm anayasal kurumlara s\u0131zarak, uzun y\u0131llar \u00fclkenin g\u00fcndemini belirleyerek milyonlar\u0131 ill\u00fczyonlarla manip\u00fcle etti. Say\u0131s\u0131z siyaset\u00e7i, i\u015f adam\u0131, sivil toplum kurumlar\u0131, gazeteci ve sanat\u00e7\u0131 dinlendi. Kumpaslarla siyaset dizayn edildi, muhalif siyaset\u00e7iler tasfiye edildi,  akademisyenler ve sivil toplum kurulu\u015flar\u0131 bask\u0131 alt\u0131na al\u0131narak itibars\u0131zla\u015ft\u0131r\u0131ld\u0131. Beyinleri narkozlanm\u0131\u015f ve say\u0131lar\u0131 y\u00fczbinlerle ifade edilen; sorgulamayan, ko\u015fulsuz itaati esas alan bir zombi ordusu olu\u015fturuldu. Daha da \u00f6nemlisi bu narkozlu beyinlerle devleti i\u00e7 ve d\u0131\u015f tehditlere kar\u015f\u0131 koruyan, bir devleti devlet yapan en \u00f6nemli iki cayd\u0131r\u0131c\u0131 g\u00fc\u00e7 istihbarat ve silahl\u0131 kuvvetler ele ge\u00e7irildi. 7 \u015eubat 2012&#8217;de Milli Birlik ve Karde\u015flik Projesinin sabote edilmesine y\u00f6nelik M\u0130T operasyonuyla ba\u015flayan, 17-25 Aral\u0131k 2013 kumpas soru\u015fturmalar\u0131yla devam eden ve 15 Temmuz 2016 darbe giri\u015fimiyle zirveye \u00e7\u0131kan i\u015fgal denemelerinden sonra Fetulah\u00e7\u0131 yap\u0131lanman\u0131n k\u00fcresel bir ter\u00f6r \u00f6rg\u00fct\u00fc oldu\u011fu t\u00fcm \u00e7\u0131plakl\u0131\u011f\u0131yla g\u00fcn y\u00fcz\u00fcne \u00e7\u0131kt\u0131. Ara\u015ft\u0131rmac\u0131 gazeteci Kemal G\u00fcm\u00fc\u015f bu kitapta, siyasetten, i\u015f d\u00fcnyas\u0131na, sanattan medyaya, magazinden futbola kadar neredeyse hayat\u0131n her alan\u0131na s\u0131zan, s\u0131zamad\u0131\u011f\u0131 yerde de elindeki insan ve para kaynaklar\u0131yla ta\u015feron kiralayan ve bu \u015fekilde toplumu manip\u00fcle eden FE T\u00d6&#8217;n\u00fcn kodlar\u0131n\u0131 a\u00e7\u0131\u011fa \u00e7\u0131kar\u0131yor. Bu kitapta, hem FE T\u00d6&#8217;ye y\u00f6nelik pek \u00e7ok sorunun cevab\u0131n\u0131 bulacak, hem de ilk kez somut olaylar \u00fczerinden \u00f6rg\u00fct\u00fcn bilinmeyen y\u00fczlerce eylem ve karanl\u0131k operasyonuna tan\u0131k olacaks\u0131n\u0131z. <\/p>\n","protected":false},"excerpt":{"rendered":"<p>&#8220;T\u00fcrkiye Cumhuriyeti&#8217;nin tarih sahnesinde kar\u015f\u0131la\u015ft\u0131\u011f\u0131 en b\u00fcy\u00fck tehlike nedir?&#8221; diye sorulsa \u015f\u00fcphesiz bunun cevab\u0131 olarak birinci s\u0131ray\u0131 &#8220;Fe tulah\u00e7\u0131 T er\u00f6r \u00d6rg\u00fct\u00fc&#8221; alacakt\u0131r. T\u00fcrkiye Cumhuriyeti k\u00f6kl\u00fc<span class=\"excerpt-hellip\"> [\u2026]<\/span><\/p>\n","protected":false},"featured_media":0,"template":"","meta":{"_monsterinsights_skip_tracking":false,"_monsterinsights_sitenote_active":false,"_monsterinsights_sitenote_note":"","_monsterinsights_sitenote_category":0},"product_brand":[],"product_cat":[16058,12337],"product_tag":[],"class_list":{"0":"post-723865","1":"product","2":"type-product","3":"status-publish","5":"product_cat-kurumlar-orgutler","6":"product_cat-politika-siyaset","7":"pa_cilt-ciltsiz","8":"pa_tur-kitap","9":"pa_yayinevi-kopernik-kitap","10":"pa_yazar-kemal-gumus","12":"first","13":"instock","14":"sale","15":"shipping-taxable","16":"purchasable","17":"product-type-simple"},"_links":{"self":[{"href":"https:\/\/roveyayinevi.com.tr\/index.php\/wp-json\/wp\/v2\/product\/723865","targetHints":{"allow":["GET"]}}],"collection":[{"href":"https:\/\/roveyayinevi.com.tr\/index.php\/wp-json\/wp\/v2\/product"}],"about":[{"href":"https:\/\/roveyayinevi.com.tr\/index.php\/wp-json\/wp\/v2\/types\/product"}],"wp:attachment":[{"href":"https:\/\/roveyayinevi.com.tr\/index.php\/wp-json\/wp\/v2\/media?parent=723865"}],"wp:term":[{"taxonomy":"product_brand","embeddable":true,"href":"https:\/\/roveyayinevi.com.tr\/index.php\/wp-json\/wp\/v2\/product_brand?post=723865"},{"taxonomy":"product_cat","embeddable":true,"href":"https:\/\/roveyayinevi.com.tr\/index.php\/wp-json\/wp\/v2\/product_cat?post=723865"},{"taxonomy":"product_tag","embeddable":true,"href":"https:\/\/roveyayinevi.com.tr\/index.php\/wp-json\/wp\/v2\/product_tag?post=723865"}],"curies":[{"name":"wp","href":"https:\/\/api.w.org\/{rel}","templated":true}]}}