{"id":723862,"date":"2025-08-27T19:26:18","date_gmt":"2025-08-27T16:26:18","guid":{"rendered":"https:\/\/roveyayinevi.com.tr\/index.php\/urun\/ecce-homo-3\/"},"modified":"2026-04-16T02:31:50","modified_gmt":"2026-04-15T23:31:50","slug":"ecce-homo-3","status":"publish","type":"product","link":"https:\/\/roveyayinevi.com.tr\/index.php\/urun\/ecce-homo-3\/","title":{"rendered":"Ecce Homo"},"content":{"rendered":"<p>\u0130\u015fte insan! \u00c7arm\u0131ha gerilmeden hemen \u00f6nce \u0130sa i\u00e7in s\u00f6ylenmi\u015f bu s\u00f6z\u00fc \u015fimdi Dionysos karakterine sahip olanlar i\u00e7in s\u00f6yl\u00fcyor Nietzsche. Bug\u00fcne kadar i\u015fitilmemi\u015f yepyeni bir \u00e7a\u011fr\u0131 ve hayk\u0131r\u0131\u015ft\u0131r bu insan i\u00e7in. Her \u015feyden \u00f6nce Nietzsche kendisini okuyacak insanlara de\u011fil, onun sesleni\u015fini duyabilecek kulaklara ihtiya\u00e7 duyar. \u00c7ok az d\u00fc\u015f\u00fcn\u00fcr onun \u00e7ap\u0131nda uyar\u0131c\u0131 bir filozof olabilmi\u015ftir. T\u00fcm tehlikeleri i\u015faret ederek, tam bir bozulmaya ve insan\u0131n dekadan de\u011ferlerine kar\u015f\u0131 ger\u00e7ek bir panzehir olarak\u2026 Ecce Homo\u2019da Nietzsche yap\u0131tlar\u0131n\u0131n bir \u00f6zetini sunar. Bamba\u015fka bir deneyim ve kendilik bilgisiyle meydan okur. Hakl\u0131 olarak o hi\u00e7 kimseye benzememekle \u00f6v\u00fcnecektir. Nietzsche\u2019nin herhangi bir kitab\u0131n\u0131 eline alanlar kendisini bu derece \u00f6vmesinde bir \u015fa\u015fk\u0131nl\u0131k duyacaklard\u0131r. Ancak bu \u00f6vg\u00fclerde, pek az d\u00fc\u015f\u00fcn\u00fcrde olan bir i\u00e7tenli\u011fi ve hakiki de\u011ferlere kendini adam\u0131\u015fl\u0131\u011f\u0131 da sezinleyeceklerdir. Ecce Homo\u2019da t\u00fcm de\u011ferler yeniden de\u011ferlendirilmeli, ideal ve ahl\u00e2k ad\u0131na \u00fczeri \u00f6rt\u00fclen kavramlar a\u00e7\u0131\u011fa serilmelidir. Zira kayna\u011f\u0131n\u0131 hayattan almayan her \u015fey \u00e7\u00fcr\u00fcmeye mahk\u00fbmdur. Ak\u0131l, hastal\u0131k, h\u0131n\u00e7, bencillik, m\u00fczik, ger\u00e7ek okuma, \u00e7al\u0131\u015fma ve varolma a\u00e7\u0131k hava ve yarat\u0131c\u0131 iklimler aras\u0131nda gezinen bir ya\u015fam filozofu olarak Nietzsche \u00e7eki\u00e7le nas\u0131l felsefe yap\u0131laca\u011f\u0131n\u0131 bir kez daha g\u00f6zler \u00f6n\u00fcne serer.<\/p>\n","protected":false},"excerpt":{"rendered":"<p>\u0130\u015fte insan! \u00c7arm\u0131ha gerilmeden hemen \u00f6nce \u0130sa i\u00e7in s\u00f6ylenmi\u015f bu s\u00f6z\u00fc \u015fimdi Dionysos karakterine sahip olanlar i\u00e7in s\u00f6yl\u00fcyor Nietzsche. Bug\u00fcne kadar i\u015fitilmemi\u015f yepyeni bir \u00e7a\u011fr\u0131 ve<span class=\"excerpt-hellip\"> [\u2026]<\/span><\/p>\n","protected":false},"featured_media":0,"template":"","meta":{"_monsterinsights_skip_tracking":false,"_monsterinsights_sitenote_active":false,"_monsterinsights_sitenote_note":"","_monsterinsights_sitenote_category":0},"product_brand":[],"product_cat":[20351,12388],"product_tag":[],"class_list":{"0":"post-723862","1":"product","2":"type-product","3":"status-publish","5":"product_cat-dusunce","6":"product_cat-felsefe","7":"pa_cilt-ciltsiz","8":"pa_tur-kitap","9":"pa_yayinevi-dogu-bati-yayinlari","10":"pa_yazar-friedrich-nietzsche","12":"first","13":"instock","14":"sale","15":"shipping-taxable","16":"purchasable","17":"product-type-simple"},"_links":{"self":[{"href":"https:\/\/roveyayinevi.com.tr\/index.php\/wp-json\/wp\/v2\/product\/723862","targetHints":{"allow":["GET"]}}],"collection":[{"href":"https:\/\/roveyayinevi.com.tr\/index.php\/wp-json\/wp\/v2\/product"}],"about":[{"href":"https:\/\/roveyayinevi.com.tr\/index.php\/wp-json\/wp\/v2\/types\/product"}],"wp:attachment":[{"href":"https:\/\/roveyayinevi.com.tr\/index.php\/wp-json\/wp\/v2\/media?parent=723862"}],"wp:term":[{"taxonomy":"product_brand","embeddable":true,"href":"https:\/\/roveyayinevi.com.tr\/index.php\/wp-json\/wp\/v2\/product_brand?post=723862"},{"taxonomy":"product_cat","embeddable":true,"href":"https:\/\/roveyayinevi.com.tr\/index.php\/wp-json\/wp\/v2\/product_cat?post=723862"},{"taxonomy":"product_tag","embeddable":true,"href":"https:\/\/roveyayinevi.com.tr\/index.php\/wp-json\/wp\/v2\/product_tag?post=723862"}],"curies":[{"name":"wp","href":"https:\/\/api.w.org\/{rel}","templated":true}]}}