{"id":723860,"date":"2025-08-27T19:26:17","date_gmt":"2025-08-27T16:26:17","guid":{"rendered":"https:\/\/roveyayinevi.com.tr\/index.php\/urun\/devletler-hukuku-4-baski\/"},"modified":"2026-04-16T02:31:50","modified_gmt":"2026-04-15T23:31:50","slug":"devletler-hukuku-4-baski","status":"publish","type":"product","link":"https:\/\/roveyayinevi.com.tr\/index.php\/urun\/devletler-hukuku-4-baski\/","title":{"rendered":"Devletler Hukuku (4. bask\u0131)"},"content":{"rendered":"<p>Elinizdeki eser hukuk fak\u00fclteleri ve uluslararas\u0131 ili\u015fkiler b\u00f6l\u00fcm\u00fc \u00f6\u011frencilerine y\u00f6nelik haz\u0131rlanm\u0131\u015f bir devletler hukuku ders kitab\u0131d\u0131r. Ancak bu \u00e7al\u0131\u015fma T\u00fcrk kamuoyunu yak\u0131ndan ilgilendiren 1915 Olaylar\u0131 hakk\u0131nda \u00f6zel b\u00f6l\u00fcmlere de yer vermektedir. T\u00fcrkiye\u2019de bile Ermeni Diasporas\u0131n\u0131n uzun y\u0131llarda olu\u015fturdu\u011fu yaz\u0131l\u0131 ve g\u00f6rsel propagandan\u0131n etkisi olduk\u00e7a g\u00fc\u00e7l\u00fcd\u00fcr. 2015\u2019te Uluslararas\u0131 Adalet Divan\u0131n\u0131n H\u0131rvatistan\/S\u0131rbistan karar\u0131nda adeta Ermeni Diasporas\u0131n\u0131n tezleri irdelenmi\u015f davada t 1915 Olaylar\u0131na t\u0131pa t\u0131p uyan hatta daha a\u011f\u0131r olaylarla ilgili \u00f6nemli de\u011ferlendirmeler yap\u0131lm\u0131\u015ft\u0131r. Bu de\u011ferlendirmeler Ermeni Diasporas\u0131 i\u00e7in hayal k\u0131r\u0131kl\u0131\u011f\u0131d\u0131r.Okuyucular\u0131n objektif bilgi sahibi olmalar\u0131n\u0131 sa\u011flamak, ayd\u0131nlar\u0131n ve bilim insanlar\u0131n\u0131n en temel g\u00f6revidir. Bir bilim insan\u0131 olarak y\u0131\u011f\u0131nlar\u0131 memnun etmek diye bir kayg\u0131m hi\u00e7bir zaman olmad\u0131. Her zaman bilimsel do\u011frular\u0131 ve vicdani muhasebemi \u00f6l\u00e7\u00fc almaya \u00e7al\u0131\u015ft\u0131m.Eserimizin 4. Bask\u0131s\u0131nda 2017\u2019den itibaren uygulanmas\u0131 g\u00fcndeme gelen sald\u0131r\u0131 su\u00e7una ili\u015fkin bilgiler ba\u015fta olmak \u00fczere 2016 sonras\u0131 kaynaklar m\u00fcmk\u00fcn oldu\u011funca g\u00f6zden ge\u00e7irilerek anla\u015f\u0131l\u0131r bir bi\u00e7imde ilgili yerlere i\u015flenmi\u015ftir. Eserin okunmas\u0131 ve anla\u015f\u0131lmas\u0131 kolay bir \u00e7al\u0131\u015fma oldu\u011funu bana yap\u0131lan geri bildirimlerden hareketle rahatl\u0131kla s\u00f6yleyebiliriz.<\/p>\n","protected":false},"excerpt":{"rendered":"<p>Elinizdeki eser hukuk fak\u00fclteleri ve uluslararas\u0131 ili\u015fkiler b\u00f6l\u00fcm\u00fc \u00f6\u011frencilerine y\u00f6nelik haz\u0131rlanm\u0131\u015f bir devletler hukuku ders kitab\u0131d\u0131r. Ancak bu \u00e7al\u0131\u015fma T\u00fcrk kamuoyunu yak\u0131ndan ilgilendiren 1915 Olaylar\u0131 hakk\u0131nda<span class=\"excerpt-hellip\"> [\u2026]<\/span><\/p>\n","protected":false},"featured_media":0,"template":"","meta":{"_monsterinsights_skip_tracking":false,"_monsterinsights_sitenote_active":false,"_monsterinsights_sitenote_note":"","_monsterinsights_sitenote_category":0},"product_brand":[],"product_cat":[15350,17602],"product_tag":[],"class_list":{"0":"post-723860","1":"product","2":"type-product","3":"status-publish","5":"product_cat-hukuk","6":"product_cat-hukuk-uzerine","7":"pa_cilt-ciltsiz","8":"pa_tur-kitap","9":"pa_yayinevi-astana-yayinlari","10":"pa_yazar-ilyas-dogan","12":"first","13":"instock","14":"sale","15":"shipping-taxable","16":"purchasable","17":"product-type-simple"},"_links":{"self":[{"href":"https:\/\/roveyayinevi.com.tr\/index.php\/wp-json\/wp\/v2\/product\/723860","targetHints":{"allow":["GET"]}}],"collection":[{"href":"https:\/\/roveyayinevi.com.tr\/index.php\/wp-json\/wp\/v2\/product"}],"about":[{"href":"https:\/\/roveyayinevi.com.tr\/index.php\/wp-json\/wp\/v2\/types\/product"}],"wp:attachment":[{"href":"https:\/\/roveyayinevi.com.tr\/index.php\/wp-json\/wp\/v2\/media?parent=723860"}],"wp:term":[{"taxonomy":"product_brand","embeddable":true,"href":"https:\/\/roveyayinevi.com.tr\/index.php\/wp-json\/wp\/v2\/product_brand?post=723860"},{"taxonomy":"product_cat","embeddable":true,"href":"https:\/\/roveyayinevi.com.tr\/index.php\/wp-json\/wp\/v2\/product_cat?post=723860"},{"taxonomy":"product_tag","embeddable":true,"href":"https:\/\/roveyayinevi.com.tr\/index.php\/wp-json\/wp\/v2\/product_tag?post=723860"}],"curies":[{"name":"wp","href":"https:\/\/api.w.org\/{rel}","templated":true}]}}