{"id":723859,"date":"2025-08-27T19:26:16","date_gmt":"2025-08-27T16:26:16","guid":{"rendered":"https:\/\/roveyayinevi.com.tr\/index.php\/urun\/mutlu-yaslanmak\/"},"modified":"2026-04-16T02:31:50","modified_gmt":"2026-04-15T23:31:50","slug":"mutlu-yaslanmak","status":"publish","type":"product","link":"https:\/\/roveyayinevi.com.tr\/index.php\/urun\/mutlu-yaslanmak\/","title":{"rendered":"Mutlu Ya\u015flanmak"},"content":{"rendered":"<p>Gen\u00e7 yeti\u015fkinlikten ya\u015fl\u0131l\u0131\u011fa geli\u015fimsel bir yolculuk&#8230;Mutlu Ya\u015flanmak, ya\u015fl\u0131 bireylerin yan\u0131 s\u0131ra, yeti\u015fkinli\u011fin erken d\u00f6nemlerinden ba\u015flayarak, geli\u015fim s\u00fcreci i\u00e7indeki herkesin bilin\u00e7li bir \u015fekilde ya\u015flanabilmek i\u00e7in izleyebilece\u011fi bir yol haritas\u0131 sunuyor. Mutlu ya\u015flanman\u0131n temelinde, ya\u015fanan y\u0131llar\u0131n zorunlu olarak neden oldu\u011fu do\u011fal kay\u0131plar\u0131 kabul etmek ve bu de\u011fi\u015fime olumlu bir yakla\u015f\u0131mla uyum sa\u011flamak yer al\u0131yor. Ge\u00e7en y\u0131llar\u0131 ya\u015fama katk\u0131 sa\u011flayan art\u0131 bir de\u011fer olarak g\u00f6rmek, bu deneyim ve birikim deste\u011fiyle yeni u\u011fra\u015flar bularak kendini yenileyebilmek, ya\u015fl\u0131l\u0131k y\u0131llar\u0131n\u0131 da ya\u015fama sevincini yitirmeden s\u00fcrd\u00fcrebilmesini sa\u011fl\u0131yor. Bu kitab\u0131n, t\u00fcm yeti\u015fkinleri, mutlu ve doyumlu bir ya\u015fl\u0131l\u0131\u011fa haz\u0131rlamaya yard\u0131mc\u0131 olaca\u011f\u0131n\u0131 umuyoruz.<\/p>\n","protected":false},"excerpt":{"rendered":"<p>Gen\u00e7 yeti\u015fkinlikten ya\u015fl\u0131l\u0131\u011fa geli\u015fimsel bir yolculuk&#8230;Mutlu Ya\u015flanmak, ya\u015fl\u0131 bireylerin yan\u0131 s\u0131ra, yeti\u015fkinli\u011fin erken d\u00f6nemlerinden ba\u015flayarak, geli\u015fim s\u00fcreci i\u00e7indeki herkesin bilin\u00e7li bir \u015fekilde ya\u015flanabilmek i\u00e7in izleyebilece\u011fi bir<span class=\"excerpt-hellip\"> [\u2026]<\/span><\/p>\n","protected":false},"featured_media":0,"template":"","meta":{"_monsterinsights_skip_tracking":false,"_monsterinsights_sitenote_active":false,"_monsterinsights_sitenote_note":"","_monsterinsights_sitenote_category":0},"product_brand":[],"product_cat":[12831,12324],"product_tag":[],"class_list":{"0":"post-723859","1":"product","2":"type-product","3":"status-publish","5":"product_cat-aile-ve-cocuk","6":"product_cat-sosyoloji","7":"pa_cilt-ciltsiz","8":"pa_tur-kitap","9":"pa_yayinevi-remzi-kitabevi","10":"pa_yazar-haluk-yavuzer","12":"first","13":"instock","14":"sale","15":"shipping-taxable","16":"purchasable","17":"product-type-simple"},"_links":{"self":[{"href":"https:\/\/roveyayinevi.com.tr\/index.php\/wp-json\/wp\/v2\/product\/723859","targetHints":{"allow":["GET"]}}],"collection":[{"href":"https:\/\/roveyayinevi.com.tr\/index.php\/wp-json\/wp\/v2\/product"}],"about":[{"href":"https:\/\/roveyayinevi.com.tr\/index.php\/wp-json\/wp\/v2\/types\/product"}],"wp:attachment":[{"href":"https:\/\/roveyayinevi.com.tr\/index.php\/wp-json\/wp\/v2\/media?parent=723859"}],"wp:term":[{"taxonomy":"product_brand","embeddable":true,"href":"https:\/\/roveyayinevi.com.tr\/index.php\/wp-json\/wp\/v2\/product_brand?post=723859"},{"taxonomy":"product_cat","embeddable":true,"href":"https:\/\/roveyayinevi.com.tr\/index.php\/wp-json\/wp\/v2\/product_cat?post=723859"},{"taxonomy":"product_tag","embeddable":true,"href":"https:\/\/roveyayinevi.com.tr\/index.php\/wp-json\/wp\/v2\/product_tag?post=723859"}],"curies":[{"name":"wp","href":"https:\/\/api.w.org\/{rel}","templated":true}]}}