{"id":723857,"date":"2025-08-27T19:26:15","date_gmt":"2025-08-27T16:26:15","guid":{"rendered":"https:\/\/roveyayinevi.com.tr\/index.php\/urun\/sporcularin-el-performanslarinin-finger-tapping-parmak-vurus-yontemi-ile-degerlendirilmesi\/"},"modified":"2026-04-16T02:31:50","modified_gmt":"2026-04-15T23:31:50","slug":"sporcularin-el-performanslarinin-finger-tapping-parmak-vurus-yontemi-ile-degerlendirilmesi","status":"publish","type":"product","link":"https:\/\/roveyayinevi.com.tr\/index.php\/urun\/sporcularin-el-performanslarinin-finger-tapping-parmak-vurus-yontemi-ile-degerlendirilmesi\/","title":{"rendered":"Sporcular\u0131n El Performanslar\u0131n\u0131n Finger Tapping (Parmak Vuru\u015f) Y\u00f6ntemi ile De\u011ferlendirilmesi"},"content":{"rendered":"<p>\u0130\u00e7indekiler 1.       Giri\u015f 2.      Genel Bilgiler 1.       Spor 2.       Spor ve El 3.       El 4.       Elin Fiziksel Yap\u0131s\u0131 5.       Elin Embriyolojik Geli\u015fimi 6.       El Kemikleri 7.       El Eklemleri 8.       El Kaslar\u0131 9.       Elin Fonksiyonel Yap\u0131s\u0131 10.   Elin Kavisleri 11.   Elin Tutu\u015f Hareketleri 12.   Parmak Eklemlerinin Hareketleri 13.   Lateralizasyon 14.   Serebral Laterizasyon 15.   El Tercihi (Dominans\u0131) 16.   El Tercihi ve Egzersiz 17.   Finger Tapping Metodu (Parmak Vuru Testi) 3.      Gere\u00e7 Y\u00f6ntem 1.       Denek Grubu 2.       Uygulanan Testler 3.       Verilerin Analizi 4.      Bulgular 1.       Gruplar\u0131n Karakteristik \u00d6zellikleri 2.       Gruplar\u0131n El Antropometrisi, El Kavrama Kuvveti, El Performans\u0131 ve Reaksiyon Testi \u00d6l\u00e7\u00fcm Bulgular\u0131 3.       Gruplar\u0131n El Antropometrisi ve El Kavrama Kuvveti \u00d6l\u00e7\u00fcm Sonu\u00e7lar\u0131n\u0131n Gruplar Aras\u0131 Kar\u015f\u0131la\u015ft\u0131r\u0131lmas\u0131 4.       Gruplar\u0131n El Performans\u0131 (Finger Tapping) \u00d6l\u00e7\u00fcm Sonu\u00e7lar\u0131n\u0131n Gruplar Aras\u0131 Kar\u015f\u0131la\u015ft\u0131r\u0131lmas\u0131 5.       Gruplar\u0131n Reaksiyon Testi (G\u00f6rsel Test) \u00d6l\u00e7\u00fcm Sonu\u00e7lar\u0131n\u0131n Gruplar Aras\u0131 Kar\u015f\u0131la\u015ft\u0131r\u0131lmas\u0131 6.       Gruplar\u0131n Reaksiyon Testi (\u0130\u015fitsel Test) \u00d6l\u00e7\u00fcm Sonu\u00e7lar\u0131n\u0131n Gruplar Aras\u0131 Kar\u015f\u0131la\u015ft\u0131r\u0131lmas\u0131 7.       Gruplar\u0131n Korelasyon Analiz Sonu\u00e7lar\u0131 5.      Tart\u0131\u015fma 6.      Sonu\u00e7 ve \u00d6neriler 7.      \u00d6zet <\/p>\n","protected":false},"excerpt":{"rendered":"<p>\u0130\u00e7indekiler 1. Giri\u015f 2. Genel Bilgiler 1. Spor 2. Spor ve El 3. El 4. Elin Fiziksel Yap\u0131s\u0131 5. Elin Embriyolojik Geli\u015fimi 6. El Kemikleri 7.<span class=\"excerpt-hellip\"> [\u2026]<\/span><\/p>\n","protected":false},"featured_media":0,"template":"","meta":{"_monsterinsights_skip_tracking":false,"_monsterinsights_sitenote_active":false,"_monsterinsights_sitenote_note":"","_monsterinsights_sitenote_category":0},"product_brand":[],"product_cat":[15563,15564],"product_tag":[],"class_list":{"0":"post-723857","1":"product","2":"type-product","3":"status-publish","5":"product_cat-hobi","6":"product_cat-spor","7":"pa_cilt-ciltsiz","8":"pa_tur-kitap","9":"pa_yayinevi-gazi-kitabevi","10":"pa_yazar-mustafa-ertugrul-ciplak-latif-aydos","12":"first","13":"instock","14":"sale","15":"shipping-taxable","16":"purchasable","17":"product-type-simple"},"_links":{"self":[{"href":"https:\/\/roveyayinevi.com.tr\/index.php\/wp-json\/wp\/v2\/product\/723857","targetHints":{"allow":["GET"]}}],"collection":[{"href":"https:\/\/roveyayinevi.com.tr\/index.php\/wp-json\/wp\/v2\/product"}],"about":[{"href":"https:\/\/roveyayinevi.com.tr\/index.php\/wp-json\/wp\/v2\/types\/product"}],"wp:attachment":[{"href":"https:\/\/roveyayinevi.com.tr\/index.php\/wp-json\/wp\/v2\/media?parent=723857"}],"wp:term":[{"taxonomy":"product_brand","embeddable":true,"href":"https:\/\/roveyayinevi.com.tr\/index.php\/wp-json\/wp\/v2\/product_brand?post=723857"},{"taxonomy":"product_cat","embeddable":true,"href":"https:\/\/roveyayinevi.com.tr\/index.php\/wp-json\/wp\/v2\/product_cat?post=723857"},{"taxonomy":"product_tag","embeddable":true,"href":"https:\/\/roveyayinevi.com.tr\/index.php\/wp-json\/wp\/v2\/product_tag?post=723857"}],"curies":[{"name":"wp","href":"https:\/\/api.w.org\/{rel}","templated":true}]}}