{"id":723856,"date":"2025-08-27T19:26:14","date_gmt":"2025-08-27T16:26:14","guid":{"rendered":"https:\/\/roveyayinevi.com.tr\/index.php\/urun\/pvt\/"},"modified":"2026-04-16T02:31:50","modified_gmt":"2026-04-15T23:31:50","slug":"pvt","status":"publish","type":"product","link":"https:\/\/roveyayinevi.com.tr\/index.php\/urun\/pvt\/","title":{"rendered":"PVT"},"content":{"rendered":"<p>Nedir PVT? Psikolojik Vir\u00fcslerden Temizlenme, klasik terminolojide &#8220;tak\u0131nt\u0131lar&#8221; dedi\u011fimiz, bir kad\u0131n psikiyatristin &#8220;bellek \u015feytanlar\u0131&#8221; olarak adland\u0131rd\u0131\u011f\u0131 negatif kay\u0131tlara Do\u00e7. Dr.  Kaya, &#8220;Psikolojik Vir\u00fcsler&#8221; ad\u0131n\u0131 veriyor. Neden mi? Organik vir\u00fcsler gibi diren\u00e7liler, onlar gibi yay\u0131l\u0131yorlar ve ancak r\u00fcyalar kanal\u0131yla de\u015farj olabiliyorlar. \u0130\u00e7imizdeki &#8220;evrensel e\u015fit kuyruklu canl\u0131&#8221; anne rahmine d\u00fc\u015ft\u00fc\u011f\u00fc andan itibaren negatif olgu, duygu ve davran\u0131\u015flar\u0131 psikolojik vir\u00fcsler olarak kaydeder. Bunlar temizlenmezse t\u00fcm ya\u015fam kalitemizi, hatta ba\u011f\u0131\u015f\u0131kl\u0131k sistemimizi bozarak psikolojik ve organik hastal\u0131klara neden olurlar. Temeli bozuk bir binan\u0131n en ufak bir sars\u0131nt\u0131da y\u0131k\u0131lmas\u0131 gibi, biz insanlar\u0131n da temeli psikolojik vir\u00fcslerle doluysa ya\u015fam y\u0131k\u0131c\u0131 bir depreme benzer. Bu kitap; psikolojik vir\u00fcsleri tespit eder ve onlardan kurtulma yollar\u0131n\u0131 g\u00f6sterir. Hem g\u00f6z, hem i\u015fitme yoluyla. <\/p>\n","protected":false},"excerpt":{"rendered":"<p>Nedir PVT? Psikolojik Vir\u00fcslerden Temizlenme, klasik terminolojide &#8220;tak\u0131nt\u0131lar&#8221; dedi\u011fimiz, bir kad\u0131n psikiyatristin &#8220;bellek \u015feytanlar\u0131&#8221; olarak adland\u0131rd\u0131\u011f\u0131 negatif kay\u0131tlara Do\u00e7. Dr. Kaya, &#8220;Psikolojik Vir\u00fcsler&#8221; ad\u0131n\u0131 veriyor. Neden<span class=\"excerpt-hellip\"> [\u2026]<\/span><\/p>\n","protected":false},"featured_media":0,"template":"","meta":{"_monsterinsights_skip_tracking":false,"_monsterinsights_sitenote_active":false,"_monsterinsights_sitenote_note":"","_monsterinsights_sitenote_category":0},"product_brand":[],"product_cat":[12358,12357],"product_tag":[],"class_list":{"0":"post-723856","1":"product","2":"type-product","3":"status-publish","5":"product_cat-genel-psikoloji","6":"product_cat-psikoloji","7":"pa_cilt-ciltsiz","8":"pa_tur-kitap","9":"pa_yayinevi-abis-yayincilik","10":"pa_yazar-nusret-kaya","12":"first","13":"instock","14":"sale","15":"shipping-taxable","16":"purchasable","17":"product-type-simple"},"_links":{"self":[{"href":"https:\/\/roveyayinevi.com.tr\/index.php\/wp-json\/wp\/v2\/product\/723856","targetHints":{"allow":["GET"]}}],"collection":[{"href":"https:\/\/roveyayinevi.com.tr\/index.php\/wp-json\/wp\/v2\/product"}],"about":[{"href":"https:\/\/roveyayinevi.com.tr\/index.php\/wp-json\/wp\/v2\/types\/product"}],"wp:attachment":[{"href":"https:\/\/roveyayinevi.com.tr\/index.php\/wp-json\/wp\/v2\/media?parent=723856"}],"wp:term":[{"taxonomy":"product_brand","embeddable":true,"href":"https:\/\/roveyayinevi.com.tr\/index.php\/wp-json\/wp\/v2\/product_brand?post=723856"},{"taxonomy":"product_cat","embeddable":true,"href":"https:\/\/roveyayinevi.com.tr\/index.php\/wp-json\/wp\/v2\/product_cat?post=723856"},{"taxonomy":"product_tag","embeddable":true,"href":"https:\/\/roveyayinevi.com.tr\/index.php\/wp-json\/wp\/v2\/product_tag?post=723856"}],"curies":[{"name":"wp","href":"https:\/\/api.w.org\/{rel}","templated":true}]}}