{"id":723855,"date":"2025-08-27T19:26:13","date_gmt":"2025-08-27T16:26:13","guid":{"rendered":"https:\/\/roveyayinevi.com.tr\/index.php\/urun\/anaerobik-performansi-takim-sporlarina-ozgu-olcen-yeni-bir-saha-testi-gelistirme\/"},"modified":"2026-04-16T02:31:50","modified_gmt":"2026-04-15T23:31:50","slug":"anaerobik-performansi-takim-sporlarina-ozgu-olcen-yeni-bir-saha-testi-gelistirme","status":"publish","type":"product","link":"https:\/\/roveyayinevi.com.tr\/index.php\/urun\/anaerobik-performansi-takim-sporlarina-ozgu-olcen-yeni-bir-saha-testi-gelistirme\/","title":{"rendered":"Anaerobik Performans\u0131 Tak\u0131m Sporlar\u0131na \u00d6zg\u00fc \u00d6l\u00e7en Yeni Bir Saha Testi Geli\u015ftirme"},"content":{"rendered":"<p>\u0130\u00e7indekiler 1.       G\u0130R\u0130\u015e VE AMA\u00c7 2.      GENEL B\u0130LG\u0130LER i 3.      GERE\u00c7 VE Y\u00d6NTEMLER ARA\u015eTIRMANIN TIPI Y\u00d6NTEMSEL 4.      BULGULAR 5.      TARTI\u015eMA 6.      SONU\u00c7 VE \u00d6NER\u0130LER <\/p>\n","protected":false},"excerpt":{"rendered":"<p>\u0130\u00e7indekiler 1. G\u0130R\u0130\u015e VE AMA\u00c7 2. GENEL B\u0130LG\u0130LER i 3. GERE\u00c7 VE Y\u00d6NTEMLER ARA\u015eTIRMANIN TIPI Y\u00d6NTEMSEL 4. BULGULAR 5. TARTI\u015eMA 6. SONU\u00c7 VE \u00d6NER\u0130LER<\/p>\n","protected":false},"featured_media":0,"template":"","meta":{"_monsterinsights_skip_tracking":false,"_monsterinsights_sitenote_active":false,"_monsterinsights_sitenote_note":"","_monsterinsights_sitenote_category":0},"product_brand":[],"product_cat":[15563,15564],"product_tag":[],"class_list":{"0":"post-723855","1":"product","2":"type-product","3":"status-publish","5":"product_cat-hobi","6":"product_cat-spor","7":"pa_cilt-ciltsiz","8":"pa_tur-kitap","9":"pa_yayinevi-gazi-kitabevi","10":"pa_yazar-celal-gencoglu","12":"first","13":"instock","14":"sale","15":"shipping-taxable","16":"purchasable","17":"product-type-simple"},"_links":{"self":[{"href":"https:\/\/roveyayinevi.com.tr\/index.php\/wp-json\/wp\/v2\/product\/723855","targetHints":{"allow":["GET"]}}],"collection":[{"href":"https:\/\/roveyayinevi.com.tr\/index.php\/wp-json\/wp\/v2\/product"}],"about":[{"href":"https:\/\/roveyayinevi.com.tr\/index.php\/wp-json\/wp\/v2\/types\/product"}],"wp:attachment":[{"href":"https:\/\/roveyayinevi.com.tr\/index.php\/wp-json\/wp\/v2\/media?parent=723855"}],"wp:term":[{"taxonomy":"product_brand","embeddable":true,"href":"https:\/\/roveyayinevi.com.tr\/index.php\/wp-json\/wp\/v2\/product_brand?post=723855"},{"taxonomy":"product_cat","embeddable":true,"href":"https:\/\/roveyayinevi.com.tr\/index.php\/wp-json\/wp\/v2\/product_cat?post=723855"},{"taxonomy":"product_tag","embeddable":true,"href":"https:\/\/roveyayinevi.com.tr\/index.php\/wp-json\/wp\/v2\/product_tag?post=723855"}],"curies":[{"name":"wp","href":"https:\/\/api.w.org\/{rel}","templated":true}]}}