{"id":723854,"date":"2025-08-27T19:26:13","date_gmt":"2025-08-27T16:26:13","guid":{"rendered":"https:\/\/roveyayinevi.com.tr\/index.php\/urun\/doviz-kuru-ve-dis-ticaret-ankaradaki-firmalar-ornegi\/"},"modified":"2026-04-16T02:31:50","modified_gmt":"2026-04-15T23:31:50","slug":"doviz-kuru-ve-dis-ticaret-ankaradaki-firmalar-ornegi","status":"publish","type":"product","link":"https:\/\/roveyayinevi.com.tr\/index.php\/urun\/doviz-kuru-ve-dis-ticaret-ankaradaki-firmalar-ornegi\/","title":{"rendered":"D\u00f6viz Kuru ve D\u0131\u015f Ticaret Ankara&#8217;daki Firmalar \u00d6rne\u011fi"},"content":{"rendered":"<p>\u0130\u00e7indekiler 1.       B\u00f6l\u00fcm   1.       Giri\u015f 2.      B\u00f6l\u00fcm 1.       D\u00d6V\u0130Z KURU TEOR\u0130LER\u0130, S\u0130STEMLER\u0130 VE BEL\u0130RLEY\u0130C\u0130LER\u0130 a. D\u00f6viz Kuru Teorileri b.D\u00f6viz Kuru Sistemleri c. D\u00f6viz Kurunun Belirleyiciler 3.      B\u00f6l\u00fcm  1.       D\u00d6V\u0130Z KURU VE DI\u015e T\u0130CARET \u0130L\u0130\u015eK\u0130S\u0130 a. D\u00f6viz Kuru ile D\u0131\u015f Ticaret Aras\u0131nda \u0130li\u015fkinin Belirleyicileri 4.      B\u00f6l\u00fcm 1.       D\u00d6V\u0130Z KURU DALGALANMALARININ DI\u015e T\u0130CARET YAPAN F\u0130RMALARA ETK\u0130S\u0130: ANKARA \u0130L\u0130NDE B\u0130R UYGULAMA a. Ankara \u0130linin D\u0131\u015f Ticaret G\u00f6r\u00fcn\u00fcm\u00fc b.Ara\u015ft\u0131rman\u0131n Y\u00f6ntemi c. Ara\u015ft\u0131rman\u0131n Amac\u0131 ve \u00d6nemi d.Ara\u015ft\u0131rman\u0131n \u00d6rneklemi ve S\u0131n\u0131rl\u0131l\u0131klar\u0131 e. Kat\u0131l\u0131mc\u0131 \u0130\u015fletmelere Ait Tan\u0131mlay\u0131c\u0131 Bilgiler f.  Kat\u0131l\u0131mc\u0131 \u0130\u015fletmelerin D\u00f6viz Kuru Y\u00f6netimi g.Kat\u0131l\u0131mc\u0131 \u0130\u015fletmelerin D\u00f6viz Kuru Riski Y\u00f6netimi h.Ara\u015ft\u0131rma Bulgular\u0131n\u0131n De\u011ferlendirilmesi 5.      B\u00f6l\u00fcm 1.       YARARLANILAN KAYNAKLAR 2.       EKLER <\/p>\n","protected":false},"excerpt":{"rendered":"<p>\u0130\u00e7indekiler 1. B\u00f6l\u00fcm 1. Giri\u015f 2. B\u00f6l\u00fcm 1. D\u00d6V\u0130Z KURU TEOR\u0130LER\u0130, S\u0130STEMLER\u0130 VE BEL\u0130RLEY\u0130C\u0130LER\u0130 a. D\u00f6viz Kuru Teorileri b.D\u00f6viz Kuru Sistemleri c. D\u00f6viz Kurunun Belirleyiciler 3.<span class=\"excerpt-hellip\"> [\u2026]<\/span><\/p>\n","protected":false},"featured_media":0,"template":"","meta":{"_monsterinsights_skip_tracking":false,"_monsterinsights_sitenote_active":false,"_monsterinsights_sitenote_note":"","_monsterinsights_sitenote_category":0},"product_brand":[],"product_cat":[20333,13043],"product_tag":[],"class_list":{"0":"post-723854","1":"product","2":"type-product","3":"status-publish","5":"product_cat-diger-ekonomi","6":"product_cat-ekonomi","7":"pa_cilt-ciltsiz","8":"pa_tur-kitap","9":"pa_yayinevi-gazi-kitabevi","10":"pa_yazar-seda-guven-seda-ekmen-ozcelik","12":"first","13":"instock","14":"sale","15":"shipping-taxable","16":"purchasable","17":"product-type-simple"},"_links":{"self":[{"href":"https:\/\/roveyayinevi.com.tr\/index.php\/wp-json\/wp\/v2\/product\/723854","targetHints":{"allow":["GET"]}}],"collection":[{"href":"https:\/\/roveyayinevi.com.tr\/index.php\/wp-json\/wp\/v2\/product"}],"about":[{"href":"https:\/\/roveyayinevi.com.tr\/index.php\/wp-json\/wp\/v2\/types\/product"}],"wp:attachment":[{"href":"https:\/\/roveyayinevi.com.tr\/index.php\/wp-json\/wp\/v2\/media?parent=723854"}],"wp:term":[{"taxonomy":"product_brand","embeddable":true,"href":"https:\/\/roveyayinevi.com.tr\/index.php\/wp-json\/wp\/v2\/product_brand?post=723854"},{"taxonomy":"product_cat","embeddable":true,"href":"https:\/\/roveyayinevi.com.tr\/index.php\/wp-json\/wp\/v2\/product_cat?post=723854"},{"taxonomy":"product_tag","embeddable":true,"href":"https:\/\/roveyayinevi.com.tr\/index.php\/wp-json\/wp\/v2\/product_tag?post=723854"}],"curies":[{"name":"wp","href":"https:\/\/api.w.org\/{rel}","templated":true}]}}