{"id":723853,"date":"2025-08-27T19:26:12","date_gmt":"2025-08-27T16:26:12","guid":{"rendered":"https:\/\/roveyayinevi.com.tr\/index.php\/urun\/degas-sanatin-buyuk-ustalari\/"},"modified":"2026-03-12T02:40:46","modified_gmt":"2026-03-11T23:40:46","slug":"degas-sanatin-buyuk-ustalari","status":"publish","type":"product","link":"https:\/\/roveyayinevi.com.tr\/index.php\/urun\/degas-sanatin-buyuk-ustalari\/","title":{"rendered":"Degas &#8211; Sanat\u0131n B\u00fcy\u00fck Ustalar\u0131"},"content":{"rendered":"<p>&#8220;Balerinlerin ressam\u0131&#8221;, &#8220;dans\u0131n ressam\u0131&#8221;, &#8220;atlar\u0131n ressam\u0131&#8221; gibi \u00e7e\u015fitli s\u00f6zlerle tan\u0131mlanan Edgar Degas, on dokuzuncu y\u00fczy\u0131l\u0131n sonu ve yirminci y\u00fczy\u0131l\u0131n ba\u015f\u0131nda Bat\u0131 sanat\u0131 tarihine pek \u00e7ok y\u00f6nden damgas\u0131n\u0131 vurmu\u015f bir ressamd\u0131. \u0130zlenimcilik ak\u0131m\u0131n\u0131n kurucular\u0131 aras\u0131nda an\u0131lsa da asl\u0131nda kendisini bir \u0130zlenimci gibi g\u00f6rm\u00fcyordu \u00e7\u00fcnk\u00fc onlar gibi &#8220;a\u00e7\u0131k havada&#8221; resim yapmaktan ho\u015flanm\u0131yordu. O kadar ki, &#8220;Sanat spor de\u011fildir,&#8221; diyerek o t\u00fcr etkinlikleri neredeyse k\u00fc\u00e7\u00fcms\u00fcyordu. Neoklasizm, Romantizm gibi farkl\u0131 \u00fcsluplar\u0131 ustal\u0131kla harmanlayarak olduk\u00e7a \u00f6zg\u00fcn bir tarz geli\u015ftirmi\u015f, &#8220;modern hayata&#8221; \u00f6zg\u00fc yeni temalar\u0131 yeni bir g\u00f6rme bi\u00e7imiyle eserlerine i\u015flemi\u015fti. Sanat ya\u015fam\u0131 boyunca \u00fcretti\u011fi eserlerin ortak noktas\u0131 &#8220;hareket&#8221;ti. D\u00f6nemin teknolojik imk\u00e2nlar\u0131ndan faydalanmay\u0131 seviyor, &#8220;hareket&#8221;i, &#8220;eylem&#8221;i sanat\u0131n\u0131n merkezinde tutuyordu.Sosyal stat\u00fcn\u00fcn \u00f6nemine inan\u0131r ama alt s\u0131n\u0131ftan insanlar\u0131n ya\u015famlar\u0131na bir \u015fekilde dahil olmaktan ka\u00e7\u0131nmazd\u0131. Kad\u0131nlar\u0131 erkeklerden a\u015fa\u011f\u0131 varl\u0131klar olarak g\u00f6r\u00fcrd\u00fc ama en yak\u0131n arkada\u015flar\u0131n\u0131n \u00e7o\u011fu kad\u0131nlard\u0131. \u00c7ocuklar\u0131 sevmezdi ama arkada\u015flar\u0131n\u0131n ve akrabalar\u0131n\u0131n \u00e7ocuklar\u0131yla ho\u015f vakit ge\u00e7irirdi. Siyasi g\u00f6r\u00fc\u015f\u00fc olduk\u00e7a radikaldi \u00f6yle ki sonu\u00e7ta etraf\u0131nda neredeyse hi\u00e7 dostu kalmam\u0131\u015ft\u0131. \u0130yi bir koleksiyoner, yetenekli bir ressam, maharetli bir ustayd\u0131. Uzakdo\u011fu sanat\u0131n\u0131, fizyonomi ve anatomi ara\u015ft\u0131rmalar\u0131n\u0131 ilgiyle takip eder, okumaktan ve \u00e7al\u0131\u015fmaktan ho\u015flan\u0131rd\u0131. G\u00f6rme yetene\u011fini kaybetmeye ba\u015flad\u0131\u011f\u0131nda bile sanattan uzakla\u015fmad\u0131. Hi\u00e7 evlenmedi ve kay\u0131tlarda \u00e7ocu\u011fu oldu\u011funa dair bir belge bulunmad\u0131.Hayalperest Yay\u0131nevi\u2019nin \u201cSanat\u0131n B\u00fcy\u00fck Ustalar\u0131\u201d serisinde yer alan bu kitap, on dokuzuncu y\u00fczy\u0131l Bat\u0131 sanat\u0131 tarihinin tezatlarla dolu ressam\u0131 Edgar Degas\u2019n\u0131n ya\u015fam\u0131ndan ve eserlerinden kesitler sunuyor. Degas\u2019n\u0131n ya\u015fad\u0131\u011f\u0131 d\u00f6nemde h\u00e2kim toplumsal d\u00fczenin daha iyi anla\u015f\u0131lmas\u0131n\u0131, \u201cmodern sanat\u201d kavram\u0131n\u0131n k\u00f6klerinin at\u0131ld\u0131\u011f\u0131 tarihsel zemin hakk\u0131nda bilgi edinilmesini sa\u011flayan kitap, okuru tarihsel ve mitolojik sahnelerden bale kulisine, orkestra provas\u0131ndan hipodroma, \u00e7ama\u015f\u0131rhanelerden genelevlere kadar uzanan hareketli bir seyahate \u00e7\u0131kar\u0131yor; Mary Cassatt, Paul Gaugin, Pierre Bonnard, Pablo Picasso gibi ressamlara ilham veren Degas\u2019n\u0131n d\u00fcnyas\u0131na a\u00e7\u0131lan pencereyi aral\u0131yor.<\/p>\n","protected":false},"excerpt":{"rendered":"<p>&#8220;Balerinlerin ressam\u0131&#8221;, &#8220;dans\u0131n ressam\u0131&#8221;, &#8220;atlar\u0131n ressam\u0131&#8221; gibi \u00e7e\u015fitli s\u00f6zlerle tan\u0131mlanan Edgar Degas, on dokuzuncu y\u00fczy\u0131l\u0131n sonu ve yirminci y\u00fczy\u0131l\u0131n ba\u015f\u0131nda Bat\u0131 sanat\u0131 tarihine pek \u00e7ok y\u00f6nden<span class=\"excerpt-hellip\"> [\u2026]<\/span><\/p>\n","protected":false},"featured_media":0,"template":"","meta":{"_monsterinsights_skip_tracking":false,"_monsterinsights_sitenote_active":false,"_monsterinsights_sitenote_note":"","_monsterinsights_sitenote_category":0},"product_brand":[],"product_cat":[12408,14197],"product_tag":[],"class_list":{"0":"post-723853","1":"product","2":"type-product","3":"status-publish","5":"product_cat-sanat","6":"product_cat-sanat-tarihi","7":"pa_cilt-ciltsiz","8":"pa_tur-kitap","9":"pa_yayinevi-hayalperest-yayinlari","10":"pa_yazar-kolektif","12":"first","13":"instock","14":"sale","15":"shipping-taxable","16":"purchasable","17":"product-type-simple"},"_links":{"self":[{"href":"https:\/\/roveyayinevi.com.tr\/index.php\/wp-json\/wp\/v2\/product\/723853","targetHints":{"allow":["GET"]}}],"collection":[{"href":"https:\/\/roveyayinevi.com.tr\/index.php\/wp-json\/wp\/v2\/product"}],"about":[{"href":"https:\/\/roveyayinevi.com.tr\/index.php\/wp-json\/wp\/v2\/types\/product"}],"wp:attachment":[{"href":"https:\/\/roveyayinevi.com.tr\/index.php\/wp-json\/wp\/v2\/media?parent=723853"}],"wp:term":[{"taxonomy":"product_brand","embeddable":true,"href":"https:\/\/roveyayinevi.com.tr\/index.php\/wp-json\/wp\/v2\/product_brand?post=723853"},{"taxonomy":"product_cat","embeddable":true,"href":"https:\/\/roveyayinevi.com.tr\/index.php\/wp-json\/wp\/v2\/product_cat?post=723853"},{"taxonomy":"product_tag","embeddable":true,"href":"https:\/\/roveyayinevi.com.tr\/index.php\/wp-json\/wp\/v2\/product_tag?post=723853"}],"curies":[{"name":"wp","href":"https:\/\/api.w.org\/{rel}","templated":true}]}}