{"id":723852,"date":"2025-08-27T19:26:12","date_gmt":"2025-08-27T16:26:12","guid":{"rendered":"https:\/\/roveyayinevi.com.tr\/index.php\/urun\/brecht-estetigi-ve-sinema\/"},"modified":"2026-03-12T02:40:46","modified_gmt":"2026-03-11T23:40:46","slug":"brecht-estetigi-ve-sinema","status":"publish","type":"product","link":"https:\/\/roveyayinevi.com.tr\/index.php\/urun\/brecht-estetigi-ve-sinema\/","title":{"rendered":"Brecht Esteti\u011fi ve Sinema"},"content":{"rendered":"<p>Bertolt Brecht, olu\u015fturdu\u011fu tiyatro kuram\u0131yla 20. y\u00fczy\u0131l Alman tiyatrosunun en \u00f6nemli ismi olmu\u015ftur. Epik, bir di\u011fer ad\u0131yla diyalektik tiyatro kavram\u0131n\u0131 geli\u015ftirmesiyle tiyatroya Aristoteles\u2019ten bu yana kurulmu\u015f geleneksel tragedyadan farkl\u0131 bir yakla\u015f\u0131m getirerek yenilik\u00e7i bir ad\u0131m atan Brecht\u2019in kuram\u0131, sinemay\u0131 da etkiler.   Brecht Esteti\u011fi ve Sinema, sinemaya Brecht\u2019in ortaya koymu\u015f oldu\u011fu estetik kuram\u0131 a\u00e7\u0131s\u0131ndan bak\u0131yor. Sinemada Brechtyen etkiyi ve esteti\u011fi a\u00e7\u0131mlayan bu k\u00fc\u00e7\u00fck kitap, Brecht esteti\u011finin ilkelerini yal\u0131n bir anlat\u0131mla sistematize ederken Brecht tiyatrosu ile Aristoteles\u2019in geleneksel tragedyas\u0131 aras\u0131ndaki farklara da de\u011finiyor.   Vertov ve Eisenstein gibi ilk ku\u015fak Sovyet sinemac\u0131lar\u0131n; Pontecorvo, Ferreri, Pasolini, Fellini, FrancescoRosi gibi \u0130talyan y\u00f6netmenlerin; Bergman, SlatanDudow, Resnais, TheoAngelopoulos, Jean-LucGodard gibi \u00fcnl\u00fc y\u00f6netmenlerin eserlerini Brecht esteti\u011fi \u00e7er\u00e7evesinde inceleyen kitap, kuram\u0131n okurun zihninde sa\u011flam bir temele oturmas\u0131n\u0131 sa\u011fl\u0131yor. Brecht Esteti\u011fi ve Sinema, farkl\u0131 bir perspektif olu\u015fturmak isteyen her okur ve sinemasever i\u00e7in uygun bir kaynak niteli\u011fi ta\u015f\u0131yor. Hayalperest Yay\u0131nevi olarak Mutlu Parkan\u2019\u0131n bir klasik haline gelmi\u015f detayl\u0131 incelemesini geni\u015fletilmi\u015f hali ile sizlere sunuyoruz. <\/p>\n","protected":false},"excerpt":{"rendered":"<p>Bertolt Brecht, olu\u015fturdu\u011fu tiyatro kuram\u0131yla 20. y\u00fczy\u0131l Alman tiyatrosunun en \u00f6nemli ismi olmu\u015ftur. Epik, bir di\u011fer ad\u0131yla diyalektik tiyatro kavram\u0131n\u0131 geli\u015ftirmesiyle tiyatroya Aristoteles\u2019ten bu yana kurulmu\u015f<span class=\"excerpt-hellip\"> [\u2026]<\/span><\/p>\n","protected":false},"featured_media":0,"template":"","meta":{"_monsterinsights_skip_tracking":false,"_monsterinsights_sitenote_active":false,"_monsterinsights_sitenote_note":"","_monsterinsights_sitenote_category":0},"product_brand":[],"product_cat":[12409,12408],"product_tag":[],"class_list":{"0":"post-723852","1":"product","2":"type-product","3":"status-publish","5":"product_cat-fotograf-sinema-tiyatro","6":"product_cat-sanat","7":"pa_cilt-ciltsiz","8":"pa_tur-kitap","9":"pa_yayinevi-hayalperest-yayinlari","10":"pa_yazar-mutlu-parkan","12":"first","13":"instock","14":"sale","15":"shipping-taxable","16":"purchasable","17":"product-type-simple"},"_links":{"self":[{"href":"https:\/\/roveyayinevi.com.tr\/index.php\/wp-json\/wp\/v2\/product\/723852","targetHints":{"allow":["GET"]}}],"collection":[{"href":"https:\/\/roveyayinevi.com.tr\/index.php\/wp-json\/wp\/v2\/product"}],"about":[{"href":"https:\/\/roveyayinevi.com.tr\/index.php\/wp-json\/wp\/v2\/types\/product"}],"wp:attachment":[{"href":"https:\/\/roveyayinevi.com.tr\/index.php\/wp-json\/wp\/v2\/media?parent=723852"}],"wp:term":[{"taxonomy":"product_brand","embeddable":true,"href":"https:\/\/roveyayinevi.com.tr\/index.php\/wp-json\/wp\/v2\/product_brand?post=723852"},{"taxonomy":"product_cat","embeddable":true,"href":"https:\/\/roveyayinevi.com.tr\/index.php\/wp-json\/wp\/v2\/product_cat?post=723852"},{"taxonomy":"product_tag","embeddable":true,"href":"https:\/\/roveyayinevi.com.tr\/index.php\/wp-json\/wp\/v2\/product_tag?post=723852"}],"curies":[{"name":"wp","href":"https:\/\/api.w.org\/{rel}","templated":true}]}}