{"id":723851,"date":"2025-08-27T19:26:11","date_gmt":"2025-08-27T16:26:11","guid":{"rendered":"https:\/\/roveyayinevi.com.tr\/index.php\/urun\/sanatcinin-gercekligi-sanat-felsefesi\/"},"modified":"2026-03-12T02:40:46","modified_gmt":"2026-03-11T23:40:46","slug":"sanatcinin-gercekligi-sanat-felsefesi","status":"publish","type":"product","link":"https:\/\/roveyayinevi.com.tr\/index.php\/urun\/sanatcinin-gercekligi-sanat-felsefesi\/","title":{"rendered":"Sanat\u00e7\u0131n\u0131n Ger\u00e7ekli\u011fi Sanat Felsefesi"},"content":{"rendered":"<p>\u201cSanat\u00e7\u0131n\u0131n o\u011flu Christopher Rothko taraf\u0131ndan zevkle ve sa\u011fduyuyla g\u00f6zden ge\u00e7irilen bu yay\u0131n\u0131n b\u00fcy\u00fck olay oldu\u011funu s\u00f6ylemenin hi\u00e7 de abart\u0131l\u0131 olaca\u011f\u0131n\u0131 d\u00fc\u015f\u00fcnm\u00fcyorum. Bu, sanatsal olgunlu\u011funa eri\u015fmenin e\u015fi\u011findeki esasl\u0131 bir Amerikan ressam\u0131 taraf\u0131ndan ince elenip s\u0131k dokunarak haz\u0131rlanm\u0131\u015f kapsaml\u0131 bir sanat teorisidir.\u201d Jed Perl, New Republic   Yirminci y\u00fczy\u0131l\u0131n en \u00f6nemli sanat\u00e7\u0131lar\u0131ndan biri olan Mark Rothko (1903 &#8211; 1970) kariyeri s\u00fcresince yeni ve co\u015fkulu bir soyut resim bi\u00e7imi yaratm\u0131\u015ft\u0131r. Ya\u015fam\u0131 boyunca \u00e7ok say\u0131da makale ve ele\u015ftiri de yay\u0131mlayarak d\u00fc\u015f\u00fcnceli, anlay\u0131\u015fl\u0131 ve bildi\u011finden \u015fa\u015fmaz sesini \u00e7a\u011fda\u015f sanat d\u00fcnyas\u0131nda duyurmu\u015ftur. Hayattayken bu \u00e7ok \u00e7e\u015fitli ve karma\u015f\u0131k fikirlerini bir kitapta toplayarak yay\u0131mlamad\u0131ysa da Rothko\u2019nun varisleri, Rothko\u2019nun zaman zaman arkada\u015flar\u0131 ve i\u015f \u00e7evresi aras\u0131nda b\u00f6yle bir metinden s\u00f6z etti\u011fini belirtmi\u015ftir.   Muhtemelen 1940 \u2013 41 y\u0131llar\u0131nda yaz\u0131lm\u0131\u015f olup sanat\u00e7\u0131n\u0131n otuzu a\u015fk\u0131n y\u0131l \u00f6nceki \u00f6l\u00fcm\u00fcnden bu yana bir depoda bekleyen bu ayd\u0131nlat\u0131c\u0131 kitap Rothko\u2019nun modern sanat d\u00fcnyas\u0131, sanat tarihi, mit, g\u00fczellik, sanat\u00e7\u0131 olman\u0131n toplum i\u00e7inde neden oldu\u011fu zorluklar, \u201cAmerikan sanat\u0131\u201dn\u0131n hakiki do\u011fas\u0131 ve daha pek \u00e7ok konu hakk\u0131ndaki d\u00fc\u015f\u00fcncelerini ortaya koymaktad\u0131r. Sanat\u00e7\u0131n\u0131n Ger\u00e7ekli\u011fi metnin bulundu\u011fu andan itibaren bas\u0131ma haz\u0131r hale getirilene dek ya\u015fanan karma\u015f\u0131k ve b\u00fcy\u00fcleyici s\u00fcreci payla\u015fan Christopher Rothko\u2019nun giri\u015f yaz\u0131s\u0131yla okuyucuya sunulmaktad\u0131r. <\/p>\n","protected":false},"excerpt":{"rendered":"<p>\u201cSanat\u00e7\u0131n\u0131n o\u011flu Christopher Rothko taraf\u0131ndan zevkle ve sa\u011fduyuyla g\u00f6zden ge\u00e7irilen bu yay\u0131n\u0131n b\u00fcy\u00fck olay oldu\u011funu s\u00f6ylemenin hi\u00e7 de abart\u0131l\u0131 olaca\u011f\u0131n\u0131 d\u00fc\u015f\u00fcnm\u00fcyorum. Bu, sanatsal olgunlu\u011funa eri\u015fmenin e\u015fi\u011findeki<span class=\"excerpt-hellip\"> [\u2026]<\/span><\/p>\n","protected":false},"featured_media":0,"template":"","meta":{"_monsterinsights_skip_tracking":false,"_monsterinsights_sitenote_active":false,"_monsterinsights_sitenote_note":"","_monsterinsights_sitenote_category":0},"product_brand":[],"product_cat":[12408],"product_tag":[],"class_list":{"0":"post-723851","1":"product","2":"type-product","3":"status-publish","5":"product_cat-sanat","6":"pa_cilt-ciltsiz","7":"pa_tur-kitap","8":"pa_yayinevi-hayalperest-yayinlari","9":"pa_yazar-mark-rothko","11":"first","12":"instock","13":"sale","14":"shipping-taxable","15":"purchasable","16":"product-type-simple"},"_links":{"self":[{"href":"https:\/\/roveyayinevi.com.tr\/index.php\/wp-json\/wp\/v2\/product\/723851","targetHints":{"allow":["GET"]}}],"collection":[{"href":"https:\/\/roveyayinevi.com.tr\/index.php\/wp-json\/wp\/v2\/product"}],"about":[{"href":"https:\/\/roveyayinevi.com.tr\/index.php\/wp-json\/wp\/v2\/types\/product"}],"wp:attachment":[{"href":"https:\/\/roveyayinevi.com.tr\/index.php\/wp-json\/wp\/v2\/media?parent=723851"}],"wp:term":[{"taxonomy":"product_brand","embeddable":true,"href":"https:\/\/roveyayinevi.com.tr\/index.php\/wp-json\/wp\/v2\/product_brand?post=723851"},{"taxonomy":"product_cat","embeddable":true,"href":"https:\/\/roveyayinevi.com.tr\/index.php\/wp-json\/wp\/v2\/product_cat?post=723851"},{"taxonomy":"product_tag","embeddable":true,"href":"https:\/\/roveyayinevi.com.tr\/index.php\/wp-json\/wp\/v2\/product_tag?post=723851"}],"curies":[{"name":"wp","href":"https:\/\/api.w.org\/{rel}","templated":true}]}}