{"id":723849,"date":"2025-08-27T19:26:10","date_gmt":"2025-08-27T16:26:10","guid":{"rendered":"https:\/\/roveyayinevi.com.tr\/index.php\/urun\/siyasete-katilim-ve-toplumsal-hareketler\/"},"modified":"2026-04-16T02:31:50","modified_gmt":"2026-04-15T23:31:50","slug":"siyasete-katilim-ve-toplumsal-hareketler","status":"publish","type":"product","link":"https:\/\/roveyayinevi.com.tr\/index.php\/urun\/siyasete-katilim-ve-toplumsal-hareketler\/","title":{"rendered":"Siyasete Kat\u0131l\u0131m ve Toplumsal Hareketler"},"content":{"rendered":"<p>Toplumu olu\u015fturan bireylerin siyasete kat\u0131l\u0131m yo\u011funluklar\u0131nda ve \u015fekillerinde farkl\u0131l\u0131klar bulunmakta; Robert Dahl, kat\u0131l\u0131m\u0131n d\u00f6rt boyutunu ilgi, \u00f6nemseme, bilgi ve eylem \u015feklinde s\u0131ralamaktad\u0131r. Elinizdeki kitapta siyasete kat\u0131l\u0131m\u0131n eylem boyutunda yer alan, Nisan 1960 \u00f6\u011frenci olaylar\u0131 ile Gezi Park\u0131 olaylar\u0131 kar\u015f\u0131la\u015ft\u0131rmal\u0131 y\u00f6ntemle incelenmi\u015ftir. Bahsi ge\u00e7en toplumsal hareketler, siyasete kat\u0131l\u0131m\u0131n bir \u015fekli olarak de\u011ferlendirildi\u011finden, siyasete t\u00fcm vatanda\u015flar\u0131n faal olarak kat\u0131lmas\u0131 gerekti\u011fini savunan m\u00fczakereci demokrasi kuram\u0131 kitab\u0131n kuramsal \u00e7er\u00e7evesini olu\u015fturmu\u015ftur.\u00c7al\u0131\u015fmada yaz\u0131n taramas\u0131n\u0131n yan\u0131 s\u0131ra nitel ve nicel ara\u015ft\u0131rma y\u00f6ntemleri birlikte kullan\u0131larak incelenen iki olay derinlemesine analiz edilmi\u015f; olaylar aras\u0131nda benzerlikler ve farkl\u0131l\u0131klar ortaya konulmu\u015f ve yorumlanm\u0131\u015ft\u0131r. Bu ba\u011flamda, ele al\u0131nan toplumsal hareketlerin bir\u00e7ok noktada benzerlik g\u00f6sterdi\u011fi; toplumsal harekete yakla\u015f\u0131m\u0131n m\u00fczakereci demokrasi kuram\u0131yla ba\u011fda\u015fmad\u0131\u011f\u0131 ve iktidar nezdinde se\u00e7im sonu\u00e7lar\u0131na odaklanan bir demokrasi anlay\u0131\u015f\u0131n\u0131n mevcut bulundu\u011fu sonu\u00e7lar\u0131na ula\u015f\u0131lm\u0131\u015ft\u0131r. <\/p>\n","protected":false},"excerpt":{"rendered":"<p>Toplumu olu\u015fturan bireylerin siyasete kat\u0131l\u0131m yo\u011funluklar\u0131nda ve \u015fekillerinde farkl\u0131l\u0131klar bulunmakta; Robert Dahl, kat\u0131l\u0131m\u0131n d\u00f6rt boyutunu ilgi, \u00f6nemseme, bilgi ve eylem \u015feklinde s\u0131ralamaktad\u0131r. Elinizdeki kitapta siyasete kat\u0131l\u0131m\u0131n<span class=\"excerpt-hellip\"> [\u2026]<\/span><\/p>\n","protected":false},"featured_media":0,"template":"","meta":{"_monsterinsights_skip_tracking":false,"_monsterinsights_sitenote_active":false,"_monsterinsights_sitenote_note":"","_monsterinsights_sitenote_category":0},"product_brand":[],"product_cat":[12337,14543],"product_tag":[],"class_list":{"0":"post-723849","1":"product","2":"type-product","3":"status-publish","5":"product_cat-politika-siyaset","6":"product_cat-turkiye-siyaseti-ve-politikasi","7":"pa_cilt-ciltsiz","8":"pa_tur-kitap","9":"pa_yayinevi-astana-yayinlari","10":"pa_yazar-sedef-zeyrekli-yas","12":"first","13":"instock","14":"sale","15":"shipping-taxable","16":"purchasable","17":"product-type-simple"},"_links":{"self":[{"href":"https:\/\/roveyayinevi.com.tr\/index.php\/wp-json\/wp\/v2\/product\/723849","targetHints":{"allow":["GET"]}}],"collection":[{"href":"https:\/\/roveyayinevi.com.tr\/index.php\/wp-json\/wp\/v2\/product"}],"about":[{"href":"https:\/\/roveyayinevi.com.tr\/index.php\/wp-json\/wp\/v2\/types\/product"}],"wp:attachment":[{"href":"https:\/\/roveyayinevi.com.tr\/index.php\/wp-json\/wp\/v2\/media?parent=723849"}],"wp:term":[{"taxonomy":"product_brand","embeddable":true,"href":"https:\/\/roveyayinevi.com.tr\/index.php\/wp-json\/wp\/v2\/product_brand?post=723849"},{"taxonomy":"product_cat","embeddable":true,"href":"https:\/\/roveyayinevi.com.tr\/index.php\/wp-json\/wp\/v2\/product_cat?post=723849"},{"taxonomy":"product_tag","embeddable":true,"href":"https:\/\/roveyayinevi.com.tr\/index.php\/wp-json\/wp\/v2\/product_tag?post=723849"}],"curies":[{"name":"wp","href":"https:\/\/api.w.org\/{rel}","templated":true}]}}